{"id":102,"date":"2025-09-23T08:07:19","date_gmt":"2025-09-23T08:07:19","guid":{"rendered":"https:\/\/fin.charity.wp2.kotisivut.com\/?page_id=102"},"modified":"2025-11-04T14:20:02","modified_gmt":"2025-11-04T14:20:02","slug":"kristityille","status":"publish","type":"page","link":"https:\/\/finmission.fi\/en\/kristityille\/","title":{"rendered":"What is FIN: for Christians"},"content":{"rendered":"<div data-elementor-type=\"wp-page\" data-elementor-id=\"102\" class=\"elementor elementor-102\" data-elementor-post-type=\"page\">\n\t\t\t\t<div class=\"elementor-element elementor-element-4ffd28a e-flex e-con-boxed e-con e-parent\" data-id=\"4ffd28a\" data-element_type=\"container\" data-e-type=\"container\">\n\t\t\t\t\t<div class=\"e-con-inner\">\n\t\t\t\t<div class=\"elementor-element elementor-element-dea06dc elementor-hidden-desktop elementor-hidden-tablet elementor-widget elementor-widget-heading\" data-id=\"dea06dc\" data-element_type=\"widget\" data-e-type=\"widget\" data-widget_type=\"heading.default\">\n\t\t\t\t\t<h2 class=\"elementor-heading-title elementor-size-default\">FOR CHRISTIANS<\/h2>\t\t\t\t<\/div>\n\t\t\t\t\t<\/div>\n\t\t\t\t<\/div>\n\t\t<div class=\"elementor-element elementor-element-ea5bfd4 e-flex e-con-boxed e-con e-parent\" data-id=\"ea5bfd4\" data-element_type=\"container\" data-e-type=\"container\">\n\t\t\t\t\t<div class=\"e-con-inner\">\n\t\t<div class=\"elementor-element elementor-element-a0e3c51 e-con-full e-flex e-con e-child\" data-id=\"a0e3c51\" data-element_type=\"container\" data-e-type=\"container\">\n\t\t\t\t<div class=\"elementor-element elementor-element-8edcc35 elementor-hidden-mobile elementor-widget elementor-widget-heading\" data-id=\"8edcc35\" data-element_type=\"widget\" data-e-type=\"widget\" data-widget_type=\"heading.default\">\n\t\t\t\t\t<h2 class=\"elementor-heading-title elementor-size-default\">FOR CHRISTIANS<\/h2>\t\t\t\t<\/div>\n\t\t\t\t<\/div>\n\t\t<div class=\"elementor-element elementor-element-45b8f87 e-con-full e-flex e-con e-child\" data-id=\"45b8f87\" data-element_type=\"container\" data-e-type=\"container\">\n\t\t\t\t<div class=\"elementor-element elementor-element-97b435e elementor-hidden-mobile elementor-widget elementor-widget-image\" data-id=\"97b435e\" data-element_type=\"widget\" data-e-type=\"widget\" data-widget_type=\"image.default\">\n\t\t\t\t\t\t\t\t\t\t\t\t\t\t\t<img fetchpriority=\"high\" decoding=\"async\" width=\"538\" height=\"416\" src=\"https:\/\/finmission.fi\/wp-content\/uploads\/2025\/10\/jeesus.jpg\" class=\"attachment-large size-large wp-image-670\" alt=\"\" srcset=\"https:\/\/finmission.fi\/wp-content\/uploads\/2025\/10\/jeesus.jpg 538w, https:\/\/finmission.fi\/wp-content\/uploads\/2025\/10\/jeesus-300x232.jpg 300w, https:\/\/finmission.fi\/wp-content\/uploads\/2025\/10\/jeesus-16x12.jpg 16w\" sizes=\"(max-width: 538px) 100vw, 538px\" \/>\t\t\t\t\t\t\t\t\t\t\t\t\t\t\t<\/div>\n\t\t\t\t<div class=\"elementor-element elementor-element-729ec27 elementor-hidden-desktop elementor-hidden-tablet elementor-widget elementor-widget-image\" data-id=\"729ec27\" data-element_type=\"widget\" data-e-type=\"widget\" data-widget_type=\"image.default\">\n\t\t\t\t\t\t\t\t\t\t\t\t\t\t\t<img decoding=\"async\" width=\"800\" height=\"346\" src=\"https:\/\/finmission.fi\/wp-content\/uploads\/2025\/10\/jesus-1-1024x443.jpg\" class=\"attachment-large size-large wp-image-671\" alt=\"\" srcset=\"https:\/\/finmission.fi\/wp-content\/uploads\/2025\/10\/jesus-1-1024x443.jpg 1024w, https:\/\/finmission.fi\/wp-content\/uploads\/2025\/10\/jesus-1-300x130.jpg 300w, https:\/\/finmission.fi\/wp-content\/uploads\/2025\/10\/jesus-1-768x332.jpg 768w, https:\/\/finmission.fi\/wp-content\/uploads\/2025\/10\/jesus-1-18x8.jpg 18w, https:\/\/finmission.fi\/wp-content\/uploads\/2025\/10\/jesus-1.jpg 1109w\" sizes=\"(max-width: 800px) 100vw, 800px\" \/>\t\t\t\t\t\t\t\t\t\t\t\t\t\t\t<\/div>\n\t\t\t\t<\/div>\n\t\t<div class=\"elementor-element elementor-element-2267dec e-con-full e-flex e-con e-child\" data-id=\"2267dec\" data-element_type=\"container\" data-e-type=\"container\">\n\t\t\t\t<div class=\"elementor-element elementor-element-ef3c446 elementor-widget elementor-widget-text-editor\" data-id=\"ef3c446\" data-element_type=\"widget\" data-e-type=\"widget\" data-widget_type=\"text-editor.default\">\n\t\t\t\t\t\t\t\t\t<p class=\"p1 translation-block\">In 1983, the \u201cFriday for Christ\u201d evangelism campaign was launched in the Finnish capital, Helsinki. It brought together hundreds of Christians to spread the gospel in many different ways in the metropolitan area. Contrary to many doubts, the activities continued year after year and eventually expanded into a significant missionary organization on three different continents, Asia, Africa and Europe.<\/p><p class=\"p1 translation-block\">It all started with a vision given by the Holy Spirit. It showed that nothing is impossible\nwhen you set out on your work dependent on God\u2019s power and help.<\/p><p class=\"p1 translation-block\">The mission organization One Way Mission was born completely out of nothing and grew\nwithout any financial support or help from any denomination or state.<\/p><p class=\"p1 translation-block\">Everything that One Way Mission founder Tapani Suonto has experienced over the\ndecades is possible for anyone and anywhere. Even a small person can have a strong\nimpact even on the other side of the world when they set out in the guidance and power of\nthe Holy Spirit.<\/p>\t\t\t\t\t\t\t\t<\/div>\n\t\t\t\t<\/div>\n\t\t\t\t\t<\/div>\n\t\t\t\t<\/div>\n\t\t<div class=\"elementor-element elementor-element-4c1934a e-flex e-con-boxed e-con e-parent\" data-id=\"4c1934a\" data-element_type=\"container\" data-e-type=\"container\">\n\t\t\t\t\t<div class=\"e-con-inner\">\n\t\t<div class=\"elementor-element elementor-element-b20b218 e-con-full e-flex e-con e-child\" data-id=\"b20b218\" data-element_type=\"container\" data-e-type=\"container\">\n\t\t\t\t<div class=\"elementor-element elementor-element-1fa82a7 elementor-widget elementor-widget-heading\" data-id=\"1fa82a7\" data-element_type=\"widget\" data-e-type=\"widget\" data-widget_type=\"heading.default\">\n\t\t\t\t\t<h2 class=\"elementor-heading-title elementor-size-default\">VISION<\/h2>\t\t\t\t<\/div>\n\t\t\t\t<div class=\"elementor-element elementor-element-b6b91b2 elementor-widget elementor-widget-text-editor\" data-id=\"b6b91b2\" data-element_type=\"widget\" data-e-type=\"widget\" data-widget_type=\"text-editor.default\">\n\t\t\t\t\t\t\t\t\t<p class=\"p1 translation-block\">Tapani Suonto has set out again and founded the \u201cFishermen\u00b4s International Network\u201d (FIN).<\/p><p class=\"p1\">The network offers support and opportunities to everyone who wants to experience what Jesus said: \u201cFollow me and I will make you fishers of men.\u201d Alone we are weak, but together we can achieve much when we support each other. <i>\u201cFollow me, and I will make you fishers of men.\u201d<\/i> Individually we are weak, but together, by supporting each other, we can accomplish great things.<\/p>\t\t\t\t\t\t\t\t<\/div>\n\t\t\t\t<div class=\"elementor-element elementor-element-1d3c757 elementor-widget elementor-widget-button\" data-id=\"1d3c757\" data-element_type=\"widget\" data-e-type=\"widget\" data-widget_type=\"button.default\">\n\t\t\t\t\t\t\t\t\t\t<a class=\"elementor-button elementor-button-link elementor-size-sm elementor-animation-grow\" href=\"https:\/\/www.youtube.com\/watch?v=ANHwiiNZhF0\" target=\"_blank\">\n\t\t\t\t\t\t<span class=\"elementor-button-content-wrapper\">\n\t\t\t\t\t\t\t\t\t<span class=\"elementor-button-text\">\u279c WHAT IS FIN (VIDEO)<\/span>\n\t\t\t\t\t<\/span>\n\t\t\t\t\t<\/a>\n\t\t\t\t\t\t\t\t<\/div>\n\t\t\t\t<\/div>\n\t\t<div class=\"elementor-element elementor-element-3a69bf0 e-con-full e-flex e-con e-child\" data-id=\"3a69bf0\" data-element_type=\"container\" data-e-type=\"container\">\n\t\t\t\t<div class=\"elementor-element elementor-element-37d8621 elementor-widget elementor-widget-image\" data-id=\"37d8621\" data-element_type=\"widget\" data-e-type=\"widget\" data-widget_type=\"image.default\">\n\t\t\t\t\t\t\t\t\t\t\t\t\t\t\t<img decoding=\"async\" width=\"720\" height=\"480\" src=\"https:\/\/finmission.fi\/wp-content\/uploads\/2025\/10\/480_F_43508449_Tg0JC4uf6qXCK1sJz8IJCQSI7j4WmyL5.jpg\" class=\"attachment-large size-large wp-image-1014\" alt=\"\" srcset=\"https:\/\/finmission.fi\/wp-content\/uploads\/2025\/10\/480_F_43508449_Tg0JC4uf6qXCK1sJz8IJCQSI7j4WmyL5.jpg 720w, https:\/\/finmission.fi\/wp-content\/uploads\/2025\/10\/480_F_43508449_Tg0JC4uf6qXCK1sJz8IJCQSI7j4WmyL5-300x200.jpg 300w, https:\/\/finmission.fi\/wp-content\/uploads\/2025\/10\/480_F_43508449_Tg0JC4uf6qXCK1sJz8IJCQSI7j4WmyL5-18x12.jpg 18w\" sizes=\"(max-width: 720px) 100vw, 720px\" \/>\t\t\t\t\t\t\t\t\t\t\t\t\t\t\t<\/div>\n\t\t\t\t<\/div>\n\t\t\t\t\t<\/div>\n\t\t\t\t<\/div>\n\t\t<div class=\"elementor-element elementor-element-31e9051 e-flex e-con-boxed e-con e-parent\" data-id=\"31e9051\" data-element_type=\"container\" data-e-type=\"container\" data-settings=\"{&quot;background_background&quot;:&quot;video&quot;,&quot;background_video_link&quot;:&quot;https:\\\/\\\/www.youtube.com\\\/watch?v=_Sl8diqCAFw&quot;,&quot;background_play_on_mobile&quot;:&quot;yes&quot;}\">\n\t\t\t\t\t<div class=\"e-con-inner\">\n\t\t<div class=\"elementor-background-video-container\">\n\t\t\t\t\t\t\t<div class=\"elementor-background-video-embed\" role=\"presentation\"><\/div>\n\t\t\t\t\t\t<\/div>\t\t<div class=\"elementor-element elementor-element-6900339 elementor-widget elementor-widget-heading\" data-id=\"6900339\" data-element_type=\"widget\" data-e-type=\"widget\" data-widget_type=\"heading.default\">\n\t\t\t\t\t<h2 class=\"elementor-heading-title elementor-size-default\">MOTIVATION<\/h2>\t\t\t\t<\/div>\n\t\t\t\t<div class=\"elementor-element elementor-element-b9eabfa elementor-widget elementor-widget-text-editor\" data-id=\"b9eabfa\" data-element_type=\"widget\" data-e-type=\"widget\" data-widget_type=\"text-editor.default\">\n\t\t\t\t\t\t\t\t\t<p class=\"p1\">Tapani Suonto says:<br \/><br \/><i>\"For decades I have observed the enormous needs and opportunities in evangelism and missionary work that remain unused. There are millions of Christians in the world who could be a great blessing both in their own homeland and in distant mission fields, but they only sit in the pews of their churches, feeling unnecessary. They must be helped to step forward under the guidance of the Holy Spirit and act for the good of their neighbors both in their homeland and in distant mission fields.\"<\/i><\/p>\t\t\t\t\t\t\t\t<\/div>\n\t\t\t\t\t<\/div>\n\t\t\t\t<\/div>\n\t\t<div class=\"elementor-element elementor-element-37bc9b5 e-flex e-con-boxed e-con e-parent\" data-id=\"37bc9b5\" data-element_type=\"container\" data-e-type=\"container\">\n\t\t\t\t\t<div class=\"e-con-inner\">\n\t\t<div class=\"elementor-element elementor-element-7482b9a e-con-full e-flex e-con e-child\" data-id=\"7482b9a\" data-element_type=\"container\" data-e-type=\"container\">\n\t\t\t\t<div class=\"elementor-element elementor-element-f06cef7 elementor-widget elementor-widget-image\" data-id=\"f06cef7\" data-element_type=\"widget\" data-e-type=\"widget\" data-widget_type=\"image.default\">\n\t\t\t\t\t\t\t\t\t\t\t\t\t\t\t<img loading=\"lazy\" decoding=\"async\" width=\"361\" height=\"289\" src=\"https:\/\/finmission.fi\/wp-content\/uploads\/2025\/10\/pray.png\" class=\"attachment-large size-large wp-image-662\" alt=\"\" srcset=\"https:\/\/finmission.fi\/wp-content\/uploads\/2025\/10\/pray.png 361w, https:\/\/finmission.fi\/wp-content\/uploads\/2025\/10\/pray-300x240.png 300w, https:\/\/finmission.fi\/wp-content\/uploads\/2025\/10\/pray-15x12.png 15w\" sizes=\"(max-width: 361px) 100vw, 361px\" \/>\t\t\t\t\t\t\t\t\t\t\t\t\t\t\t<\/div>\n\t\t\t\t<\/div>\n\t\t<div class=\"elementor-element elementor-element-203d589 e-con-full e-flex e-con e-child\" data-id=\"203d589\" data-element_type=\"container\" data-e-type=\"container\">\n\t\t\t\t<div class=\"elementor-element elementor-element-af7a852 elementor-widget elementor-widget-heading\" data-id=\"af7a852\" data-element_type=\"widget\" data-e-type=\"widget\" data-widget_type=\"heading.default\">\n\t\t\t\t\t<h2 class=\"elementor-heading-title elementor-size-default\">THEOLOGICAL PRINCIPLES<\/h2>\t\t\t\t<\/div>\n\t\t\t\t<div class=\"elementor-element elementor-element-4099890 elementor-widget elementor-widget-text-editor\" data-id=\"4099890\" data-element_type=\"widget\" data-e-type=\"widget\" data-widget_type=\"text-editor.default\">\n\t\t\t\t\t\t\t\t\t<p class=\"p1\">FIN is a Protestant movement that is committed to traditional Protestant beliefs and values \u200b\u200bin its activities.<\/p><p class=\"p1\">We acknowledge the Bible as the revelation of God and remain faithful to its teachings and principles.<\/p><p class=\"p1\">FIN represents the traditional gospel of the cross - not new theological trends.<\/p><p class=\"p1\">cooperation will not create new conflicts within its own community, but that FIN will be a blessing and building block for everyone.<\/p>\t\t\t\t\t\t\t\t<\/div>\n\t\t\t\t<\/div>\n\t\t\t\t\t<\/div>\n\t\t\t\t<\/div>\n\t\t<div class=\"elementor-element elementor-element-dcc9d6b e-flex e-con-boxed e-con e-parent\" data-id=\"dcc9d6b\" data-element_type=\"container\" data-e-type=\"container\">\n\t\t\t\t\t<div class=\"e-con-inner\">\n\t\t<div class=\"elementor-element elementor-element-3f22548 e-con-full e-flex e-con e-child\" data-id=\"3f22548\" data-element_type=\"container\" data-e-type=\"container\">\n\t\t\t\t<div class=\"elementor-element elementor-element-8a1a202 elementor-widget elementor-widget-heading\" data-id=\"8a1a202\" data-element_type=\"widget\" data-e-type=\"widget\" data-widget_type=\"heading.default\">\n\t\t\t\t\t<h2 class=\"elementor-heading-title elementor-size-default\">JOIN US<\/h2>\t\t\t\t<\/div>\n\t\t\t\t<div class=\"elementor-element elementor-element-ca7e39a elementor-widget elementor-widget-text-editor\" data-id=\"ca7e39a\" data-element_type=\"widget\" data-e-type=\"widget\" data-widget_type=\"text-editor.default\">\n\t\t\t\t\t\t\t\t\t<p class=\"p1\">You too can join us in working for the benefit of your neighbors. Leave your contact information in the form below, and you will receive up-to-date information about upcoming events and opportunities to \u201cfish\u201d with others. We will also tell you about current challenges and prayer topics that you can carry with us before God. Your contact information will not be shared, it is confidential.<\/p>\t\t\t\t\t\t\t\t<\/div>\n\t\t\t\t<\/div>\n\t\t<div class=\"elementor-element elementor-element-bd6e254 e-con-full e-flex e-con e-child\" data-id=\"bd6e254\" data-element_type=\"container\" data-e-type=\"container\">\n\t\t\t\t<div class=\"elementor-element elementor-element-c09401d elementor-widget elementor-widget-image\" data-id=\"c09401d\" data-element_type=\"widget\" data-e-type=\"widget\" data-widget_type=\"image.default\">\n\t\t\t\t\t\t\t\t\t\t\t\t\t\t\t<img loading=\"lazy\" decoding=\"async\" width=\"647\" height=\"480\" src=\"https:\/\/finmission.fi\/wp-content\/uploads\/2025\/10\/group.jpg\" class=\"attachment-large size-large wp-image-649\" alt=\"\" srcset=\"https:\/\/finmission.fi\/wp-content\/uploads\/2025\/10\/group.jpg 647w, https:\/\/finmission.fi\/wp-content\/uploads\/2025\/10\/group-300x223.jpg 300w, https:\/\/finmission.fi\/wp-content\/uploads\/2025\/10\/group-16x12.jpg 16w\" sizes=\"(max-width: 647px) 100vw, 647px\" \/>\t\t\t\t\t\t\t\t\t\t\t\t\t\t\t<\/div>\n\t\t\t\t<\/div>\n\t\t\t\t\t<\/div>\n\t\t\t\t<\/div>\n\t\t\t\t<\/div>","protected":false},"excerpt":{"rendered":"<p>Kristityille Kristityille Vuonna 1983 k\u00e4ynnistyi \u201dPerjantai Kristukselle\u201d -evankelioimiskampanja Suomen p\u00e4\u00e4kaupungissa Helsingiss\u00e4. Se kokosi satoja kristittyj\u00e4 levitt\u00e4m\u00e4\u00e4n evankeliumia monin eri keinoin p\u00e4\u00e4kaupunkiseudulla. Vastoin monia ep\u00e4ilyksi\u00e4 toiminta jatkui vuodesta toiseen ja laajeni lopulta merkitt\u00e4v\u00e4ksi l\u00e4hetysj\u00e4rjest\u00f6ksi kolmelle eri mantereelle, Aasiaan, Afrikkaan ja Eurooppaan. Kaikki sai alkunsa Pyh\u00e4n Hengen antamasta n\u00e4yst\u00e4. Se osoitti, ett\u00e4 mik\u00e4\u00e4n ei ole mahdotonta, kun [&hellip;]<\/p>","protected":false},"author":1,"featured_media":0,"parent":0,"menu_order":0,"comment_status":"closed","ping_status":"closed","template":"","meta":{"footnotes":""},"categories":[],"tags":[],"class_list":["post-102","page","type-page","status-publish","hentry"],"_links":{"self":[{"href":"https:\/\/finmission.fi\/en\/wp-json\/wp\/v2\/pages\/102","targetHints":{"allow":["GET"]}}],"collection":[{"href":"https:\/\/finmission.fi\/en\/wp-json\/wp\/v2\/pages"}],"about":[{"href":"https:\/\/finmission.fi\/en\/wp-json\/wp\/v2\/types\/page"}],"author":[{"embeddable":true,"href":"https:\/\/finmission.fi\/en\/wp-json\/wp\/v2\/users\/1"}],"replies":[{"embeddable":true,"href":"https:\/\/finmission.fi\/en\/wp-json\/wp\/v2\/comments?post=102"}],"version-history":[{"count":83,"href":"https:\/\/finmission.fi\/en\/wp-json\/wp\/v2\/pages\/102\/revisions"}],"predecessor-version":[{"id":1376,"href":"https:\/\/finmission.fi\/en\/wp-json\/wp\/v2\/pages\/102\/revisions\/1376"}],"wp:attachment":[{"href":"https:\/\/finmission.fi\/en\/wp-json\/wp\/v2\/media?parent=102"}],"wp:term":[{"taxonomy":"category","embeddable":true,"href":"https:\/\/finmission.fi\/en\/wp-json\/wp\/v2\/categories?post=102"},{"taxonomy":"post_tag","embeddable":true,"href":"https:\/\/finmission.fi\/en\/wp-json\/wp\/v2\/tags?post=102"}],"curies":[{"name":"wp","href":"https:\/\/api.w.org\/{rel}","templated":true}]}}