{"id":104,"date":"2025-09-23T08:07:44","date_gmt":"2025-09-23T08:07:44","guid":{"rendered":"https:\/\/fin.charity.wp2.kotisivut.com\/?page_id=104"},"modified":"2025-11-04T14:20:59","modified_gmt":"2025-11-04T14:20:59","slug":"seurakunnille","status":"publish","type":"page","link":"https:\/\/finmission.fi\/en\/seurakunnille\/","title":{"rendered":"What is FIN: for churches"},"content":{"rendered":"<div data-elementor-type=\"wp-page\" data-elementor-id=\"104\" class=\"elementor elementor-104\" data-elementor-post-type=\"page\">\n\t\t\t\t<div class=\"elementor-element elementor-element-6c435fb1 e-flex e-con-boxed e-con e-parent\" data-id=\"6c435fb1\" data-element_type=\"container\" data-e-type=\"container\">\n\t\t\t\t\t<div class=\"e-con-inner\">\n\t\t\t\t<div class=\"elementor-element elementor-element-2bc16019 elementor-hidden-mobile elementor-widget elementor-widget-heading\" data-id=\"2bc16019\" data-element_type=\"widget\" data-e-type=\"widget\" data-widget_type=\"heading.default\">\n\t\t\t\t\t<h2 class=\"elementor-heading-title elementor-size-default\">FOR CHURCHES<\/h2>\t\t\t\t<\/div>\n\t\t\t\t\t<\/div>\n\t\t\t\t<\/div>\n\t\t<div class=\"elementor-element elementor-element-6a6dcac8 e-flex e-con-boxed e-con e-parent\" data-id=\"6a6dcac8\" data-element_type=\"container\" data-e-type=\"container\">\n\t\t\t\t\t<div class=\"e-con-inner\">\n\t\t<div class=\"elementor-element elementor-element-75aaaaa1 e-con-full e-flex e-con e-child\" data-id=\"75aaaaa1\" data-element_type=\"container\" data-e-type=\"container\">\n\t\t<div class=\"elementor-element elementor-element-2d424692 e-con-full e-flex e-con e-child\" data-id=\"2d424692\" data-element_type=\"container\" data-e-type=\"container\">\n\t\t\t\t<div class=\"elementor-element elementor-element-601fda3b elementor-widget elementor-widget-text-editor\" data-id=\"601fda3b\" data-element_type=\"widget\" data-e-type=\"widget\" data-widget_type=\"text-editor.default\">\n\t\t\t\t\t\t\t\t\t<p>In 1983, the \u201cFriday for Christ\u201d evangelism campaign was launched in Helsinki. It brought\ntogether hundreds of Christians to spread the gospel in many different ways in the Helsinki\nmetropolitan area. Contrary to many doubts, the activities continued year after year and\neventually expanded into a significant mission organization operating on three different\ncontinents, Asia, Africa and Europe.<\/p><p class=\"translation-block\">It all started with a vision given by the Holy Spirit. It showed that nothing is impossible\nwhen you set out on your work dependent on God\u2019s power and help.<\/p><p class=\"translation-block\">The mission organization One Way Mission was born completely out of nothing and grew\nwithout any financial support or help from any denomination or state.<\/p><p class=\"translation-block\">Everything that One Way Mission founder Tapani Suonto has experienced over the\ndecades is possible for anyone and anywhere. Even a small person can have a strong\nimpact even on the other side of the world when they set out in the guidance and power of\nthe Holy Spirit.<\/p>\t\t\t\t\t\t\t\t<\/div>\n\t\t\t\t<\/div>\n\t\t<div class=\"elementor-element elementor-element-3de7a82e e-con-full e-flex e-con e-child\" data-id=\"3de7a82e\" data-element_type=\"container\" data-e-type=\"container\">\n\t\t\t\t<div class=\"elementor-element elementor-element-27099441 elementor-widget elementor-widget-image\" data-id=\"27099441\" data-element_type=\"widget\" data-e-type=\"widget\" data-widget_type=\"image.default\">\n\t\t\t\t\t\t\t\t\t\t\t\t\t\t\t<img fetchpriority=\"high\" decoding=\"async\" width=\"538\" height=\"416\" src=\"https:\/\/finmission.fi\/wp-content\/uploads\/2025\/10\/jeesus.jpg\" class=\"attachment-large size-large wp-image-670\" alt=\"\" srcset=\"https:\/\/finmission.fi\/wp-content\/uploads\/2025\/10\/jeesus.jpg 538w, https:\/\/finmission.fi\/wp-content\/uploads\/2025\/10\/jeesus-300x232.jpg 300w, https:\/\/finmission.fi\/wp-content\/uploads\/2025\/10\/jeesus-16x12.jpg 16w\" sizes=\"(max-width: 538px) 100vw, 538px\" \/>\t\t\t\t\t\t\t\t\t\t\t\t\t\t\t<\/div>\n\t\t\t\t<\/div>\n\t\t\t\t<\/div>\n\t\t\t\t\t<\/div>\n\t\t\t\t<\/div>\n\t\t<div class=\"elementor-element elementor-element-6c71c5c0 e-flex e-con-boxed e-con e-parent\" data-id=\"6c71c5c0\" data-element_type=\"container\" data-e-type=\"container\">\n\t\t\t\t\t<div class=\"e-con-inner\">\n\t\t<div class=\"elementor-element elementor-element-1af96420 e-con-full e-flex e-con e-child\" data-id=\"1af96420\" data-element_type=\"container\" data-e-type=\"container\">\n\t\t<div class=\"elementor-element elementor-element-350d0a56 e-con-full e-flex e-con e-child\" data-id=\"350d0a56\" data-element_type=\"container\" data-e-type=\"container\">\n\t\t\t\t<div class=\"elementor-element elementor-element-56644f88 elementor-widget elementor-widget-image\" data-id=\"56644f88\" data-element_type=\"widget\" data-e-type=\"widget\" data-widget_type=\"image.default\">\n\t\t\t\t\t\t\t\t\t\t\t\t\t\t\t<img decoding=\"async\" width=\"450\" height=\"450\" src=\"https:\/\/finmission.fi\/wp-content\/uploads\/2025\/10\/tapani.jpg\" class=\"attachment-large size-large wp-image-620\" alt=\"\" srcset=\"https:\/\/finmission.fi\/wp-content\/uploads\/2025\/10\/tapani.jpg 450w, https:\/\/finmission.fi\/wp-content\/uploads\/2025\/10\/tapani-300x300.jpg 300w, https:\/\/finmission.fi\/wp-content\/uploads\/2025\/10\/tapani-150x150.jpg 150w, https:\/\/finmission.fi\/wp-content\/uploads\/2025\/10\/tapani-12x12.jpg 12w\" sizes=\"(max-width: 450px) 100vw, 450px\" \/>\t\t\t\t\t\t\t\t\t\t\t\t\t\t\t<\/div>\n\t\t\t\t<\/div>\n\t\t<div class=\"elementor-element elementor-element-5ff1bf43 e-con-full e-flex e-con e-child\" data-id=\"5ff1bf43\" data-element_type=\"container\" data-e-type=\"container\">\n\t\t\t\t<div class=\"elementor-element elementor-element-d0c2749 elementor-widget elementor-widget-heading\" data-id=\"d0c2749\" data-element_type=\"widget\" data-e-type=\"widget\" data-widget_type=\"heading.default\">\n\t\t\t\t\t<h2 class=\"elementor-heading-title elementor-size-default\">MOTIVATION<\/h2>\t\t\t\t<\/div>\n\t\t\t\t<div class=\"elementor-element elementor-element-13a4cfaa elementor-widget elementor-widget-text-editor\" data-id=\"13a4cfaa\" data-element_type=\"widget\" data-e-type=\"widget\" data-widget_type=\"text-editor.default\">\n\t\t\t\t\t\t\t\t\t<p>Tapani Suonto says:<\/p><p><i>\u201cFor decades, I have observed the enormous needs and opportunities in evangelism and\nmission work that remain untapped for one reason only: church leaders often lack the\ncontacts, knowledge, and confidence to step forward to be a greater blessing both in their\nown city and in distant mission fields.<\/i><\/p><p><i>They must be helped! When I prayed about this challenging problem, I received an\nanswer.<br \/><\/i><\/p><p class=\"p1\"><i>It is \u201cFIN.\u201d<\/i><\/p><p>\u00a0<\/p><p>\u00a0<\/p>\t\t\t\t\t\t\t\t<\/div>\n\t\t\t\t<\/div>\n\t\t\t\t<\/div>\n\t\t\t\t\t<\/div>\n\t\t\t\t<\/div>\n\t\t<div class=\"elementor-element elementor-element-e855714 e-flex e-con-boxed e-con e-parent\" data-id=\"e855714\" data-element_type=\"container\" data-e-type=\"container\">\n\t\t\t\t\t<div class=\"e-con-inner\">\n\t\t\t\t<div class=\"elementor-element elementor-element-7eff6aa elementor-widget elementor-widget-heading\" data-id=\"7eff6aa\" data-element_type=\"widget\" data-e-type=\"widget\" data-widget_type=\"heading.default\">\n\t\t\t\t\t<h2 class=\"elementor-heading-title elementor-size-default\">NETWORK<\/h2>\t\t\t\t<\/div>\n\t\t\t\t<div class=\"elementor-element elementor-element-2d1065c elementor-widget elementor-widget-text-editor\" data-id=\"2d1065c\" data-element_type=\"widget\" data-e-type=\"widget\" data-widget_type=\"text-editor.default\">\n\t\t\t\t\t\t\t\t\t<p>FIN also connects intercessors and funders. By networking widely, we can make\na significant contribution to world evangelization.<\/p>\t\t\t\t\t\t\t\t<\/div>\n\t\t\t\t\t<\/div>\n\t\t\t\t<\/div>\n\t\t<div class=\"elementor-element elementor-element-8b04bf5 e-flex e-con-boxed e-con e-parent\" data-id=\"8b04bf5\" data-element_type=\"container\" data-e-type=\"container\">\n\t\t\t\t\t<div class=\"e-con-inner\">\n\t\t<div class=\"elementor-element elementor-element-ee9a2b2 e-con-full e-flex e-con e-child\" data-id=\"ee9a2b2\" data-element_type=\"container\" data-e-type=\"container\">\n\t\t<div class=\"elementor-element elementor-element-da31b77 e-con-full e-flex e-con e-child\" data-id=\"da31b77\" data-element_type=\"container\" data-e-type=\"container\">\n\t\t\t\t<div class=\"elementor-element elementor-element-3c901a1 elementor-widget elementor-widget-text-editor\" data-id=\"3c901a1\" data-element_type=\"widget\" data-e-type=\"widget\" data-widget_type=\"text-editor.default\">\n\t\t\t\t\t\t\t\t\t<p class=\"p1\">This is not a new organization, but a network. In this network, every missionary, evangelist,\npastor and congregation can gain a lot without losing anything and can be a blessing and\nhelp to Christian brothers and sisters in their own community and even in different parts of\nthe world.<\/p>\t\t\t\t\t\t\t\t<\/div>\n\t\t\t\t<\/div>\n\t\t<div class=\"elementor-element elementor-element-aad59c9 e-con-full e-flex e-con e-child\" data-id=\"aad59c9\" data-element_type=\"container\" data-e-type=\"container\">\n\t\t\t\t<div class=\"elementor-element elementor-element-c058c0a elementor-widget elementor-widget-image\" data-id=\"c058c0a\" data-element_type=\"widget\" data-e-type=\"widget\" data-widget_type=\"image.default\">\n\t\t\t\t\t\t\t\t\t\t\t\t\t\t\t<img decoding=\"async\" width=\"720\" height=\"480\" src=\"https:\/\/finmission.fi\/wp-content\/uploads\/2025\/10\/480_F_43508449_Tg0JC4uf6qXCK1sJz8IJCQSI7j4WmyL5.jpg\" class=\"attachment-large size-large wp-image-1014\" alt=\"\" srcset=\"https:\/\/finmission.fi\/wp-content\/uploads\/2025\/10\/480_F_43508449_Tg0JC4uf6qXCK1sJz8IJCQSI7j4WmyL5.jpg 720w, https:\/\/finmission.fi\/wp-content\/uploads\/2025\/10\/480_F_43508449_Tg0JC4uf6qXCK1sJz8IJCQSI7j4WmyL5-300x200.jpg 300w, https:\/\/finmission.fi\/wp-content\/uploads\/2025\/10\/480_F_43508449_Tg0JC4uf6qXCK1sJz8IJCQSI7j4WmyL5-18x12.jpg 18w\" sizes=\"(max-width: 720px) 100vw, 720px\" \/>\t\t\t\t\t\t\t\t\t\t\t\t\t\t\t<\/div>\n\t\t\t\t<\/div>\n\t\t\t\t<\/div>\n\t\t\t\t\t<\/div>\n\t\t\t\t<\/div>\n\t\t<div class=\"elementor-element elementor-element-a3493dd e-con-full e-flex e-con e-parent\" data-id=\"a3493dd\" data-element_type=\"container\" data-e-type=\"container\" data-settings=\"{&quot;background_background&quot;:&quot;slideshow&quot;,&quot;background_slideshow_gallery&quot;:[{&quot;id&quot;:619,&quot;url&quot;:&quot;https:\\\/\\\/finmission.fi\\\/wp-content\\\/uploads\\\/2025\\\/10\\\/maapallo.jpg&quot;}],&quot;background_slideshow_loop&quot;:&quot;yes&quot;,&quot;background_slideshow_slide_duration&quot;:5000,&quot;background_slideshow_slide_transition&quot;:&quot;fade&quot;,&quot;background_slideshow_transition_duration&quot;:500}\">\n\t\t\t\t<div class=\"elementor-element elementor-element-6152107 elementor-widget elementor-widget-heading\" data-id=\"6152107\" data-element_type=\"widget\" data-e-type=\"widget\" data-widget_type=\"heading.default\">\n\t\t\t\t\t<h2 class=\"elementor-heading-title elementor-size-default\">GOAL<\/h2>\t\t\t\t<\/div>\n\t\t\t\t<div class=\"elementor-element elementor-element-aafbedf elementor-widget elementor-widget-text-editor\" data-id=\"aafbedf\" data-element_type=\"widget\" data-e-type=\"widget\" data-widget_type=\"text-editor.default\">\n\t\t\t\t\t\t\t\t\t<p class=\"p1\">To multiply the evangelistic work carried out by congregations in their own communities\nand missionary work abroad. The mission field begins in one&#039;s own hometown - therefore,\nwork in one&#039;s own city is also missionary work for us.<\/p>\t\t\t\t\t\t\t\t<\/div>\n\t\t\t\t<div class=\"elementor-element elementor-element-61552f2 elementor-widget elementor-widget-heading\" data-id=\"61552f2\" data-element_type=\"widget\" data-e-type=\"widget\" data-widget_type=\"heading.default\">\n\t\t\t\t\t<h2 class=\"elementor-heading-title elementor-size-default\">WHAT WE DO<\/h2>\t\t\t\t<\/div>\n\t\t\t\t<div class=\"elementor-element elementor-element-634ea64 elementor-widget elementor-widget-text-editor\" data-id=\"634ea64\" data-element_type=\"widget\" data-e-type=\"widget\" data-widget_type=\"text-editor.default\">\n\t\t\t\t\t\t\t\t\t<p class=\"p1\">We create a contact surface between active Christians, missionaries, evangelists and\nWestern pastors, organizations, funders and intercessors. We support local congregations\nto achieve spiritual growth and discipleship. We give congregations tools and resources to\ndevelop and launch their own local evangelistic work.<\/p><p class=\"p1\">We enable more concrete help for evangelistic and missionary work. We organize\nmissions and other events both at home and abroad to spread the gospel. Each party can\nparticipate in them according to their capabilities and in the way they want.<\/p>\t\t\t\t\t\t\t\t<\/div>\n\t\t\t\t<\/div>\n\t\t<div class=\"elementor-element elementor-element-1943744 e-flex e-con-boxed e-con e-parent\" data-id=\"1943744\" data-element_type=\"container\" data-e-type=\"container\">\n\t\t\t\t\t<div class=\"e-con-inner\">\n\t\t<div class=\"elementor-element elementor-element-5705833 e-con-full e-flex e-con e-child\" data-id=\"5705833\" data-element_type=\"container\" data-e-type=\"container\">\n\t\t<div class=\"elementor-element elementor-element-1b87fea e-con-full e-flex e-con e-child\" data-id=\"1b87fea\" data-element_type=\"container\" data-e-type=\"container\">\n\t\t\t\t<div class=\"elementor-element elementor-element-4a5ab73 elementor-widget elementor-widget-heading\" data-id=\"4a5ab73\" data-element_type=\"widget\" data-e-type=\"widget\" data-widget_type=\"heading.default\">\n\t\t\t\t\t<h2 class=\"elementor-heading-title elementor-size-default\">THEOLOGICAL PRINCIPLES<\/h2>\t\t\t\t<\/div>\n\t\t\t\t<div class=\"elementor-element elementor-element-8ea8b98 elementor-widget elementor-widget-text-editor\" data-id=\"8ea8b98\" data-element_type=\"widget\" data-e-type=\"widget\" data-widget_type=\"text-editor.default\">\n\t\t\t\t\t\t\t\t\t<p>FIN represents the traditional\ngospel of the cross \u2013 not prosperity theology or other new theological trends.<\/p><p>FIN represents the traditional gospel of the cross - not new theological trends.<\/p><p>Participants in the network commit to respecting the theological guidelines of each\ncongregation and mission organization. Each community can trust that cooperation will not\ncreate new conflicts within its own community, but that FIN will be a blessing to everyone.<\/p>\t\t\t\t\t\t\t\t<\/div>\n\t\t\t\t<\/div>\n\t\t<div class=\"elementor-element elementor-element-e13030e e-con-full e-flex e-con e-child\" data-id=\"e13030e\" data-element_type=\"container\" data-e-type=\"container\">\n\t\t\t\t<div class=\"elementor-element elementor-element-b16b41b elementor-widget elementor-widget-image\" data-id=\"b16b41b\" data-element_type=\"widget\" data-e-type=\"widget\" data-widget_type=\"image.default\">\n\t\t\t\t\t\t\t\t\t\t\t\t\t\t\t<img loading=\"lazy\" decoding=\"async\" width=\"361\" height=\"289\" src=\"https:\/\/finmission.fi\/wp-content\/uploads\/2025\/10\/pray.png\" class=\"attachment-large size-large wp-image-662\" alt=\"\" srcset=\"https:\/\/finmission.fi\/wp-content\/uploads\/2025\/10\/pray.png 361w, https:\/\/finmission.fi\/wp-content\/uploads\/2025\/10\/pray-300x240.png 300w, https:\/\/finmission.fi\/wp-content\/uploads\/2025\/10\/pray-15x12.png 15w\" sizes=\"(max-width: 361px) 100vw, 361px\" \/>\t\t\t\t\t\t\t\t\t\t\t\t\t\t\t<\/div>\n\t\t\t\t<\/div>\n\t\t\t\t<\/div>\n\t\t\t\t\t<\/div>\n\t\t\t\t<\/div>\n\t\t<div class=\"elementor-element elementor-element-7de2649 e-con-full e-flex e-con e-parent\" data-id=\"7de2649\" data-element_type=\"container\" data-e-type=\"container\" data-settings=\"{&quot;background_background&quot;:&quot;slideshow&quot;,&quot;background_slideshow_gallery&quot;:[{&quot;id&quot;:622,&quot;url&quot;:&quot;https:\\\/\\\/finmission.fi\\\/wp-content\\\/uploads\\\/2025\\\/10\\\/rukoilu.jpg&quot;}],&quot;background_slideshow_loop&quot;:&quot;yes&quot;,&quot;background_slideshow_slide_duration&quot;:5000,&quot;background_slideshow_slide_transition&quot;:&quot;fade&quot;,&quot;background_slideshow_transition_duration&quot;:500}\">\n\t\t\t\t<div class=\"elementor-element elementor-element-2a37207 elementor-widget elementor-widget-heading\" data-id=\"2a37207\" data-element_type=\"widget\" data-e-type=\"widget\" data-widget_type=\"heading.default\">\n\t\t\t\t\t<h2 class=\"elementor-heading-title elementor-size-default\">HOW TO JOIN<\/h2>\t\t\t\t<\/div>\n\t\t\t\t<div class=\"elementor-element elementor-element-ea24dd3 elementor-widget elementor-widget-text-editor\" data-id=\"ea24dd3\" data-element_type=\"widget\" data-e-type=\"widget\" data-widget_type=\"text-editor.default\">\n\t\t\t\t\t\t\t\t\t<p class=\"p1\">FIN is not an organization, but a cooperation network that offers various opportunities to\nget help with your own work and to give help to others when it is possible and constructive\nfor your own activities. By leaving your contact information, you can get more detailed\ninformation about various needs and opportunities in your home country and in the\nmission fields.<\/p><p class=\"p2\">FIN is happy to receive requests for help and suggestions from congregations for\nimplementing various missions and other events. We cannot respond to all needs\nimmediately, but we take them into account and prayerfully seek opportunities to respond.\nOur intention is only to help. You can contact us using the form below.<\/p>\t\t\t\t\t\t\t\t<\/div>\n\t\t\t\t<div class=\"elementor-element elementor-element-625e789 elementor-widget elementor-widget-heading\" data-id=\"625e789\" data-element_type=\"widget\" data-e-type=\"widget\" data-widget_type=\"heading.default\">\n\t\t\t\t\t<h2 class=\"elementor-heading-title elementor-size-default\">WHAT DOES THIS OBLIGATE?<\/h2>\t\t\t\t<\/div>\n\t\t\t\t<div class=\"elementor-element elementor-element-40688df elementor-widget elementor-widget-text-editor\" data-id=\"40688df\" data-element_type=\"widget\" data-e-type=\"widget\" data-widget_type=\"text-editor.default\">\n\t\t\t\t\t\t\t\t\t<p class=\"p1\">Fishermen\u00b4s International Network is an independent network that serves congregations\nfree of charge and on each person\u2019s own terms. There are no financial commitments or\nobligations associated with participation. Our goal is simply to help! When we help you,\nyou can help many times over those who need help the most \u2013 in Finland and around the\nworld.<\/p>\t\t\t\t\t\t\t\t<\/div>\n\t\t\t\t<\/div>\n\t\t<div class=\"elementor-element elementor-element-1ee9ff5 e-flex e-con-boxed e-con e-parent\" data-id=\"1ee9ff5\" data-element_type=\"container\" data-e-type=\"container\">\n\t\t\t\t\t<div class=\"e-con-inner\">\n\t\t<div class=\"elementor-element elementor-element-784407d e-con-full e-flex e-con e-child\" data-id=\"784407d\" data-element_type=\"container\" data-e-type=\"container\">\n\t\t<div class=\"elementor-element elementor-element-a70d178 e-con-full e-flex e-con e-child\" data-id=\"a70d178\" data-element_type=\"container\" data-e-type=\"container\">\n\t\t\t\t<div class=\"elementor-element elementor-element-dbc0560 elementor-widget elementor-widget-heading\" data-id=\"dbc0560\" data-element_type=\"widget\" data-e-type=\"widget\" data-widget_type=\"heading.default\">\n\t\t\t\t\t<h2 class=\"elementor-heading-title elementor-size-default\">FUNDING<\/h2>\t\t\t\t<\/div>\n\t\t\t\t<div class=\"elementor-element elementor-element-7dc8f60 elementor-widget elementor-widget-text-editor\" data-id=\"7dc8f60\" data-element_type=\"widget\" data-e-type=\"widget\" data-widget_type=\"text-editor.default\">\n\t\t\t\t\t\t\t\t\t<p class=\"p1\">Our task is to build a reliable contact surface between different actors. Donors are one\nsignificant link in this network. FIN channels funds to where the need is greatest.<\/p><p class=\"p1\">FIN needs funding to maintain its own communication machinery and organize various\nmissions. For this purpose, Fishermen\u00b4s International Network has obtaining collection\npermits to cover the needs of its operations from the Finnish National Police Board, which\nalso monitors the use of funds. All surplus funds are used to support missionary work.<\/p>\t\t\t\t\t\t\t\t<\/div>\n\t\t\t\t<\/div>\n\t\t<div class=\"elementor-element elementor-element-490bc9d e-con-full e-flex e-con e-child\" data-id=\"490bc9d\" data-element_type=\"container\" data-e-type=\"container\">\n\t\t\t\t<div class=\"elementor-element elementor-element-0e64447 elementor-widget elementor-widget-image\" data-id=\"0e64447\" data-element_type=\"widget\" data-e-type=\"widget\" data-widget_type=\"image.default\">\n\t\t\t\t\t\t\t\t\t\t\t\t\t\t\t<img loading=\"lazy\" decoding=\"async\" width=\"720\" height=\"480\" src=\"https:\/\/finmission.fi\/wp-content\/uploads\/2025\/10\/fund.jpg\" class=\"attachment-large size-large wp-image-1018\" alt=\"\" srcset=\"https:\/\/finmission.fi\/wp-content\/uploads\/2025\/10\/fund.jpg 720w, https:\/\/finmission.fi\/wp-content\/uploads\/2025\/10\/fund-300x200.jpg 300w, https:\/\/finmission.fi\/wp-content\/uploads\/2025\/10\/fund-18x12.jpg 18w\" sizes=\"(max-width: 720px) 100vw, 720px\" \/>\t\t\t\t\t\t\t\t\t\t\t\t\t\t\t<\/div>\n\t\t\t\t<\/div>\n\t\t\t\t<\/div>\n\t\t\t\t\t<\/div>\n\t\t\t\t<\/div>\n\t\t\t\t<\/div>","protected":false},"excerpt":{"rendered":"<p>Seurakunnille Vuonna 1983 k\u00e4ynnistyi \u201dPerjantai Kristukselle\u201d -evankelioimiskampanja Helsingiss\u00e4. Se kokosi satoja kristittyj\u00e4 levitt\u00e4m\u00e4\u00e4n evankeliumia monin eri keinoin p\u00e4\u00e4kaupunkiseudulla. Vastoin monia ep\u00e4ilyksi\u00e4 toiminta jatkui vuodesta toiseen ja laajeni lopulta merkitt\u00e4v\u00e4ksi l\u00e4hetysj\u00e4rjest\u00f6ksi kolmelle eri mantereelle, Aasiaan, Afrikkaan ja Eurooppaan. Kaikki sai alkunsa Pyh\u00e4n Hengen antamasta n\u00e4yst\u00e4. Se osoitti, ett\u00e4 mik\u00e4\u00e4n ei ole mahdotonta, kun ty\u00f6h\u00f6n l\u00e4hdet\u00e4\u00e4n riippuvaisena [&hellip;]<\/p>","protected":false},"author":1,"featured_media":0,"parent":0,"menu_order":0,"comment_status":"closed","ping_status":"closed","template":"","meta":{"footnotes":""},"categories":[],"tags":[],"class_list":["post-104","page","type-page","status-publish","hentry"],"_links":{"self":[{"href":"https:\/\/finmission.fi\/en\/wp-json\/wp\/v2\/pages\/104","targetHints":{"allow":["GET"]}}],"collection":[{"href":"https:\/\/finmission.fi\/en\/wp-json\/wp\/v2\/pages"}],"about":[{"href":"https:\/\/finmission.fi\/en\/wp-json\/wp\/v2\/types\/page"}],"author":[{"embeddable":true,"href":"https:\/\/finmission.fi\/en\/wp-json\/wp\/v2\/users\/1"}],"replies":[{"embeddable":true,"href":"https:\/\/finmission.fi\/en\/wp-json\/wp\/v2\/comments?post=104"}],"version-history":[{"count":65,"href":"https:\/\/finmission.fi\/en\/wp-json\/wp\/v2\/pages\/104\/revisions"}],"predecessor-version":[{"id":1379,"href":"https:\/\/finmission.fi\/en\/wp-json\/wp\/v2\/pages\/104\/revisions\/1379"}],"wp:attachment":[{"href":"https:\/\/finmission.fi\/en\/wp-json\/wp\/v2\/media?parent=104"}],"wp:term":[{"taxonomy":"category","embeddable":true,"href":"https:\/\/finmission.fi\/en\/wp-json\/wp\/v2\/categories?post=104"},{"taxonomy":"post_tag","embeddable":true,"href":"https:\/\/finmission.fi\/en\/wp-json\/wp\/v2\/tags?post=104"}],"curies":[{"name":"wp","href":"https:\/\/api.w.org\/{rel}","templated":true}]}}