{"id":1177,"date":"2025-10-23T09:05:19","date_gmt":"2025-10-23T09:05:19","guid":{"rendered":"https:\/\/finmission.fi\/?page_id=1177"},"modified":"2025-11-04T14:27:17","modified_gmt":"2025-11-04T14:27:17","slug":"rukous","status":"publish","type":"page","link":"https:\/\/finmission.fi\/en\/rukous\/","title":{"rendered":"Pray"},"content":{"rendered":"<div data-elementor-type=\"wp-page\" data-elementor-id=\"1177\" class=\"elementor elementor-1177\" data-elementor-post-type=\"page\">\n\t\t\t\t<div class=\"elementor-element elementor-element-7aa675ba e-flex e-con-boxed e-con e-parent\" data-id=\"7aa675ba\" data-element_type=\"container\" data-e-type=\"container\">\n\t\t\t\t\t<div class=\"e-con-inner\">\n\t\t\t\t<div class=\"elementor-element elementor-element-615f893f elementor-widget elementor-widget-heading\" data-id=\"615f893f\" data-element_type=\"widget\" data-e-type=\"widget\" data-widget_type=\"heading.default\">\n\t\t\t\t\t<h2 class=\"elementor-heading-title elementor-size-default\">FIN-<span>MISSION<\/span><\/h2>\t\t\t\t<\/div>\n\t\t\t\t<div class=\"elementor-element elementor-element-5098a65a elementor-widget elementor-widget-heading\" data-id=\"5098a65a\" data-element_type=\"widget\" data-e-type=\"widget\" data-widget_type=\"heading.default\">\n\t\t\t\t\t<h2 class=\"elementor-heading-title elementor-size-default\">Join us in opening the way through prayer<\/h2>\t\t\t\t<\/div>\n\t\t\t\t<div class=\"elementor-element elementor-element-7dcfb75f elementor-widget elementor-widget-text-editor\" data-id=\"7dcfb75f\" data-element_type=\"widget\" data-e-type=\"widget\" data-widget_type=\"text-editor.default\">\n\t\t\t\t\t\t\t\t\t<p>Join us in a time of prayer as we prepare hearts and paths for God\u2019s work. Below you can see the shared prayer points. You can learn more about each topic by clicking \u201cRead more.\u201d<\/p>\t\t\t\t\t\t\t\t<\/div>\n\t\t\t\t\t<\/div>\n\t\t\t\t<\/div>\n\t\t<div class=\"elementor-element elementor-element-177a9528 e-flex e-con-boxed e-con e-parent\" data-id=\"177a9528\" data-element_type=\"container\" data-e-type=\"container\">\n\t\t\t\t\t<div class=\"e-con-inner\">\n\t\t\t\t<div class=\"elementor-element elementor-element-3f602b81 elementor-grid-tablet-3 elementor-grid-3 elementor-grid-mobile-1 elementor-posts--thumbnail-top elementor-posts--show-avatar elementor-card-shadow-yes elementor-posts__hover-gradient elementor-widget elementor-widget-posts\" data-id=\"3f602b81\" data-element_type=\"widget\" data-e-type=\"widget\" data-settings=\"{&quot;cards_columns_tablet&quot;:&quot;3&quot;,&quot;cards_columns&quot;:&quot;3&quot;,&quot;cards_columns_mobile&quot;:&quot;1&quot;,&quot;cards_row_gap&quot;:{&quot;unit&quot;:&quot;px&quot;,&quot;size&quot;:35,&quot;sizes&quot;:[]},&quot;cards_row_gap_tablet&quot;:{&quot;unit&quot;:&quot;px&quot;,&quot;size&quot;:&quot;&quot;,&quot;sizes&quot;:[]},&quot;cards_row_gap_mobile&quot;:{&quot;unit&quot;:&quot;px&quot;,&quot;size&quot;:&quot;&quot;,&quot;sizes&quot;:[]}}\" data-widget_type=\"posts.cards\">\n\t\t\t\t<div class=\"elementor-widget-container\">\n\t\t\t\t\t\t\t<div class=\"elementor-posts-container elementor-posts elementor-posts--skin-cards elementor-grid\" role=\"list\">\n\t\t\t\t<article class=\"elementor-post elementor-grid-item post-415 page type-page status-publish has-post-thumbnail hentry category-etusivu category-tue tag-rukous\" role=\"listitem\">\n\t\t\t<div class=\"elementor-post__card\">\n\t\t\t\t<a class=\"elementor-post__thumbnail__link\" href=\"https:\/\/finmission.fi\/en\/raamattuja-suljettuihin-maihin\/\" tabindex=\"-1\" ><div class=\"elementor-post__thumbnail\"><img decoding=\"async\" width=\"300\" height=\"117\" src=\"https:\/\/finmission.fi\/wp-content\/uploads\/2025\/10\/closed-300x117.jpg\" class=\"attachment-medium size-medium wp-image-630\" alt=\"\" srcset=\"https:\/\/finmission.fi\/wp-content\/uploads\/2025\/10\/closed-300x117.jpg 300w, https:\/\/finmission.fi\/wp-content\/uploads\/2025\/10\/closed-1024x400.jpg 1024w, https:\/\/finmission.fi\/wp-content\/uploads\/2025\/10\/closed-768x300.jpg 768w, https:\/\/finmission.fi\/wp-content\/uploads\/2025\/10\/closed-18x7.jpg 18w, https:\/\/finmission.fi\/wp-content\/uploads\/2025\/10\/closed.jpg 1228w\" sizes=\"(max-width: 300px) 100vw, 300px\" \/><\/div><\/a>\n\t\t\t\t<div class=\"elementor-post__badge\">Prayer topic<\/div>\n\t\t\t\t<div class=\"elementor-post__avatar\">\n\t\t\t<img alt='admin' src='https:\/\/secure.gravatar.com\/avatar\/beff7b75d11c66b8391d72abb2975e6219faeb12076d52de7b3049cad4922379?s=128&#038;d=blank&#038;r=g' srcset='https:\/\/secure.gravatar.com\/avatar\/beff7b75d11c66b8391d72abb2975e6219faeb12076d52de7b3049cad4922379?s=256&#038;d=blank&#038;r=g 2x' class='avatar avatar-128 photo' height='128' width='128' \/>\t\t<\/div>\n\t\t\t\t<div class=\"elementor-post__text\">\n\t\t\t\t<h3 class=\"elementor-post__title\">\n\t\t\t<a href=\"https:\/\/finmission.fi\/en\/raamattuja-suljettuihin-maihin\/\" >\n\t\t\t\tBibles for closed countries\t\t\t<\/a>\n\t\t<\/h3>\n\t\t\n\t\t<a class=\"elementor-post__read-more\" href=\"https:\/\/finmission.fi\/en\/raamattuja-suljettuihin-maihin\/\" aria-label=\"Read more about Raamattuja suljettuihin maihin\" tabindex=\"-1\" >\n\t\t\tRead more \u00bb\t\t<\/a>\n\n\t\t\t\t<\/div>\n\t\t\t\t\t<\/div>\n\t\t<\/article>\n\t\t\t\t<article class=\"elementor-post elementor-grid-item post-400 page type-page status-publish has-post-thumbnail hentry category-tue tag-rukous\" role=\"listitem\">\n\t\t\t<div class=\"elementor-post__card\">\n\t\t\t\t<a class=\"elementor-post__thumbnail__link\" href=\"https:\/\/finmission.fi\/en\/suomalaiset-tarvitsevat-apua-fuengirolassa\/\" tabindex=\"-1\" ><div class=\"elementor-post__thumbnail\"><img fetchpriority=\"high\" decoding=\"async\" width=\"300\" height=\"200\" src=\"https:\/\/finmission.fi\/wp-content\/uploads\/2025\/10\/fueng-300x200.jpg\" class=\"attachment-medium size-medium wp-image-732\" alt=\"\" srcset=\"https:\/\/finmission.fi\/wp-content\/uploads\/2025\/10\/fueng-300x200.jpg 300w, https:\/\/finmission.fi\/wp-content\/uploads\/2025\/10\/fueng-18x12.jpg 18w, https:\/\/finmission.fi\/wp-content\/uploads\/2025\/10\/fueng.jpg 720w\" sizes=\"(max-width: 300px) 100vw, 300px\" \/><\/div><\/a>\n\t\t\t\t<div class=\"elementor-post__badge\">Prayer topic<\/div>\n\t\t\t\t<div class=\"elementor-post__avatar\">\n\t\t\t<img alt='admin' src='https:\/\/secure.gravatar.com\/avatar\/beff7b75d11c66b8391d72abb2975e6219faeb12076d52de7b3049cad4922379?s=128&#038;d=blank&#038;r=g' srcset='https:\/\/secure.gravatar.com\/avatar\/beff7b75d11c66b8391d72abb2975e6219faeb12076d52de7b3049cad4922379?s=256&#038;d=blank&#038;r=g 2x' class='avatar avatar-128 photo' height='128' width='128' \/>\t\t<\/div>\n\t\t\t\t<div class=\"elementor-post__text\">\n\t\t\t\t<h3 class=\"elementor-post__title\">\n\t\t\t<a href=\"https:\/\/finmission.fi\/en\/suomalaiset-tarvitsevat-apua-fuengirolassa\/\" >\n\t\t\t\tFinns need help in Fuengirola.\t\t\t<\/a>\n\t\t<\/h3>\n\t\t\n\t\t<a class=\"elementor-post__read-more\" href=\"https:\/\/finmission.fi\/en\/suomalaiset-tarvitsevat-apua-fuengirolassa\/\" aria-label=\"Read more about Suomalaiset tarvitsevat apua Fuengirolassa\" tabindex=\"-1\" >\n\t\t\tRead more \u00bb\t\t<\/a>\n\n\t\t\t\t<\/div>\n\t\t\t\t\t<\/div>\n\t\t<\/article>\n\t\t\t\t<article class=\"elementor-post elementor-grid-item post-391 page type-page status-publish has-post-thumbnail hentry category-tue tag-rukous\" role=\"listitem\">\n\t\t\t<div class=\"elementor-post__card\">\n\t\t\t\t<a class=\"elementor-post__thumbnail__link\" href=\"https:\/\/finmission.fi\/en\/israeliin-kristittyjen-kibbutsi\/\" tabindex=\"-1\" ><div class=\"elementor-post__thumbnail\"><img decoding=\"async\" width=\"300\" height=\"200\" src=\"https:\/\/finmission.fi\/wp-content\/uploads\/2025\/10\/israel-300x200.jpg\" class=\"attachment-medium size-medium wp-image-758\" alt=\"\" srcset=\"https:\/\/finmission.fi\/wp-content\/uploads\/2025\/10\/israel-300x200.jpg 300w, https:\/\/finmission.fi\/wp-content\/uploads\/2025\/10\/israel-18x12.jpg 18w, https:\/\/finmission.fi\/wp-content\/uploads\/2025\/10\/israel.jpg 720w\" sizes=\"(max-width: 300px) 100vw, 300px\" \/><\/div><\/a>\n\t\t\t\t<div class=\"elementor-post__badge\">Prayer topic<\/div>\n\t\t\t\t<div class=\"elementor-post__avatar\">\n\t\t\t<img alt='admin' src='https:\/\/secure.gravatar.com\/avatar\/beff7b75d11c66b8391d72abb2975e6219faeb12076d52de7b3049cad4922379?s=128&#038;d=blank&#038;r=g' srcset='https:\/\/secure.gravatar.com\/avatar\/beff7b75d11c66b8391d72abb2975e6219faeb12076d52de7b3049cad4922379?s=256&#038;d=blank&#038;r=g 2x' class='avatar avatar-128 photo' height='128' width='128' \/>\t\t<\/div>\n\t\t\t\t<div class=\"elementor-post__text\">\n\t\t\t\t<h3 class=\"elementor-post__title\">\n\t\t\t<a href=\"https:\/\/finmission.fi\/en\/israeliin-kristittyjen-kibbutsi\/\" >\n\t\t\t\tA Christian kibbutz in Israel\t\t\t<\/a>\n\t\t<\/h3>\n\t\t\n\t\t<a class=\"elementor-post__read-more\" href=\"https:\/\/finmission.fi\/en\/israeliin-kristittyjen-kibbutsi\/\" aria-label=\"Read more about Israeliin kristittyjen kibbutsi\" tabindex=\"-1\" >\n\t\t\tRead more \u00bb\t\t<\/a>\n\n\t\t\t\t<\/div>\n\t\t\t\t\t<\/div>\n\t\t<\/article>\n\t\t\t\t<\/div>\n\t\t\n\t\t\t\t\t\t<\/div>\n\t\t\t\t<\/div>\n\t\t\t\t\t<\/div>\n\t\t\t\t<\/div>\n\t\t\t\t<\/div>","protected":false},"excerpt":{"rendered":"<p>FIN-MISSIO Tule avaamaan tiet\u00e4 rukoillen Liity yhteiseen rukoukseen, jossa valmistamme syd\u00e4mi\u00e4 ja teit\u00e4 Jumalan ty\u00f6lle. Alla n\u00e4et yhteiset rukousaiheet. P\u00e4\u00e4set tutustumaan tarkemmin aiheeseen painamalla lue<\/p>","protected":false},"author":1,"featured_media":0,"parent":0,"menu_order":0,"comment_status":"closed","ping_status":"closed","template":"","meta":{"footnotes":""},"categories":[],"tags":[],"class_list":["post-1177","page","type-page","status-publish","hentry"],"_links":{"self":[{"href":"https:\/\/finmission.fi\/en\/wp-json\/wp\/v2\/pages\/1177","targetHints":{"allow":["GET"]}}],"collection":[{"href":"https:\/\/finmission.fi\/en\/wp-json\/wp\/v2\/pages"}],"about":[{"href":"https:\/\/finmission.fi\/en\/wp-json\/wp\/v2\/types\/page"}],"author":[{"embeddable":true,"href":"https:\/\/finmission.fi\/en\/wp-json\/wp\/v2\/users\/1"}],"replies":[{"embeddable":true,"href":"https:\/\/finmission.fi\/en\/wp-json\/wp\/v2\/comments?post=1177"}],"version-history":[{"count":16,"href":"https:\/\/finmission.fi\/en\/wp-json\/wp\/v2\/pages\/1177\/revisions"}],"predecessor-version":[{"id":1388,"href":"https:\/\/finmission.fi\/en\/wp-json\/wp\/v2\/pages\/1177\/revisions\/1388"}],"wp:attachment":[{"href":"https:\/\/finmission.fi\/en\/wp-json\/wp\/v2\/media?parent=1177"}],"wp:term":[{"taxonomy":"category","embeddable":true,"href":"https:\/\/finmission.fi\/en\/wp-json\/wp\/v2\/categories?post=1177"},{"taxonomy":"post_tag","embeddable":true,"href":"https:\/\/finmission.fi\/en\/wp-json\/wp\/v2\/tags?post=1177"}],"curies":[{"name":"wp","href":"https:\/\/api.w.org\/{rel}","templated":true}]}}