{"id":1584,"date":"2026-01-14T16:31:54","date_gmt":"2026-01-14T16:31:54","guid":{"rendered":"https:\/\/finmission.fi\/?page_id=1584"},"modified":"2026-01-14T16:46:01","modified_gmt":"2026-01-14T16:46:01","slug":"johtoryhma","status":"publish","type":"page","link":"https:\/\/finmission.fi\/en\/johtoryhma\/","title":{"rendered":"Johtoryhm\u00e4"},"content":{"rendered":"<div data-elementor-type=\"wp-page\" data-elementor-id=\"1584\" class=\"elementor elementor-1584\" data-elementor-post-type=\"page\">\n\t\t\t\t<div class=\"elementor-element elementor-element-574ea5e0 e-flex e-con-boxed e-con e-parent\" data-id=\"574ea5e0\" data-element_type=\"container\" data-e-type=\"container\">\n\t\t\t\t\t<div class=\"e-con-inner\">\n\t\t\t\t<div class=\"elementor-element elementor-element-2c4a1376 elementor-widget elementor-widget-heading\" data-id=\"2c4a1376\" data-element_type=\"widget\" data-e-type=\"widget\" data-widget_type=\"heading.default\">\n\t\t\t\t\t<h2 class=\"elementor-heading-title elementor-size-default\">Hallinto<\/h2>\t\t\t\t<\/div>\n\t\t\t\t\t<\/div>\n\t\t\t\t<\/div>\n\t\t<div class=\"elementor-element elementor-element-536ec8a5 e-flex e-con-boxed e-con e-parent\" data-id=\"536ec8a5\" data-element_type=\"container\" data-e-type=\"container\">\n\t\t\t\t\t<div class=\"e-con-inner\">\n\t\t<div class=\"elementor-element elementor-element-49722227 e-con-full e-flex e-con e-child\" data-id=\"49722227\" data-element_type=\"container\" data-e-type=\"container\">\n\t\t<div class=\"elementor-element elementor-element-628031a5 e-con-full e-flex e-con e-child\" data-id=\"628031a5\" data-element_type=\"container\" data-e-type=\"container\">\n\t\t\t\t<div class=\"elementor-element elementor-element-33f0fc64 elementor-widget elementor-widget-image\" data-id=\"33f0fc64\" data-element_type=\"widget\" data-e-type=\"widget\" data-widget_type=\"image.default\">\n\t\t\t\t\t\t\t\t\t\t\t\t\t\t\t<img fetchpriority=\"high\" decoding=\"async\" width=\"512\" height=\"512\" src=\"https:\/\/finmission.fi\/wp-content\/uploads\/2025\/11\/android-chrome-512x512-1.png\" class=\"attachment-large size-large wp-image-1413\" alt=\"\" srcset=\"https:\/\/finmission.fi\/wp-content\/uploads\/2025\/11\/android-chrome-512x512-1.png 512w, https:\/\/finmission.fi\/wp-content\/uploads\/2025\/11\/android-chrome-512x512-1-300x300.png 300w, https:\/\/finmission.fi\/wp-content\/uploads\/2025\/11\/android-chrome-512x512-1-150x150.png 150w, https:\/\/finmission.fi\/wp-content\/uploads\/2025\/11\/android-chrome-512x512-1-12x12.png 12w\" sizes=\"(max-width: 512px) 100vw, 512px\" \/>\t\t\t\t\t\t\t\t\t\t\t\t\t\t\t<\/div>\n\t\t\t\t<\/div>\n\t\t<div class=\"elementor-element elementor-element-5317b02 e-con-full e-flex e-con e-child\" data-id=\"5317b02\" data-element_type=\"container\" data-e-type=\"container\">\n\t\t\t\t<div class=\"elementor-element elementor-element-204c62c6 elementor-widget elementor-widget-text-editor\" data-id=\"204c62c6\" data-element_type=\"widget\" data-e-type=\"widget\" data-widget_type=\"text-editor.default\">\n\t\t\t\t\t\t\t\t\t<p><strong>Fishermen\u00b4s international network ry:n<\/strong> hallitukseen kuuluvat<br \/><strong>Tiina Sinkkonen, Tapani Pastila, Jari Mikkola, Pekka P\u00f6k\u00e4l\u00e4 ja Tapani Suonto (pj).<\/strong><\/p><p><strong>FIN<\/strong> ei ole j\u00e4rjest\u00f6 vaan verkosto, joka tukee seurakuntien ja j\u00e4rjest\u00f6jen evankelioimis- ja l\u00e4hetysty\u00f6t\u00e4 liitt\u00e4m\u00e4ll\u00e4 yhteen eri toimijoita. Tarkoitus ei ole rasittaa taloudellisesti tukea saavia tahoja, joilla on jo ennest\u00e4\u00e4n taloudellisia paineita, vaan rahoittaa oma toimintansa itse. T\u00e4t\u00e4<br \/>varten on tarvittu rekister\u00f6ity yhdistys, jolla on juridinen oikeus ottaa vastaan lahjoituksia ja j\u00e4rjest\u00e4\u00e4 varainker\u00e4yksi\u00e4.<\/p><p>K\u00e4yt\u00e4nn\u00f6n toiminnasta vastaa hallituksen lis\u00e4ksi joukko vapaaehtoisia aktiiveja kristittyj\u00e4, jotka tulevat eri kristillisist\u00e4 piireist\u00e4. T\u00e4m\u00e4 ryhm\u00e4 vaihtelee suuresti tapahtumasta ja tapahtumapaikasta riippuen. FIN pyrkii vaikuttamaan sek\u00e4 kaikkialla kotimaassaan Suomessa, ett\u00e4 eri puolella<br \/>maailmaa.<\/p>\t\t\t\t\t\t\t\t<\/div>\n\t\t\t\t<\/div>\n\t\t\t\t<\/div>\n\t\t\t\t\t<\/div>\n\t\t\t\t<\/div>\n\t\t\t\t<\/div>","protected":false},"excerpt":{"rendered":"<p>Hallinto Fishermen\u00b4s international network ry:n hallitukseen kuuluvatTiina Sinkkonen, Tapani Pastila, Jari Mikkola, Pekka P\u00f6k\u00e4l\u00e4 ja Tapani Suonto (pj). FIN ei ole j\u00e4rjest\u00f6 vaan verkosto, joka tukee seurakuntien ja j\u00e4rjest\u00f6jen evankelioimis- ja l\u00e4hetysty\u00f6t\u00e4 liitt\u00e4m\u00e4ll\u00e4 yhteen eri toimijoita. Tarkoitus ei ole rasittaa taloudellisesti tukea saavia tahoja, joilla on jo ennest\u00e4\u00e4n taloudellisia paineita, vaan rahoittaa oma toimintansa itse. [&hellip;]<\/p>","protected":false},"author":1,"featured_media":0,"parent":0,"menu_order":0,"comment_status":"closed","ping_status":"closed","template":"","meta":{"footnotes":""},"categories":[],"tags":[],"class_list":["post-1584","page","type-page","status-publish","hentry"],"_links":{"self":[{"href":"https:\/\/finmission.fi\/en\/wp-json\/wp\/v2\/pages\/1584","targetHints":{"allow":["GET"]}}],"collection":[{"href":"https:\/\/finmission.fi\/en\/wp-json\/wp\/v2\/pages"}],"about":[{"href":"https:\/\/finmission.fi\/en\/wp-json\/wp\/v2\/types\/page"}],"author":[{"embeddable":true,"href":"https:\/\/finmission.fi\/en\/wp-json\/wp\/v2\/users\/1"}],"replies":[{"embeddable":true,"href":"https:\/\/finmission.fi\/en\/wp-json\/wp\/v2\/comments?post=1584"}],"version-history":[{"count":16,"href":"https:\/\/finmission.fi\/en\/wp-json\/wp\/v2\/pages\/1584\/revisions"}],"predecessor-version":[{"id":1601,"href":"https:\/\/finmission.fi\/en\/wp-json\/wp\/v2\/pages\/1584\/revisions\/1601"}],"wp:attachment":[{"href":"https:\/\/finmission.fi\/en\/wp-json\/wp\/v2\/media?parent=1584"}],"wp:term":[{"taxonomy":"category","embeddable":true,"href":"https:\/\/finmission.fi\/en\/wp-json\/wp\/v2\/categories?post=1584"},{"taxonomy":"post_tag","embeddable":true,"href":"https:\/\/finmission.fi\/en\/wp-json\/wp\/v2\/tags?post=1584"}],"curies":[{"name":"wp","href":"https:\/\/api.w.org\/{rel}","templated":true}]}}