{"id":1621,"date":"2026-02-15T11:41:45","date_gmt":"2026-02-15T11:41:45","guid":{"rendered":"https:\/\/finmission.fi\/?page_id=1621"},"modified":"2026-03-25T12:50:49","modified_gmt":"2026-03-25T12:50:49","slug":"nelja-iltaa-jeesuksesta","status":"publish","type":"page","link":"https:\/\/finmission.fi\/en\/nelja-iltaa-jeesuksesta\/","title":{"rendered":"Four evenings about Jesus"},"content":{"rendered":"<div data-elementor-type=\"wp-page\" data-elementor-id=\"1621\" class=\"elementor elementor-1621\" data-elementor-post-type=\"page\">\n\t\t\t\t<div class=\"elementor-element elementor-element-11cab390 e-flex e-con-boxed e-con e-parent\" data-id=\"11cab390\" data-element_type=\"container\" data-e-type=\"container\">\n\t\t\t\t\t<div class=\"e-con-inner\">\n\t\t\t\t<div class=\"elementor-element elementor-element-54235cf4 elementor-widget elementor-widget-heading\" data-id=\"54235cf4\" data-element_type=\"widget\" data-e-type=\"widget\" data-widget_type=\"heading.default\">\n\t\t\t\t\t<h2 class=\"elementor-heading-title elementor-size-default\">FIN<span>MISSION<\/span><\/h2>\t\t\t\t<\/div>\n\t\t\t\t<div class=\"elementor-element elementor-element-38137ffc elementor-widget elementor-widget-heading\" data-id=\"38137ffc\" data-element_type=\"widget\" data-e-type=\"widget\" data-widget_type=\"heading.default\">\n\t\t\t\t\t<h2 class=\"elementor-heading-title elementor-size-default\">NELJ\u00c4 ILTAA JEESUKSESTA<\/h2>\t\t\t\t<\/div>\n\t\t\t\t<div class=\"elementor-element elementor-element-760f87ea elementor-widget elementor-widget-text-editor\" data-id=\"760f87ea\" data-element_type=\"widget\" data-e-type=\"widget\" data-widget_type=\"text-editor.default\">\n\t\t\t\t\t\t\t\t\t<p><strong>&#8211; Helsingin Raamattukoulu &#8211;<\/strong><\/p><p>joka keskiviikko klo 18.00 \u2013 alkaen 15.4. ja p\u00e4\u00e4ttyen 6.5.<\/p>\t\t\t\t\t\t\t\t<\/div>\n\t\t\t\t<div class=\"elementor-element elementor-element-33336a6 elementor-widget elementor-widget-video\" data-id=\"33336a6\" data-element_type=\"widget\" data-e-type=\"widget\" data-settings=\"{&quot;youtube_url&quot;:&quot;https:\\\/\\\/www.youtube.com\\\/shorts\\\/QLVGa9GZM7k?app=desktop&quot;,&quot;video_type&quot;:&quot;youtube&quot;,&quot;controls&quot;:&quot;yes&quot;}\" data-widget_type=\"video.default\">\n\t\t\t\t\t\t\t<div class=\"elementor-wrapper elementor-open-inline\">\n\t\t\t<div class=\"elementor-video\"><\/div>\t\t<\/div>\n\t\t\t\t\t\t<\/div>\n\t\t\t\t\t<\/div>\n\t\t\t\t<\/div>\n\t\t<div class=\"elementor-element elementor-element-1eae9782 e-flex e-con-boxed e-con e-parent\" data-id=\"1eae9782\" data-element_type=\"container\" data-e-type=\"container\">\n\t\t\t\t\t<div class=\"e-con-inner\">\n\t\t<div class=\"elementor-element elementor-element-69e3a59d e-con-full e-flex e-con e-child\" data-id=\"69e3a59d\" data-element_type=\"container\" data-e-type=\"container\">\n\t\t<div class=\"elementor-element elementor-element-5e9a8f6f e-con-full e-flex e-con e-child\" data-id=\"5e9a8f6f\" data-element_type=\"container\" data-e-type=\"container\">\n\t\t\t\t<div class=\"elementor-element elementor-element-62b61731 elementor-widget elementor-widget-text-editor\" data-id=\"62b61731\" data-element_type=\"widget\" data-e-type=\"widget\" data-widget_type=\"text-editor.default\">\n\t\t\t\t\t\t\t\t\t<p><b>NELJ\u00c4 ILTAA JEESUKSESTA<\/b><\/p><p>Jeesus ei kirjoittanut ainoatakaan kirjaa, mutta h\u00e4nest\u00e4 on kirjoitettu enemm\u00e4n kirjoja kuin kenest\u00e4k\u00e4\u00e4n toisesta maan p\u00e4\u00e4ll\u00e4. H\u00e4n ei opiskellut p\u00e4iv\u00e4\u00e4k\u00e4\u00e4n psykologiaa, mutta H\u00e4n on parantanut s\u00e4rjettyj\u00e4 syd\u00e4mi\u00e4 enemm\u00e4n kuin kukaan toinen. H\u00e4n ei ylitt\u00e4nyt kertaakaan aikuisena maansa rajoja, mutta sanoma h\u00e4nest\u00e4 on levinnyt kaikkialle maailmaan. H\u00e4n vaikutti vain kolme vuotta syrj\u00e4isess\u00e4 kolkassa l\u00e4hi-id\u00e4ss\u00e4, mutta h\u00e4nt\u00e4 pidet\u00e4\u00e4n kaikkialla maailmassa historian vaikutusvaltaisimpana henkil\u00f6n\u00e4.<\/p>\t\t\t\t\t\t\t\t<\/div>\n\t\t\t\t<\/div>\n\t\t<div class=\"elementor-element elementor-element-54a24848 e-con-full e-flex e-con e-child\" data-id=\"54a24848\" data-element_type=\"container\" data-e-type=\"container\">\n\t\t\t\t<div class=\"elementor-element elementor-element-75f7a7f elementor-widget elementor-widget-image\" data-id=\"75f7a7f\" data-element_type=\"widget\" data-e-type=\"widget\" data-widget_type=\"image.default\">\n\t\t\t\t\t\t\t\t\t\t\t\t\t\t\t<img fetchpriority=\"high\" decoding=\"async\" width=\"538\" height=\"416\" src=\"https:\/\/finmission.fi\/wp-content\/uploads\/2025\/10\/jesus-e1760615906887.jpg\" class=\"attachment-full size-full wp-image-647\" alt=\"\" srcset=\"https:\/\/finmission.fi\/wp-content\/uploads\/2025\/10\/jesus-e1760615906887.jpg 538w, https:\/\/finmission.fi\/wp-content\/uploads\/2025\/10\/jesus-e1760615906887-300x232.jpg 300w, https:\/\/finmission.fi\/wp-content\/uploads\/2025\/10\/jesus-e1760615906887-16x12.jpg 16w\" sizes=\"(max-width: 538px) 100vw, 538px\" \/>\t\t\t\t\t\t\t\t\t\t\t\t\t\t\t<\/div>\n\t\t\t\t<\/div>\n\t\t\t\t<\/div>\n\t\t\t\t\t<\/div>\n\t\t\t\t<\/div>\n\t\t<div class=\"elementor-element elementor-element-22700a6 e-flex e-con-boxed e-con e-parent\" data-id=\"22700a6\" data-element_type=\"container\" data-e-type=\"container\">\n\t\t\t\t\t<div class=\"e-con-inner\">\n\t\t<div class=\"elementor-element elementor-element-ec12402 e-con-full e-flex e-con e-child\" data-id=\"ec12402\" data-element_type=\"container\" data-e-type=\"container\">\n\t\t<div class=\"elementor-element elementor-element-01351c8 e-con-full elementor-hidden-mobile e-flex e-con e-child\" data-id=\"01351c8\" data-element_type=\"container\" data-e-type=\"container\">\n\t\t\t\t<div class=\"elementor-element elementor-element-7e5c019 elementor-widget elementor-widget-image\" data-id=\"7e5c019\" data-element_type=\"widget\" data-e-type=\"widget\" data-widget_type=\"image.default\">\n\t\t\t\t\t\t\t\t\t\t\t\t\t\t\t<img decoding=\"async\" width=\"292\" height=\"216\" src=\"https:\/\/finmission.fi\/wp-content\/uploads\/2025\/09\/Nayttokuva-2025-09-19-kello-13.52.36.png\" class=\"attachment-large size-large wp-image-22\" alt=\"\" \/>\t\t\t\t\t\t\t\t\t\t\t\t\t\t\t<\/div>\n\t\t\t\t<\/div>\n\t\t<div class=\"elementor-element elementor-element-f3ce887 e-con-full e-flex e-con e-child\" data-id=\"f3ce887\" data-element_type=\"container\" data-e-type=\"container\">\n\t\t\t\t<div class=\"elementor-element elementor-element-b5debf5 elementor-widget elementor-widget-text-editor\" data-id=\"b5debf5\" data-element_type=\"widget\" data-e-type=\"widget\" data-widget_type=\"text-editor.default\">\n\t\t\t\t\t\t\t\t\t<p><b>Mihin perustuu tuon miehen k\u00e4sitt\u00e4m\u00e4t\u00f6n vaikutusvalta?<\/b><\/p><p>Nelj\u00e4 iltaa Jeesuksesta avaa eteemme t\u00e4m\u00e4n suuren salaisuuden, joka voi mullistaa kenen tahansa el\u00e4m\u00e4n my\u00f6s t\u00e4n\u00e4 p\u00e4iv\u00e4n\u00e4. Avoimet illat Helsingin Raamattukoulussa, T\u00f6\u00f6l\u00f6nkatu 7 A,<br \/>joka keskiviikko klo 18.00 \u2013 alkaen 15.4. ja p\u00e4\u00e4ttyen 6.5.<br \/>Puhujina Raamatun opettajat Hannu \u00c4im\u00e4nen ja Tapani Suonto.<\/p><p><strong>Vapaa p\u00e4\u00e4sy!<\/strong><br \/>J\u00e4rjest\u00e4\u00e4 Finmissio ja Helsingin Raamattukoulu<\/p>\t\t\t\t\t\t\t\t<\/div>\n\t\t\t\t<\/div>\n\t\t\t\t<\/div>\n\t\t\t\t\t<\/div>\n\t\t\t\t<\/div>\n\t\t<div class=\"elementor-element elementor-element-ecb03df e-flex e-con-boxed e-con e-parent\" data-id=\"ecb03df\" data-element_type=\"container\" data-e-type=\"container\">\n\t\t\t\t\t<div class=\"e-con-inner\">\n\t\t\t\t<div class=\"elementor-element elementor-element-398e328 elementor-widget elementor-widget-heading\" data-id=\"398e328\" data-element_type=\"widget\" data-e-type=\"widget\" data-widget_type=\"heading.default\">\n\t\t\t\t\t<h2 class=\"elementor-heading-title elementor-size-default\"><a href=\"https:\/\/finmission.fi\/en\/fin-missiot\/\">OHJELMA<\/a><\/h2>\t\t\t\t<\/div>\n\t\t\t\t<div class=\"elementor-element elementor-element-3a2a3ede elementor-widget elementor-widget-text-editor\" data-id=\"3a2a3ede\" data-element_type=\"widget\" data-e-type=\"widget\" data-widget_type=\"text-editor.default\">\n\t\t\t\t\t\t\t\t\t<p>\u00a0<\/p><p><strong>1) SANA TULI LIHAKSI (Joh.1:14)<br \/><\/strong>Kristinusko kulminoituu Jeesukseen. Jos otat Jeesuksen pois, ei kristinuskosta j\u00e4\u00e4 j\u00e4ljelle mit\u00e4\u00e4n. Miksi Jeesus on niin keskeinen koko Kristinuskossa? Miksi kaikki romahtaa, jos unohdetaan Jeesus?<\/p><p><strong>2) SINUN ON ANNETTAVA H\u00c4NELLE NIMI JEESUS (Matt.1:21)<\/strong><br \/>Juutalaiset odottivat Raamatun ennustamaa Messiasta, joka tulee hallitsemaan, tekee Israelista suuren ja mahtavan ja kansasta rikkaan ja menestyv\u00e4n. He saivat Messiaan, mutta H\u00e4n olikin Jeesus, Vapahtaja. Mik\u00e4 merkitys sill\u00e4 oli?<\/p><p><strong>3) OLETKO PETTYNYT ITSEESI? (Room. 7:18)<\/strong><br \/>Paavali kirjoitti: \u201dMin\u00e4 viheli\u00e4inen ihminen. Kuka pelastaa minut t\u00e4st\u00e4 kuoleman ruumiista\u201d (Room.7:24) Raamatun totuuden \u00e4\u00e4rell\u00e4 jokainen ihminen joutuu pettym\u00e4\u00e4n itseens\u00e4. Mutta juuri silloin meille avautuu armo ja rakkaus, joka ilmestyi meille Jeesuksessa.<\/p><p><strong>4) JEESUS ON TULLUT VALKEUDEKSI MAAILMAAN (Joh. 12:46)<\/strong><br \/>Sielun vihollinen on pimeyden ruhtinas. H\u00e4n rakastaa pimeytt\u00e4 ja vihaa valkeutta.<br \/>Jeesus on valkeuden Herra. H\u00e4n rakastaa valkeutta ja vihaa pimeytt\u00e4. Mit\u00e4 se merkitsee t\u00e4m\u00e4n p\u00e4iv\u00e4n ihmiselle?<\/p>\t\t\t\t\t\t\t\t<\/div>\n\t\t\t\t\t<\/div>\n\t\t\t\t<\/div>\n\t\t<div class=\"elementor-element elementor-element-24696c8d e-flex e-con-boxed e-con e-parent\" data-id=\"24696c8d\" data-element_type=\"container\" data-e-type=\"container\">\n\t\t\t\t\t<div class=\"e-con-inner\">\n\t\t<div class=\"elementor-element elementor-element-13cd4041 e-con-full e-flex e-con e-child\" data-id=\"13cd4041\" data-element_type=\"container\" data-e-type=\"container\">\n\t\t<div class=\"elementor-element elementor-element-5c67fdbe e-con-full e-flex e-con e-child\" data-id=\"5c67fdbe\" data-element_type=\"container\" data-e-type=\"container\">\n\t\t\t\t<\/div>\n\t\t\t\t<\/div>\n\t\t\t\t\t<\/div>\n\t\t\t\t<\/div>\n\t\t\t\t<\/div>","protected":false},"excerpt":{"rendered":"<p>FINMISSIO NELJ\u00c4 ILTAA JEESUKSESTA &#8211; Helsingin Raamattukoulu &#8211; joka keskiviikko klo 18.00 \u2013 alkaen 15.4. ja p\u00e4\u00e4ttyen 6.5. https:\/\/www.youtube.com\/shorts\/QLVGa9GZM7k?app=desktop NELJ\u00c4 ILTAA JEESUKSESTA Jeesus ei kirjoittanut ainoatakaan kirjaa, mutta h\u00e4nest\u00e4 on kirjoitettu enemm\u00e4n kirjoja kuin kenest\u00e4k\u00e4\u00e4n toisesta maan p\u00e4\u00e4ll\u00e4. H\u00e4n ei opiskellut p\u00e4iv\u00e4\u00e4k\u00e4\u00e4n psykologiaa, mutta H\u00e4n on parantanut s\u00e4rjettyj\u00e4 syd\u00e4mi\u00e4 enemm\u00e4n kuin kukaan toinen. H\u00e4n ei [&hellip;]<\/p>","protected":false},"author":1,"featured_media":1632,"parent":0,"menu_order":0,"comment_status":"closed","ping_status":"closed","template":"","meta":{"footnotes":""},"categories":[18],"tags":[],"class_list":["post-1621","page","type-page","status-publish","has-post-thumbnail","hentry","category-fin-missio-tapahtuma"],"_links":{"self":[{"href":"https:\/\/finmission.fi\/en\/wp-json\/wp\/v2\/pages\/1621","targetHints":{"allow":["GET"]}}],"collection":[{"href":"https:\/\/finmission.fi\/en\/wp-json\/wp\/v2\/pages"}],"about":[{"href":"https:\/\/finmission.fi\/en\/wp-json\/wp\/v2\/types\/page"}],"author":[{"embeddable":true,"href":"https:\/\/finmission.fi\/en\/wp-json\/wp\/v2\/users\/1"}],"replies":[{"embeddable":true,"href":"https:\/\/finmission.fi\/en\/wp-json\/wp\/v2\/comments?post=1621"}],"version-history":[{"count":19,"href":"https:\/\/finmission.fi\/en\/wp-json\/wp\/v2\/pages\/1621\/revisions"}],"predecessor-version":[{"id":1725,"href":"https:\/\/finmission.fi\/en\/wp-json\/wp\/v2\/pages\/1621\/revisions\/1725"}],"wp:featuredmedia":[{"embeddable":true,"href":"https:\/\/finmission.fi\/en\/wp-json\/wp\/v2\/media\/1632"}],"wp:attachment":[{"href":"https:\/\/finmission.fi\/en\/wp-json\/wp\/v2\/media?parent=1621"}],"wp:term":[{"taxonomy":"category","embeddable":true,"href":"https:\/\/finmission.fi\/en\/wp-json\/wp\/v2\/categories?post=1621"},{"taxonomy":"post_tag","embeddable":true,"href":"https:\/\/finmission.fi\/en\/wp-json\/wp\/v2\/tags?post=1621"}],"curies":[{"name":"wp","href":"https:\/\/api.w.org\/{rel}","templated":true}]}}