{"id":1656,"date":"2026-03-23T13:33:39","date_gmt":"2026-03-23T13:33:39","guid":{"rendered":"https:\/\/finmission.fi\/?page_id=1656"},"modified":"2026-03-30T09:11:47","modified_gmt":"2026-03-30T09:11:47","slug":"fin-missio-fuengirola-onnistui-yli-odotusten","status":"publish","type":"page","link":"https:\/\/finmission.fi\/en\/fin-missio-fuengirola-onnistui-yli-odotusten\/","title":{"rendered":"Finmissio Fuengirola exceeded expectations"},"content":{"rendered":"<div data-elementor-type=\"wp-page\" data-elementor-id=\"1656\" class=\"elementor elementor-1656\" data-elementor-post-type=\"page\">\n\t\t\t\t<div class=\"elementor-element elementor-element-5951791c e-flex e-con-boxed e-con e-parent\" data-id=\"5951791c\" data-element_type=\"container\" data-e-type=\"container\">\n\t\t\t\t\t<div class=\"e-con-inner\">\n\t\t\t\t<div class=\"elementor-element elementor-element-53726d1e elementor-widget elementor-widget-heading\" data-id=\"53726d1e\" data-element_type=\"widget\" data-e-type=\"widget\" data-widget_type=\"heading.default\">\n\t\t\t\t\t<h2 class=\"elementor-heading-title elementor-size-default\">FIN-<span>MISSION<\/span><\/h2>\t\t\t\t<\/div>\n\t\t\t\t<div class=\"elementor-element elementor-element-69261ccc elementor-widget elementor-widget-heading\" data-id=\"69261ccc\" data-element_type=\"widget\" data-e-type=\"widget\" data-widget_type=\"heading.default\">\n\t\t\t\t\t<h2 class=\"elementor-heading-title elementor-size-default\">Fuengirola onnistui yli odotusten <\/h2>\t\t\t\t<\/div>\n\t\t\t\t<div class=\"elementor-element elementor-element-c6c8df3 elementor-widget elementor-widget-text-editor\" data-id=\"c6c8df3\" data-element_type=\"widget\" data-e-type=\"widget\" data-widget_type=\"text-editor.default\">\n\t\t\t\t\t\t\t\t\t<p>Kun Suomessa elettiin viel\u00e4 varhaista kev\u00e4tt\u00e4 ja odotettiin lumen sulamista, Espanjan<br \/>Fuengirolassa nautittiin jo kes\u00e4auringosta. Suuri joukko suomalaisia oli saapunut kaupunkiin osallistuakseen Finmissio Fuengirolaan.<\/p><p><strong>Katso video<\/strong><\/p>\t\t\t\t\t\t\t\t<\/div>\n\t\t\t\t<div class=\"elementor-element elementor-element-c6bb994 elementor-widget elementor-widget-html\" data-id=\"c6bb994\" data-element_type=\"widget\" data-e-type=\"widget\" data-widget_type=\"html.default\">\n\t\t\t\t\t<div style=\"max-width:900px;margin:0 auto;border-radius:16px;overflow:hidden;box-shadow:0 10px 30px rgba(0,0,0,0.12);aspect-ratio:16\/9;\">\r\n  <iframe\r\n    src=\"https:\/\/drive.google.com\/file\/d\/1P_IlqC3j1aijlPHiqNf2v9EWyMM1syr0\/preview\"\r\n    allow=\"autoplay\"\r\n    style=\"width:100%;height:100%;border:0;display:block;\">\r\n  <\/iframe>\r\n<\/div>\t\t\t\t<\/div>\n\t\t\t\t\t<\/div>\n\t\t\t\t<\/div>\n\t\t<div class=\"elementor-element elementor-element-70459f70 e-flex e-con-boxed e-con e-parent\" data-id=\"70459f70\" data-element_type=\"container\" data-e-type=\"container\">\n\t\t\t\t\t<div class=\"e-con-inner\">\n\t\t<div class=\"elementor-element elementor-element-63a8bf9e e-con-full e-flex e-con e-child\" data-id=\"63a8bf9e\" data-element_type=\"container\" data-e-type=\"container\">\n\t\t<div class=\"elementor-element elementor-element-167b2554 e-con-full elementor-hidden-mobile e-flex e-con e-child\" data-id=\"167b2554\" data-element_type=\"container\" data-e-type=\"container\">\n\t\t\t\t<div class=\"elementor-element elementor-element-f55952d elementor-widget elementor-widget-image\" data-id=\"f55952d\" data-element_type=\"widget\" data-e-type=\"widget\" data-widget_type=\"image.default\">\n\t\t\t\t\t\t\t\t\t\t\t\t\t\t\t<img fetchpriority=\"high\" decoding=\"async\" width=\"800\" height=\"600\" src=\"https:\/\/finmission.fi\/wp-content\/uploads\/2026\/03\/PHOTO-2026-03-19-22-38-45-1024x768.jpg\" class=\"attachment-large size-large wp-image-1688\" alt=\"\" srcset=\"https:\/\/finmission.fi\/wp-content\/uploads\/2026\/03\/PHOTO-2026-03-19-22-38-45-1024x768.jpg 1024w, https:\/\/finmission.fi\/wp-content\/uploads\/2026\/03\/PHOTO-2026-03-19-22-38-45-300x225.jpg 300w, https:\/\/finmission.fi\/wp-content\/uploads\/2026\/03\/PHOTO-2026-03-19-22-38-45-768x576.jpg 768w, https:\/\/finmission.fi\/wp-content\/uploads\/2026\/03\/PHOTO-2026-03-19-22-38-45-1536x1152.jpg 1536w, https:\/\/finmission.fi\/wp-content\/uploads\/2026\/03\/PHOTO-2026-03-19-22-38-45-16x12.jpg 16w, https:\/\/finmission.fi\/wp-content\/uploads\/2026\/03\/PHOTO-2026-03-19-22-38-45.jpg 1600w\" sizes=\"(max-width: 800px) 100vw, 800px\" \/>\t\t\t\t\t\t\t\t\t\t\t\t\t\t\t<\/div>\n\t\t\t\t<\/div>\n\t\t<div class=\"elementor-element elementor-element-29ca4a68 e-con-full e-flex e-con e-child\" data-id=\"29ca4a68\" data-element_type=\"container\" data-e-type=\"container\">\n\t\t\t\t<div class=\"elementor-element elementor-element-7e31b1be elementor-widget elementor-widget-heading\" data-id=\"7e31b1be\" data-element_type=\"widget\" data-e-type=\"widget\" data-widget_type=\"heading.default\">\n\t\t\t\t\t<h2 class=\"elementor-heading-title elementor-size-default\"><a href=\"https:\/\/finmission.fi\/en\/fin-missiot\/\">Finmissio antoi toivoa<\/a><\/h2>\t\t\t\t<\/div>\n\t\t\t\t<div class=\"elementor-element elementor-element-6230e049 elementor-widget elementor-widget-text-editor\" data-id=\"6230e049\" data-element_type=\"widget\" data-e-type=\"widget\" data-widget_type=\"text-editor.default\">\n\t\t\t\t\t\t\t\t\t<p>Tapahtumaa oli valmisteltu rukoillen kuukausia ja kun kadut kuhisivat kristittyj\u00e4, koko kaupunki tuli tietoiseksi siit\u00e4, kuka on Herrain Herra ja Kuningasten kuningas. Sanoma Jeesuksesta saavutti tuhansia, kun Raamatun sanoma levisi mit\u00e4 erilaisimmilla kielill\u00e4. Joku otti Raamatun vastaan kyyneleet silmiss\u00e4 ja ihmetteli Jumalan johdatusta. H\u00e4n oli juuri rukoillut, ett\u00e4 Jumala antaisi h\u00e4nelle Raamatun. Toinen kertoi aikoneensa hyp\u00e4t\u00e4 sin\u00e4 p\u00e4iv\u00e4n\u00e4 junan alle, mutta saikin kuulla Jeesuksesta, joka voi pelastaa ja tehd\u00e4 uuttaa ihmisen el\u00e4m\u00e4n.<br \/><br \/>Kaupungissa asuvia suomalaisia kutsuttiin mukaan rantabulevardilla sijaitsevan hotellin konferenssisalliin viikonlopun tilaisuuksiin. Sali t\u00e4yttyi molempina p\u00e4ivin\u00e4 ja evankeliumia julistettiin lauluin, todistuksin, n\u00e4ytelmin ja saarnoin. Tapahtuma yhdisti my\u00f6s Fuengirolan seurakunnat yhteisen sanoman \u00e4\u00e4relle ja rakkauden yhteys oli k\u00e4sin kosketeltava. Kenellek\u00e4\u00e4n ei j\u00e4\u00e4nyt ep\u00e4selv\u00e4ksi, miksi Jeesus Kristus k\u00e4rsi ristill\u00e4 kaksi tuhatta vuotta sitten.\u00a0<\/p>\t\t\t\t\t\t\t\t<\/div>\n\t\t\t\t<div class=\"elementor-element elementor-element-741a310 elementor-hidden-desktop elementor-hidden-tablet elementor-widget elementor-widget-image\" data-id=\"741a310\" data-element_type=\"widget\" data-e-type=\"widget\" data-widget_type=\"image.default\">\n\t\t\t\t\t\t\t\t\t\t\t\t\t\t\t<img fetchpriority=\"high\" decoding=\"async\" width=\"800\" height=\"600\" src=\"https:\/\/finmission.fi\/wp-content\/uploads\/2026\/03\/PHOTO-2026-03-19-22-38-45-1024x768.jpg\" class=\"attachment-large size-large wp-image-1688\" alt=\"\" srcset=\"https:\/\/finmission.fi\/wp-content\/uploads\/2026\/03\/PHOTO-2026-03-19-22-38-45-1024x768.jpg 1024w, https:\/\/finmission.fi\/wp-content\/uploads\/2026\/03\/PHOTO-2026-03-19-22-38-45-300x225.jpg 300w, https:\/\/finmission.fi\/wp-content\/uploads\/2026\/03\/PHOTO-2026-03-19-22-38-45-768x576.jpg 768w, https:\/\/finmission.fi\/wp-content\/uploads\/2026\/03\/PHOTO-2026-03-19-22-38-45-1536x1152.jpg 1536w, https:\/\/finmission.fi\/wp-content\/uploads\/2026\/03\/PHOTO-2026-03-19-22-38-45-16x12.jpg 16w, https:\/\/finmission.fi\/wp-content\/uploads\/2026\/03\/PHOTO-2026-03-19-22-38-45.jpg 1600w\" sizes=\"(max-width: 800px) 100vw, 800px\" \/>\t\t\t\t\t\t\t\t\t\t\t\t\t\t\t<\/div>\n\t\t\t\t<\/div>\n\t\t\t\t<\/div>\n\t\t<div class=\"elementor-element elementor-element-b9e71f9 e-con-full e-flex e-con e-child\" data-id=\"b9e71f9\" data-element_type=\"container\" data-e-type=\"container\" data-settings=\"{&quot;background_background&quot;:&quot;slideshow&quot;,&quot;background_slideshow_gallery&quot;:[{&quot;id&quot;:1569,&quot;url&quot;:&quot;https:\\\/\\\/finmission.fi\\\/wp-content\\\/uploads\\\/2026\\\/01\\\/480_F_503131356_DmyAODvSd1BEDp5vAP80ZFfAPJkYY1eg.jpeg&quot;},{&quot;id&quot;:1571,&quot;url&quot;:&quot;https:\\\/\\\/finmission.fi\\\/wp-content\\\/uploads\\\/2026\\\/01\\\/480_F_558875250_Q1DrHfO5hme9eLdKVUIRajcIx0dHvbz0.jpeg&quot;},{&quot;id&quot;:1572,&quot;url&quot;:&quot;https:\\\/\\\/finmission.fi\\\/wp-content\\\/uploads\\\/2026\\\/01\\\/480_F_1781257195_YW5jYzkMmFcG5na2KyDA7TQyye25OSaZ.jpeg&quot;},{&quot;id&quot;:1573,&quot;url&quot;:&quot;https:\\\/\\\/finmission.fi\\\/wp-content\\\/uploads\\\/2026\\\/01\\\/480_F_1823993304_eCh1boZtid3hjuMG03Fm7mTPorTnU9fB.jpeg&quot;}],&quot;background_slideshow_loop&quot;:&quot;yes&quot;,&quot;background_slideshow_slide_duration&quot;:5000,&quot;background_slideshow_slide_transition&quot;:&quot;fade&quot;,&quot;background_slideshow_transition_duration&quot;:500}\">\n\t\t<div class=\"elementor-element elementor-element-420292e6 e-con-full e-flex e-con e-child\" data-id=\"420292e6\" data-element_type=\"container\" data-e-type=\"container\">\n\t\t\t\t<div class=\"elementor-element elementor-element-2e21d6dd elementor-widget elementor-widget-text-editor\" data-id=\"2e21d6dd\" data-element_type=\"widget\" data-e-type=\"widget\" data-widget_type=\"text-editor.default\">\n\t\t\t\t\t\t\t\t\t<p>Ensimm\u00e4inen Finmissio Fuengirola onnistui yli odotusten, evankeliumi saavutti suomalaisten lis\u00e4ksi monia eri kansallisuuksia ja ihmiset l\u00e4hetettiin esirukouksien saattelemana jatkamaan matkaa luottaen siihen, ett\u00e4 Jumala ei j\u00e4t\u00e4 kesken alkamaansa ty\u00f6t\u00e4.<br \/><br \/>Suomesta l\u00e4hti Fuengirola-missioon arviolta 30-40 henke\u00e4, ja kun paikan p\u00e4\u00e4ll\u00e4 oli muutamia satoja uskovia, osallistujien joukko kasvoi yhteens\u00e4 satoihin. Fuengirola-missio oli malli esimerkki siit\u00e4, millaisia tapahtumia Finmissio voi j\u00e4rjest\u00e4\u00e4. Mission hedelm\u00e4\u00e4 on mahdotonta laskea, sill\u00e4 vain Jumala tiet\u00e4\u00e4, mit\u00e4 tuon viikon aikana tapahtui hengellisess\u00e4 maailmassa. Kaduilla kohdattiin kuitenkin satoja ihmisi\u00e4 ja Raamattuja ja muuta hengellist\u00e4 materiaalia l\u00e4hti matkaan suuret m\u00e4\u00e4r\u00e4t. Vaikka aamuisin joidenkin kohtaamispisteiden p\u00f6yd\u00e4t notkuivat materiaalista, pian tuotiin jo t\u00e4ydennyst\u00e4, kun p\u00f6yt\u00e4 alkoi olla tyhj\u00e4. Keskusteluja k\u00e4ytiin satoja ja monien puolesta saatiin rukoilla kaduilla. Viikon aikana tavoitettiin suuri m\u00e4\u00e4r\u00e4 eri kansallisuuksia.<\/p><p>Viikonlopun kokouksissa hotelli Yaramarin konferenssisalissa kolmesataa paikkaa t\u00e4yttyi l\u00e4hes<br \/>\u00e4\u00e4ri\u00e4\u00e4n my\u00f6ten molempina iltoina ja sunnuntaina sek\u00e4 luterilainen seurakunta ett\u00e4<br \/>helluntaiseurakunta olivat my\u00f6s tupaten t\u00e4ynn\u00e4. Tapahtumalla oli suuri innostava ja uskoa luova<br \/>vaikutus my\u00f6s kaikkiin uskoviin, jotka osallistuivat tilaisuuksiin. Palaute oli pelk\u00e4st\u00e4\u00e4n positiivista.<\/p>\t\t\t\t\t\t\t\t<\/div>\n\t\t\t\t<\/div>\n\t\t\t\t<\/div>\n\t\t\t\t\t<\/div>\n\t\t\t\t<\/div>\n\t\t<div class=\"elementor-element elementor-element-758bb944 e-flex e-con-boxed e-con e-parent\" data-id=\"758bb944\" data-element_type=\"container\" data-e-type=\"container\">\n\t\t\t\t\t<div class=\"e-con-inner\">\n\t\t<div class=\"elementor-element elementor-element-1654cca3 e-con-full e-flex e-con e-child\" data-id=\"1654cca3\" data-element_type=\"container\" data-e-type=\"container\">\n\t\t<div class=\"elementor-element elementor-element-268614a6 e-con-full e-flex e-con e-child\" data-id=\"268614a6\" data-element_type=\"container\" data-e-type=\"container\">\n\t\t\t\t<div class=\"elementor-element elementor-element-5b046aad elementor-widget elementor-widget-text-editor\" data-id=\"5b046aad\" data-element_type=\"widget\" data-e-type=\"widget\" data-widget_type=\"text-editor.default\">\n\t\t\t\t\t\t\t\t\t<p>Koska iltatilaisuuksien sali oli lavalta katsottuna l\u00e4hes pime\u00e4, ei lavalta voinut n\u00e4hd\u00e4 kuin eturiville, mutta siin\u00e4kin jo jokin k\u00e4si nousi varovasti merkiksi siit\u00e4, ett\u00e4 ihminen haluaa avata syd\u00e4mens\u00e4 Kristukselle. Jumala tiet\u00e4\u00e4, miten moni otti ensi askeleen Jeesuksen puoleen. Finmissio otti t\u00e4yden vastuun tapahtuman kustannuksista. Kaikissa kokouksissa ker\u00e4ttiin kolehdit kulujen peitt\u00e4miseksi. Ne riittiv\u00e4t vajaaseen puoleen kokonaiskustannuksista. Pyyd\u00e4mmekin esirukousta, ett\u00e4 saamme peitetty\u00e4 loputkin kustannuksista. Finmissio toimii uskon varassa ja luotamme t\u00e4ysin siihen, ett\u00e4 kun teemme sen, mit\u00e4 Herra kehottaa, H\u00e4n kyll\u00e4 pit\u00e4\u00e4 huolen my\u00f6s tarpeistamme.<\/p>\t\t\t\t\t\t\t\t<\/div>\n\t\t\t\t<\/div>\n\t\t<div class=\"elementor-element elementor-element-36774c1 e-con-full e-flex e-con e-child\" data-id=\"36774c1\" data-element_type=\"container\" data-e-type=\"container\">\n\t\t\t\t<div class=\"elementor-element elementor-element-6577fc8 elementor-widget elementor-widget-image\" data-id=\"6577fc8\" data-element_type=\"widget\" data-e-type=\"widget\" data-widget_type=\"image.default\">\n\t\t\t\t\t\t\t\t\t\t\t\t\t\t\t<img decoding=\"async\" width=\"800\" height=\"600\" src=\"https:\/\/finmission.fi\/wp-content\/uploads\/2026\/03\/PHOTO-2026-03-19-22-39-59-1-1024x768.jpg\" class=\"attachment-large size-large wp-image-1690\" alt=\"\" srcset=\"https:\/\/finmission.fi\/wp-content\/uploads\/2026\/03\/PHOTO-2026-03-19-22-39-59-1-1024x768.jpg 1024w, https:\/\/finmission.fi\/wp-content\/uploads\/2026\/03\/PHOTO-2026-03-19-22-39-59-1-300x225.jpg 300w, https:\/\/finmission.fi\/wp-content\/uploads\/2026\/03\/PHOTO-2026-03-19-22-39-59-1-768x576.jpg 768w, https:\/\/finmission.fi\/wp-content\/uploads\/2026\/03\/PHOTO-2026-03-19-22-39-59-1-1536x1152.jpg 1536w, https:\/\/finmission.fi\/wp-content\/uploads\/2026\/03\/PHOTO-2026-03-19-22-39-59-1-16x12.jpg 16w, https:\/\/finmission.fi\/wp-content\/uploads\/2026\/03\/PHOTO-2026-03-19-22-39-59-1.jpg 1600w\" sizes=\"(max-width: 800px) 100vw, 800px\" \/>\t\t\t\t\t\t\t\t\t\t\t\t\t\t\t<\/div>\n\t\t\t\t<\/div>\n\t\t\t\t<\/div>\n\t\t\t\t\t<\/div>\n\t\t\t\t<\/div>\n\t\t<div class=\"elementor-element elementor-element-3ec78072 e-flex e-con-boxed e-con e-parent\" data-id=\"3ec78072\" data-element_type=\"container\" data-e-type=\"container\">\n\t\t\t\t\t<div class=\"e-con-inner\">\n\t\t<div class=\"elementor-element elementor-element-7af982b4 e-con-full e-flex e-con e-child\" data-id=\"7af982b4\" data-element_type=\"container\" data-e-type=\"container\">\n\t\t<div class=\"elementor-element elementor-element-5fd208c7 e-con-full elementor-hidden-mobile e-flex e-con e-child\" data-id=\"5fd208c7\" data-element_type=\"container\" data-e-type=\"container\">\n\t\t\t\t<div class=\"elementor-element elementor-element-4e6b6ad5 elementor-widget elementor-widget-image\" data-id=\"4e6b6ad5\" data-element_type=\"widget\" data-e-type=\"widget\" data-widget_type=\"image.default\">\n\t\t\t\t\t\t\t\t\t\t\t\t\t\t\t<img decoding=\"async\" width=\"800\" height=\"457\" src=\"https:\/\/finmission.fi\/wp-content\/uploads\/2025\/10\/rukoilu.jpg\" class=\"attachment-large size-large wp-image-622\" alt=\"\" srcset=\"https:\/\/finmission.fi\/wp-content\/uploads\/2025\/10\/rukoilu.jpg 841w, https:\/\/finmission.fi\/wp-content\/uploads\/2025\/10\/rukoilu-300x171.jpg 300w, https:\/\/finmission.fi\/wp-content\/uploads\/2025\/10\/rukoilu-768x438.jpg 768w, https:\/\/finmission.fi\/wp-content\/uploads\/2025\/10\/rukoilu-18x10.jpg 18w\" sizes=\"(max-width: 800px) 100vw, 800px\" \/>\t\t\t\t\t\t\t\t\t\t\t\t\t\t\t<\/div>\n\t\t\t\t<\/div>\n\t\t<div class=\"elementor-element elementor-element-6343bb31 e-con-full e-flex e-con e-child\" data-id=\"6343bb31\" data-element_type=\"container\" data-e-type=\"container\">\n\t\t\t\t<div class=\"elementor-element elementor-element-45300390 elementor-widget elementor-widget-text-editor\" data-id=\"45300390\" data-element_type=\"widget\" data-e-type=\"widget\" data-widget_type=\"text-editor.default\">\n\t\t\t\t\t\t\t\t\t<p>Maaliskuussa j\u00e4rjestetty <strong>Finmissio Fuengirola<\/strong> oli ensimm\u00e4inen, mutta ei viimeinen tuossa kaupungissa. Tiedotamme pian seuraavan mission ajankohdasta. Uusia missioita tulee my\u00f6s Suomeen. Seuraa finmission.fi sivustoa ja saat tietoa tulevista tapahtumista. Voit my\u00f6s innostaa yst\u00e4vi\u00e4si mukaan ja n\u00e4in tuli levi\u00e4\u00e4 yh\u00e4 laajemmalle.<\/p><p><strong>Jaa kirjoitus:<\/strong><\/p>\t\t\t\t\t\t\t\t<\/div>\n\t\t\t\t<div class=\"elementor-element elementor-element-8cf8b5f elementor-share-buttons--view-icon elementor-share-buttons--skin-gradient elementor-share-buttons--shape-square elementor-grid-0 elementor-share-buttons--color-official elementor-widget elementor-widget-share-buttons\" data-id=\"8cf8b5f\" data-element_type=\"widget\" data-e-type=\"widget\" data-widget_type=\"share-buttons.default\">\n\t\t\t\t\t\t\t<div class=\"elementor-grid\" role=\"list\">\n\t\t\t\t\t\t\t\t<div class=\"elementor-grid-item\" role=\"listitem\">\n\t\t\t\t\t\t<div class=\"elementor-share-btn elementor-share-btn_whatsapp\" role=\"button\" tabindex=\"0\" aria-label=\"Share on whatsapp\">\n\t\t\t\t\t\t\t\t\t\t\t\t\t\t\t<span class=\"elementor-share-btn__icon\">\n\t\t\t\t\t\t\t\t<svg aria-hidden=\"true\" class=\"e-font-icon-svg e-fab-whatsapp\" viewbox=\"0 0 448 512\" xmlns=\"http:\/\/www.w3.org\/2000\/svg\"><path d=\"M380.9 97.1C339 55.1 283.2 32 223.9 32c-122.4 0-222 99.6-222 222 0 39.1 10.2 77.3 29.6 111L0 480l117.7-30.9c32.4 17.7 68.9 27 106.1 27h.1c122.3 0 224.1-99.6 224.1-222 0-59.3-25.2-115-67.1-157zm-157 341.6c-33.2 0-65.7-8.9-94-25.7l-6.7-4-69.8 18.3L72 359.2l-4.4-7c-18.5-29.4-28.2-63.3-28.2-98.2 0-101.7 82.8-184.5 184.6-184.5 49.3 0 95.6 19.2 130.4 54.1 34.8 34.9 56.2 81.2 56.1 130.5 0 101.8-84.9 184.6-186.6 184.6zm101.2-138.2c-5.5-2.8-32.8-16.2-37.9-18-5.1-1.9-8.8-2.8-12.5 2.8-3.7 5.6-14.3 18-17.6 21.8-3.2 3.7-6.5 4.2-12 1.4-32.6-16.3-54-29.1-75.5-66-5.7-9.8 5.7-9.1 16.3-30.3 1.8-3.7.9-6.9-.5-9.7-1.4-2.8-12.5-30.1-17.1-41.2-4.5-10.8-9.1-9.3-12.5-9.5-3.2-.2-6.9-.2-10.6-.2-3.7 0-9.7 1.4-14.8 6.9-5.1 5.6-19.4 19-19.4 46.3 0 27.3 19.9 53.7 22.6 57.4 2.8 3.7 39.1 59.7 94.8 83.8 35.2 15.2 49 16.5 66.6 13.9 10.7-1.6 32.8-13.4 37.4-26.4 4.6-13 4.6-24.1 3.2-26.4-1.3-2.5-5-3.9-10.5-6.6z\"><\/path><\/svg>\t\t\t\t\t\t\t<\/span>\n\t\t\t\t\t\t\t\t\t\t\t\t\t\t\t\t\t\t\t\t<\/div>\n\t\t\t\t\t<\/div>\n\t\t\t\t\t\t\t\t\t<div class=\"elementor-grid-item\" role=\"listitem\">\n\t\t\t\t\t\t<div class=\"elementor-share-btn elementor-share-btn_facebook\" role=\"button\" tabindex=\"0\" aria-label=\"Share on facebook\">\n\t\t\t\t\t\t\t\t\t\t\t\t\t\t\t<span class=\"elementor-share-btn__icon\">\n\t\t\t\t\t\t\t\t<svg aria-hidden=\"true\" class=\"e-font-icon-svg e-fab-facebook\" viewbox=\"0 0 512 512\" xmlns=\"http:\/\/www.w3.org\/2000\/svg\"><path d=\"M504 256C504 119 393 8 256 8S8 119 8 256c0 123.78 90.69 226.38 209.25 245V327.69h-63V256h63v-54.64c0-62.15 37-96.48 93.67-96.48 27.14 0 55.52 4.84 55.52 4.84v61h-31.28c-30.8 0-40.41 19.12-40.41 38.73V256h68.78l-11 71.69h-57.78V501C413.31 482.38 504 379.78 504 256z\"><\/path><\/svg>\t\t\t\t\t\t\t<\/span>\n\t\t\t\t\t\t\t\t\t\t\t\t\t\t\t\t\t\t\t\t<\/div>\n\t\t\t\t\t<\/div>\n\t\t\t\t\t\t\t\t\t<div class=\"elementor-grid-item\" role=\"listitem\">\n\t\t\t\t\t\t<div class=\"elementor-share-btn elementor-share-btn_x-twitter\" role=\"button\" tabindex=\"0\" aria-label=\"Share on x-twitter\">\n\t\t\t\t\t\t\t\t\t\t\t\t\t\t\t<span class=\"elementor-share-btn__icon\">\n\t\t\t\t\t\t\t\t<svg aria-hidden=\"true\" class=\"e-font-icon-svg e-fab-x-twitter\" viewbox=\"0 0 512 512\" xmlns=\"http:\/\/www.w3.org\/2000\/svg\"><path d=\"M389.2 48h70.6L305.6 224.2 487 464H345L233.7 318.6 106.5 464H35.8L200.7 275.5 26.8 48H172.4L272.9 180.9 389.2 48zM364.4 421.8h39.1L151.1 88h-42L364.4 421.8z\"><\/path><\/svg>\t\t\t\t\t\t\t<\/span>\n\t\t\t\t\t\t\t\t\t\t\t\t\t\t\t\t\t\t\t\t<\/div>\n\t\t\t\t\t<\/div>\n\t\t\t\t\t\t\t\t\t<div class=\"elementor-grid-item\" role=\"listitem\">\n\t\t\t\t\t\t<div class=\"elementor-share-btn elementor-share-btn_email\" role=\"button\" tabindex=\"0\" aria-label=\"Share on email\">\n\t\t\t\t\t\t\t\t\t\t\t\t\t\t\t<span class=\"elementor-share-btn__icon\">\n\t\t\t\t\t\t\t\t<svg aria-hidden=\"true\" class=\"e-font-icon-svg e-fas-envelope\" viewbox=\"0 0 512 512\" xmlns=\"http:\/\/www.w3.org\/2000\/svg\"><path d=\"M502.3 190.8c3.9-3.1 9.7-.2 9.7 4.7V400c0 26.5-21.5 48-48 48H48c-26.5 0-48-21.5-48-48V195.6c0-5 5.7-7.8 9.7-4.7 22.4 17.4 52.1 39.5 154.1 113.6 21.1 15.4 56.7 47.8 92.2 47.6 35.7.3 72-32.8 92.3-47.6 102-74.1 131.6-96.3 154-113.7zM256 320c23.2.4 56.6-29.2 73.4-41.4 132.7-96.3 142.8-104.7 173.4-128.7 5.8-4.5 9.2-11.5 9.2-18.9v-19c0-26.5-21.5-48-48-48H48C21.5 64 0 85.5 0 112v19c0 7.4 3.4 14.3 9.2 18.9 30.6 23.9 40.7 32.4 173.4 128.7 16.8 12.2 50.2 41.8 73.4 41.4z\"><\/path><\/svg>\t\t\t\t\t\t\t<\/span>\n\t\t\t\t\t\t\t\t\t\t\t\t\t\t\t\t\t\t\t\t<\/div>\n\t\t\t\t\t<\/div>\n\t\t\t\t\t\t<\/div>\n\t\t\t\t\t\t<\/div>\n\t\t\t\t<\/div>\n\t\t\t\t<\/div>\n\t\t\t\t\t<\/div>\n\t\t\t\t<\/div>\n\t\t\t\t<\/div>","protected":false},"excerpt":{"rendered":"<p>FIN-MISSIO Fuengirola onnistui yli odotusten Kun Suomessa elettiin viel\u00e4 varhaista kev\u00e4tt\u00e4 ja odotettiin lumen sulamista, EspanjanFuengirolassa nautittiin jo kes\u00e4auringosta. Suuri joukko suomalaisia oli saapunut kaupunkiin osallistuakseen Finmissio Fuengirolaan. Katso video Finmissio antoi toivoa Tapahtumaa oli valmisteltu rukoillen kuukausia ja kun kadut kuhisivat kristittyj\u00e4, koko kaupunki tuli tietoiseksi siit\u00e4, kuka on Herrain Herra ja Kuningasten kuningas. [&hellip;]<\/p>","protected":false},"author":1,"featured_media":686,"parent":0,"menu_order":0,"comment_status":"closed","ping_status":"closed","template":"","meta":{"footnotes":""},"categories":[23],"tags":[],"class_list":["post-1656","page","type-page","status-publish","has-post-thumbnail","hentry","category-ajankohtaista"],"_links":{"self":[{"href":"https:\/\/finmission.fi\/en\/wp-json\/wp\/v2\/pages\/1656","targetHints":{"allow":["GET"]}}],"collection":[{"href":"https:\/\/finmission.fi\/en\/wp-json\/wp\/v2\/pages"}],"about":[{"href":"https:\/\/finmission.fi\/en\/wp-json\/wp\/v2\/types\/page"}],"author":[{"embeddable":true,"href":"https:\/\/finmission.fi\/en\/wp-json\/wp\/v2\/users\/1"}],"replies":[{"embeddable":true,"href":"https:\/\/finmission.fi\/en\/wp-json\/wp\/v2\/comments?post=1656"}],"version-history":[{"count":28,"href":"https:\/\/finmission.fi\/en\/wp-json\/wp\/v2\/pages\/1656\/revisions"}],"predecessor-version":[{"id":1750,"href":"https:\/\/finmission.fi\/en\/wp-json\/wp\/v2\/pages\/1656\/revisions\/1750"}],"wp:featuredmedia":[{"embeddable":true,"href":"https:\/\/finmission.fi\/en\/wp-json\/wp\/v2\/media\/686"}],"wp:attachment":[{"href":"https:\/\/finmission.fi\/en\/wp-json\/wp\/v2\/media?parent=1656"}],"wp:term":[{"taxonomy":"category","embeddable":true,"href":"https:\/\/finmission.fi\/en\/wp-json\/wp\/v2\/categories?post=1656"},{"taxonomy":"post_tag","embeddable":true,"href":"https:\/\/finmission.fi\/en\/wp-json\/wp\/v2\/tags?post=1656"}],"curies":[{"name":"wp","href":"https:\/\/api.w.org\/{rel}","templated":true}]}}