{"id":1696,"date":"2026-03-25T12:21:25","date_gmt":"2026-03-25T12:21:25","guid":{"rendered":"https:\/\/finmission.fi\/?page_id=1696"},"modified":"2026-03-25T12:52:22","modified_gmt":"2026-03-25T12:52:22","slug":"finmissio-tuo-evankeliointiviikon-paikkakunnallesi","status":"publish","type":"page","link":"https:\/\/finmission.fi\/en\/finmissio-tuo-evankeliointiviikon-paikkakunnallesi\/","title":{"rendered":"Finmission brings an evangelism week to your city"},"content":{"rendered":"<div data-elementor-type=\"wp-page\" data-elementor-id=\"1696\" class=\"elementor elementor-1696\" data-elementor-post-type=\"page\">\n\t\t\t\t<div class=\"elementor-element elementor-element-7b49d31e e-flex e-con-boxed e-con e-parent\" data-id=\"7b49d31e\" data-element_type=\"container\" data-e-type=\"container\">\n\t\t\t\t\t<div class=\"e-con-inner\">\n\t\t\t\t<div class=\"elementor-element elementor-element-281f8b25 elementor-widget elementor-widget-heading\" data-id=\"281f8b25\" data-element_type=\"widget\" data-e-type=\"widget\" data-widget_type=\"heading.default\">\n\t\t\t\t\t<h2 class=\"elementor-heading-title elementor-size-default\">FIN<span>MISSION<\/span> <span class=\"highlight\">PAIKKAKUNNALLESI<\/span><\/h2>\t\t\t\t<\/div>\n\t\t\t\t<div class=\"elementor-element elementor-element-352e0d7 elementor-widget elementor-widget-heading\" data-id=\"352e0d7\" data-element_type=\"widget\" data-e-type=\"widget\" data-widget_type=\"heading.default\">\n\t\t\t\t\t<h2 class=\"elementor-heading-title elementor-size-default\">Mit\u00e4 Finmissio tarjoaa?<\/h2>\t\t\t\t<\/div>\n\t\t\t\t<div class=\"elementor-element elementor-element-7c5d09f5 elementor-widget elementor-widget-text-editor\" data-id=\"7c5d09f5\" data-element_type=\"widget\" data-e-type=\"widget\" data-widget_type=\"text-editor.default\">\n\t\t\t\t\t\t\t\t\t<p><strong>KUTSU- JA EVANKELIOIMISTY\u00d6<\/strong><br>Organisoimme paikkakunnalle viikon ajaksi joukon evankelistoja tekem\u00e4\u00e4n ty\u00f6t\u00e4 kaduilla, jakamaan kutsuja Finmissio-tapahtumiin ja levitt\u00e4m\u00e4\u00e4n Uusia testamentteja ja muuta evankeliumin sanomaa. Mukaan toivotaan paljon v\u00e4ke\u00e4 my\u00f6s paikkakunnan seurakunnista. Viikon aikana kaduilla voi toimia liikkuvia katuevankelistoja, kahvia tarjoava nokipannutiimi ja sinne voidaan j\u00e4rjest\u00e4\u00e4 Raamattuja ja muuta materiaalia jakavia kohtaamispisteit\u00e4, joita katuevankelistat hoitavat. My\u00f6s katutapahtumat ovat mahdollisia. Niiss\u00e4 voi olla musiikkiesiintyji\u00e4, draamaesityksi\u00e4, todistuksia ja puheita. Toimintaa voi olla paikkakunnalla yhdest\u00e4 p\u00e4iv\u00e4st\u00e4 kokonaiseen viikkoon, sen mukaan kuin sovitaan.<\/p>\t\t\t\t\t\t\t\t<\/div>\n\t\t\t\t\t<\/div>\n\t\t\t\t<\/div>\n\t\t<div class=\"elementor-element elementor-element-9674a61 e-flex e-con-boxed e-con e-parent\" data-id=\"9674a61\" data-element_type=\"container\" data-e-type=\"container\">\n\t\t\t\t\t<div class=\"e-con-inner\">\n\t\t<div class=\"elementor-element elementor-element-09aac43 e-con-full e-flex e-con e-child\" data-id=\"09aac43\" data-element_type=\"container\" data-e-type=\"container\">\n\t\t<div class=\"elementor-element elementor-element-5536ba3 e-con-full e-flex e-con e-child\" data-id=\"5536ba3\" data-element_type=\"container\" data-e-type=\"container\">\n\t\t\t\t<div class=\"elementor-element elementor-element-98315f1 elementor-widget elementor-widget-image\" data-id=\"98315f1\" data-element_type=\"widget\" data-e-type=\"widget\" data-widget_type=\"image.default\">\n\t\t\t\t\t\t\t\t\t\t\t\t\t\t\t<img fetchpriority=\"high\" decoding=\"async\" width=\"800\" height=\"600\" src=\"https:\/\/finmission.fi\/wp-content\/uploads\/2026\/03\/PHOTO-2026-03-19-22-39-59-1-1024x768.jpg\" class=\"attachment-large size-large wp-image-1690\" alt=\"\" srcset=\"https:\/\/finmission.fi\/wp-content\/uploads\/2026\/03\/PHOTO-2026-03-19-22-39-59-1-1024x768.jpg 1024w, https:\/\/finmission.fi\/wp-content\/uploads\/2026\/03\/PHOTO-2026-03-19-22-39-59-1-300x225.jpg 300w, https:\/\/finmission.fi\/wp-content\/uploads\/2026\/03\/PHOTO-2026-03-19-22-39-59-1-768x576.jpg 768w, https:\/\/finmission.fi\/wp-content\/uploads\/2026\/03\/PHOTO-2026-03-19-22-39-59-1-1536x1152.jpg 1536w, https:\/\/finmission.fi\/wp-content\/uploads\/2026\/03\/PHOTO-2026-03-19-22-39-59-1-16x12.jpg 16w, https:\/\/finmission.fi\/wp-content\/uploads\/2026\/03\/PHOTO-2026-03-19-22-39-59-1.jpg 1600w\" sizes=\"(max-width: 800px) 100vw, 800px\" \/>\t\t\t\t\t\t\t\t\t\t\t\t\t\t\t<\/div>\n\t\t\t\t<\/div>\n\t\t<div class=\"elementor-element elementor-element-690d1c3 e-con-full e-flex e-con e-child\" data-id=\"690d1c3\" data-element_type=\"container\" data-e-type=\"container\">\n\t\t\t\t<div class=\"elementor-element elementor-element-aa84da3 elementor-widget elementor-widget-heading\" data-id=\"aa84da3\" data-element_type=\"widget\" data-e-type=\"widget\" data-widget_type=\"heading.default\">\n\t\t\t\t\t<h2 class=\"elementor-heading-title elementor-size-default\"><a href=\"https:\/\/finmission.fi\/en\/fin-missiot\/\">MISSIO-KOKOUKSET<\/a><\/h2>\t\t\t\t<\/div>\n\t\t\t\t<div class=\"elementor-element elementor-element-27779bd elementor-widget elementor-widget-text-editor\" data-id=\"27779bd\" data-element_type=\"widget\" data-e-type=\"widget\" data-widget_type=\"text-editor.default\">\n\t\t\t\t\t\t\t\t\t<p>J\u00e4rjest\u00e4mme yhdess\u00e4 seurakunnan \/ seurakuntien kanssa viikonloppuna her\u00e4tyskokouksia seurakunnassa tai muussa kokoustilassa.<br \/>Suunnittelemme kokousten ohjelman yhdess\u00e4 paikallisten hengellisten johtajien kanssa ja huolehdimme ohjelman j\u00e4rjestelyist\u00e4. P\u00e4\u00e4puhujana tapahtumissa on yleens\u00e4 Tapani Suonto, mutta my\u00f6s muita puhujia voidaan k\u00e4ytt\u00e4\u00e4. Tapahtumien juontajina pyrit\u00e4\u00e4n k\u00e4ytt\u00e4m\u00e4\u00e4n paikallisia pastoreita, jotta he tulevat tutuiksi<br \/>paikalliselle yleis\u00f6lle.<\/p>\t\t\t\t\t\t\t\t<\/div>\n\t\t\t\t<\/div>\n\t\t\t\t<\/div>\n\t\t\t\t\t<\/div>\n\t\t\t\t<\/div>\n\t\t<div class=\"elementor-element elementor-element-62f5ef14 e-flex e-con-boxed e-con e-parent\" data-id=\"62f5ef14\" data-element_type=\"container\" data-e-type=\"container\">\n\t\t\t\t\t<div class=\"e-con-inner\">\n\t\t<div class=\"elementor-element elementor-element-49f6c2a7 e-con-full e-flex e-con e-child\" data-id=\"49f6c2a7\" data-element_type=\"container\" data-e-type=\"container\">\n\t\t<div class=\"elementor-element elementor-element-1763ad47 e-con-full e-flex e-con e-child\" data-id=\"1763ad47\" data-element_type=\"container\" data-e-type=\"container\">\n\t\t\t\t<div class=\"elementor-element elementor-element-6a60f06f elementor-widget elementor-widget-heading\" data-id=\"6a60f06f\" data-element_type=\"widget\" data-e-type=\"widget\" data-widget_type=\"heading.default\">\n\t\t\t\t\t<h2 class=\"elementor-heading-title elementor-size-default\"><a href=\"https:\/\/finmission.fi\/en\/fin-missiot\/\">NELJ\u00c4 ILTAA JEESUKSESTA<\/a><\/h2>\t\t\t\t<\/div>\n\t\t\t\t<div class=\"elementor-element elementor-element-64ae4652 elementor-widget elementor-widget-text-editor\" data-id=\"64ae4652\" data-element_type=\"widget\" data-e-type=\"widget\" data-widget_type=\"text-editor.default\">\n\t\t\t\t\t\t\t\t\t<p>Viikonlopun j\u00e4lkeen on mahdollisuus jatkaa tapahtumaa nelj\u00e4n illan opetussarjalla, jonka aiheena on Jeesus. My\u00f6s n\u00e4ist\u00e4 tilaisuuksista voidaan tiedottaa kaduilla missioviikolla. Sarja antaa vastauksia ihmisille, jotka ep\u00e4ilev\u00e4t tai pohtivat Jeesuksen olemassaoloa tai merkityst\u00e4<br \/>kristillisess\u00e4 pelastussanomassa. Sarja on eritt\u00e4in antoisa my\u00f6s uskoville. Illat k\u00e4sitt\u00e4v\u00e4t kaksi luentoa, joiden v\u00e4liss\u00e4 voi olla pient\u00e4 tarjoilua ja seurustelua. Lopussa on mahdollisuus sielunhoitoon. Opettajina toimivat raamatunopettajat Tapani Suonto Finmissiosta sek\u00e4 Hannu \u00c4im\u00e4nen Helsingin Raamattukoulusta. Illat voi toteuttaa joko samalla viikolla, tai yksi ilta \/ viikko.<\/p>\t\t\t\t\t\t\t\t<\/div>\n\t\t\t\t<\/div>\n\t\t<div class=\"elementor-element elementor-element-4d0d13e4 e-con-full e-flex e-con e-child\" data-id=\"4d0d13e4\" data-element_type=\"container\" data-e-type=\"container\">\n\t\t\t\t<div class=\"elementor-element elementor-element-6789cc05 elementor-widget elementor-widget-image\" data-id=\"6789cc05\" data-element_type=\"widget\" data-e-type=\"widget\" data-widget_type=\"image.default\">\n\t\t\t\t\t\t\t\t\t\t\t\t\t\t\t<img decoding=\"async\" width=\"426\" height=\"659\" src=\"https:\/\/finmission.fi\/wp-content\/uploads\/2026\/02\/Nimeton-30.png\" class=\"attachment-large size-large wp-image-1632\" alt=\"\" srcset=\"https:\/\/finmission.fi\/wp-content\/uploads\/2026\/02\/Nimeton-30.png 426w, https:\/\/finmission.fi\/wp-content\/uploads\/2026\/02\/Nimeton-30-194x300.png 194w, https:\/\/finmission.fi\/wp-content\/uploads\/2026\/02\/Nimeton-30-8x12.png 8w\" sizes=\"(max-width: 426px) 100vw, 426px\" \/>\t\t\t\t\t\t\t\t\t\t\t\t\t\t\t<\/div>\n\t\t\t\t<\/div>\n\t\t\t\t<\/div>\n\t\t<div class=\"elementor-element elementor-element-46b1d80f e-con-full e-flex e-con e-child\" data-id=\"46b1d80f\" data-element_type=\"container\" data-e-type=\"container\" data-settings=\"{&quot;background_background&quot;:&quot;slideshow&quot;,&quot;background_slideshow_gallery&quot;:[{&quot;id&quot;:619,&quot;url&quot;:&quot;https:\\\/\\\/finmission.fi\\\/wp-content\\\/uploads\\\/2025\\\/10\\\/maapallo.jpg&quot;}],&quot;background_slideshow_loop&quot;:&quot;yes&quot;,&quot;background_slideshow_slide_duration&quot;:5000,&quot;background_slideshow_slide_transition&quot;:&quot;fade&quot;,&quot;background_slideshow_transition_duration&quot;:500}\">\n\t\t<div class=\"elementor-element elementor-element-5698cd2e e-con-full e-flex e-con e-child\" data-id=\"5698cd2e\" data-element_type=\"container\" data-e-type=\"container\">\n\t\t\t\t<div class=\"elementor-element elementor-element-7386ccc9 elementor-widget elementor-widget-text-editor\" data-id=\"7386ccc9\" data-element_type=\"widget\" data-e-type=\"widget\" data-widget_type=\"text-editor.default\">\n\t\t\t\t\t\t\t\t\t<p><strong>SIELUNHOITO<br \/><\/strong>Esirukous ja sielunhoito kokousten yhteydess\u00e4 pyrit\u00e4\u00e4n j\u00e4tt\u00e4m\u00e4\u00e4n paikallisten teht\u00e4v\u00e4ksi, jotta<br \/>yhteys uusien ihmisten kesken syntyy heti alkuvaiheessa. Ihmisi\u00e4 pyrit\u00e4\u00e4n ohjaamaan<br \/>paikallisseurakuntiin.<\/p><p><strong>TIEDOTUS<\/strong><br \/>Finmissio voi tehd\u00e4 lyhytvideoita missiosta ja levitt\u00e4\u00e4 niit\u00e4 sosiaalisessa mediassa yhdess\u00e4<br \/>paikkakunnan seurakuntien kanssa. Finmissio voi tehd\u00e4 tarvittaessa my\u00f6s lehtimainoksia ja<br \/>radiomainoksia tapahtumasta sek\u00e4 k\u00e4simainoksia jaettavaksi yleis\u00f6lle.<br \/>Mission tiedotuksesta sovitaan yhdess\u00e4 seurakunnan \/ seurakuntien kanssa.<\/p><p><strong>KUSTANNUS<\/strong><br \/>Tapahtuman kaikista kuluista voi ottaa kokonaisvastuun Finmissio. Siin\u00e4 tapauksessa tapahtuman<br \/>kolehdit ker\u00e4t\u00e4\u00e4n Finmissiolle kulujen peitt\u00e4miseksi.<br \/>Tapahtuman kulut voidaan jakaa my\u00f6s yhdess\u00e4 seurakunnan \/ seurakuntien ja Finmission kesken<br \/>sovitulla tavalla ja pyrki\u00e4 peitt\u00e4m\u00e4\u00e4n kulut kolehdeilla.<br \/>Tapani Suonto ja Hannu \u00c4im\u00e4nen eiv\u00e4t ota mit\u00e4\u00e4n puhujapalkkioita, ei my\u00f6sk\u00e4\u00e4n Finmissio<br \/>tapahtuman organisoinnista. Mik\u00e4li esiintyjille, evankelistoille ym. tarvitaan majoitusta, kulujen<br \/>minimoimiseksi voidaan k\u00e4ytt\u00e4\u00e4 kotimajoitusta, jos sellainen on mahdollista. Jos mukana on<br \/>suurempi evankelioimistiimi, voidaan soveltaa viikon aikana my\u00f6s yhteismajoitusta.<\/p>\t\t\t\t\t\t\t\t<\/div>\n\t\t\t\t<\/div>\n\t\t\t\t<\/div>\n\t\t\t\t\t<\/div>\n\t\t\t\t<\/div>\n\t\t<div class=\"elementor-element elementor-element-1ea6b3bd e-flex e-con-boxed e-con e-parent\" data-id=\"1ea6b3bd\" data-element_type=\"container\" data-e-type=\"container\">\n\t\t\t\t\t<div class=\"e-con-inner\">\n\t\t\t\t<div class=\"elementor-element elementor-element-ca7a971 elementor-widget elementor-widget-heading\" data-id=\"ca7a971\" data-element_type=\"widget\" data-e-type=\"widget\" data-widget_type=\"heading.default\">\n\t\t\t\t\t<h2 class=\"elementor-heading-title elementor-size-default\"><a href=\"https:\/\/finmission.fi\/en\/fin-missiot\/\">MITEN SAAT FINMISSION PAIKKAKUNNALLESI?<\/a><\/h2>\t\t\t\t<\/div>\n\t\t\t\t\t<\/div>\n\t\t\t\t<\/div>\n\t\t<div class=\"elementor-element elementor-element-23f50fe6 e-flex e-con-boxed e-con e-parent\" data-id=\"23f50fe6\" data-element_type=\"container\" data-e-type=\"container\">\n\t\t\t\t\t<div class=\"e-con-inner\">\n\t\t<div class=\"elementor-element elementor-element-746c3258 e-con-full e-flex e-con e-child\" data-id=\"746c3258\" data-element_type=\"container\" data-e-type=\"container\">\n\t\t<div class=\"elementor-element elementor-element-7d594b5b e-con-full e-flex e-con e-child\" data-id=\"7d594b5b\" data-element_type=\"container\" data-e-type=\"container\">\n\t\t\t\t<div class=\"elementor-element elementor-element-74110826 elementor-widget elementor-widget-image\" data-id=\"74110826\" data-element_type=\"widget\" data-e-type=\"widget\" data-widget_type=\"image.default\">\n\t\t\t\t\t\t\t\t\t\t\t\t\t\t\t<img decoding=\"async\" width=\"800\" height=\"457\" src=\"https:\/\/finmission.fi\/wp-content\/uploads\/2025\/10\/rukoilu.jpg\" class=\"attachment-large size-large wp-image-622\" alt=\"\" srcset=\"https:\/\/finmission.fi\/wp-content\/uploads\/2025\/10\/rukoilu.jpg 841w, https:\/\/finmission.fi\/wp-content\/uploads\/2025\/10\/rukoilu-300x171.jpg 300w, https:\/\/finmission.fi\/wp-content\/uploads\/2025\/10\/rukoilu-768x438.jpg 768w, https:\/\/finmission.fi\/wp-content\/uploads\/2025\/10\/rukoilu-18x10.jpg 18w\" sizes=\"(max-width: 800px) 100vw, 800px\" \/>\t\t\t\t\t\t\t\t\t\t\t\t\t\t\t<\/div>\n\t\t\t\t<\/div>\n\t\t<div class=\"elementor-element elementor-element-5044a070 e-con-full e-flex e-con e-child\" data-id=\"5044a070\" data-element_type=\"container\" data-e-type=\"container\">\n\t\t\t\t<div class=\"elementor-element elementor-element-5eff245b elementor-widget elementor-widget-text-editor\" data-id=\"5eff245b\" data-element_type=\"widget\" data-e-type=\"widget\" data-widget_type=\"text-editor.default\">\n\t\t\t\t\t\t\t\t\t<p>Seurakunnat voivat ottaa yhteytt\u00e4 Finmission toimistolle ja kertoa tarpeistaan ja suunnitelmistaan.<br \/>Sen perusteella voimme alkaa suunnitella tapahtumaa tarkemmin. Tulemme tarvittaessa my\u00f6s paikkakunnalle neuvottelemaan tarkemmin tapahtuman toteutuksesta. Yhteyden saa osoitteella <strong>toimisto@finmission.fi<\/strong><\/p><p><strong>Jaa t\u00e4m\u00e4 artikkeli<\/strong><\/p>\t\t\t\t\t\t\t\t<\/div>\n\t\t\t\t<div class=\"elementor-element elementor-element-658b73e2 elementor-share-buttons--view-icon elementor-share-buttons--skin-gradient elementor-share-buttons--shape-square elementor-grid-0 elementor-share-buttons--color-official elementor-widget elementor-widget-share-buttons\" data-id=\"658b73e2\" data-element_type=\"widget\" data-e-type=\"widget\" data-widget_type=\"share-buttons.default\">\n\t\t\t\t\t\t\t<div class=\"elementor-grid\" role=\"list\">\n\t\t\t\t\t\t\t\t<div class=\"elementor-grid-item\" role=\"listitem\">\n\t\t\t\t\t\t<div class=\"elementor-share-btn elementor-share-btn_whatsapp\" role=\"button\" tabindex=\"0\" aria-label=\"Share on whatsapp\">\n\t\t\t\t\t\t\t\t\t\t\t\t\t\t\t<span class=\"elementor-share-btn__icon\">\n\t\t\t\t\t\t\t\t<svg aria-hidden=\"true\" class=\"e-font-icon-svg e-fab-whatsapp\" viewbox=\"0 0 448 512\" xmlns=\"http:\/\/www.w3.org\/2000\/svg\"><path d=\"M380.9 97.1C339 55.1 283.2 32 223.9 32c-122.4 0-222 99.6-222 222 0 39.1 10.2 77.3 29.6 111L0 480l117.7-30.9c32.4 17.7 68.9 27 106.1 27h.1c122.3 0 224.1-99.6 224.1-222 0-59.3-25.2-115-67.1-157zm-157 341.6c-33.2 0-65.7-8.9-94-25.7l-6.7-4-69.8 18.3L72 359.2l-4.4-7c-18.5-29.4-28.2-63.3-28.2-98.2 0-101.7 82.8-184.5 184.6-184.5 49.3 0 95.6 19.2 130.4 54.1 34.8 34.9 56.2 81.2 56.1 130.5 0 101.8-84.9 184.6-186.6 184.6zm101.2-138.2c-5.5-2.8-32.8-16.2-37.9-18-5.1-1.9-8.8-2.8-12.5 2.8-3.7 5.6-14.3 18-17.6 21.8-3.2 3.7-6.5 4.2-12 1.4-32.6-16.3-54-29.1-75.5-66-5.7-9.8 5.7-9.1 16.3-30.3 1.8-3.7.9-6.9-.5-9.7-1.4-2.8-12.5-30.1-17.1-41.2-4.5-10.8-9.1-9.3-12.5-9.5-3.2-.2-6.9-.2-10.6-.2-3.7 0-9.7 1.4-14.8 6.9-5.1 5.6-19.4 19-19.4 46.3 0 27.3 19.9 53.7 22.6 57.4 2.8 3.7 39.1 59.7 94.8 83.8 35.2 15.2 49 16.5 66.6 13.9 10.7-1.6 32.8-13.4 37.4-26.4 4.6-13 4.6-24.1 3.2-26.4-1.3-2.5-5-3.9-10.5-6.6z\"><\/path><\/svg>\t\t\t\t\t\t\t<\/span>\n\t\t\t\t\t\t\t\t\t\t\t\t\t\t\t\t\t\t\t\t<\/div>\n\t\t\t\t\t<\/div>\n\t\t\t\t\t\t\t\t\t<div class=\"elementor-grid-item\" role=\"listitem\">\n\t\t\t\t\t\t<div class=\"elementor-share-btn elementor-share-btn_facebook\" role=\"button\" tabindex=\"0\" aria-label=\"Share on facebook\">\n\t\t\t\t\t\t\t\t\t\t\t\t\t\t\t<span class=\"elementor-share-btn__icon\">\n\t\t\t\t\t\t\t\t<svg aria-hidden=\"true\" class=\"e-font-icon-svg e-fab-facebook\" viewbox=\"0 0 512 512\" xmlns=\"http:\/\/www.w3.org\/2000\/svg\"><path d=\"M504 256C504 119 393 8 256 8S8 119 8 256c0 123.78 90.69 226.38 209.25 245V327.69h-63V256h63v-54.64c0-62.15 37-96.48 93.67-96.48 27.14 0 55.52 4.84 55.52 4.84v61h-31.28c-30.8 0-40.41 19.12-40.41 38.73V256h68.78l-11 71.69h-57.78V501C413.31 482.38 504 379.78 504 256z\"><\/path><\/svg>\t\t\t\t\t\t\t<\/span>\n\t\t\t\t\t\t\t\t\t\t\t\t\t\t\t\t\t\t\t\t<\/div>\n\t\t\t\t\t<\/div>\n\t\t\t\t\t\t\t\t\t<div class=\"elementor-grid-item\" role=\"listitem\">\n\t\t\t\t\t\t<div class=\"elementor-share-btn elementor-share-btn_x-twitter\" role=\"button\" tabindex=\"0\" aria-label=\"Share on x-twitter\">\n\t\t\t\t\t\t\t\t\t\t\t\t\t\t\t<span class=\"elementor-share-btn__icon\">\n\t\t\t\t\t\t\t\t<svg aria-hidden=\"true\" class=\"e-font-icon-svg e-fab-x-twitter\" viewbox=\"0 0 512 512\" xmlns=\"http:\/\/www.w3.org\/2000\/svg\"><path d=\"M389.2 48h70.6L305.6 224.2 487 464H345L233.7 318.6 106.5 464H35.8L200.7 275.5 26.8 48H172.4L272.9 180.9 389.2 48zM364.4 421.8h39.1L151.1 88h-42L364.4 421.8z\"><\/path><\/svg>\t\t\t\t\t\t\t<\/span>\n\t\t\t\t\t\t\t\t\t\t\t\t\t\t\t\t\t\t\t\t<\/div>\n\t\t\t\t\t<\/div>\n\t\t\t\t\t\t\t\t\t<div class=\"elementor-grid-item\" role=\"listitem\">\n\t\t\t\t\t\t<div class=\"elementor-share-btn elementor-share-btn_email\" role=\"button\" tabindex=\"0\" aria-label=\"Share on email\">\n\t\t\t\t\t\t\t\t\t\t\t\t\t\t\t<span class=\"elementor-share-btn__icon\">\n\t\t\t\t\t\t\t\t<svg aria-hidden=\"true\" class=\"e-font-icon-svg e-fas-envelope\" viewbox=\"0 0 512 512\" xmlns=\"http:\/\/www.w3.org\/2000\/svg\"><path d=\"M502.3 190.8c3.9-3.1 9.7-.2 9.7 4.7V400c0 26.5-21.5 48-48 48H48c-26.5 0-48-21.5-48-48V195.6c0-5 5.7-7.8 9.7-4.7 22.4 17.4 52.1 39.5 154.1 113.6 21.1 15.4 56.7 47.8 92.2 47.6 35.7.3 72-32.8 92.3-47.6 102-74.1 131.6-96.3 154-113.7zM256 320c23.2.4 56.6-29.2 73.4-41.4 132.7-96.3 142.8-104.7 173.4-128.7 5.8-4.5 9.2-11.5 9.2-18.9v-19c0-26.5-21.5-48-48-48H48C21.5 64 0 85.5 0 112v19c0 7.4 3.4 14.3 9.2 18.9 30.6 23.9 40.7 32.4 173.4 128.7 16.8 12.2 50.2 41.8 73.4 41.4z\"><\/path><\/svg>\t\t\t\t\t\t\t<\/span>\n\t\t\t\t\t\t\t\t\t\t\t\t\t\t\t\t\t\t\t\t<\/div>\n\t\t\t\t\t<\/div>\n\t\t\t\t\t\t<\/div>\n\t\t\t\t\t\t<\/div>\n\t\t\t\t<\/div>\n\t\t\t\t<\/div>\n\t\t\t\t\t<\/div>\n\t\t\t\t<\/div>\n\t\t\t\t<\/div>","protected":false},"excerpt":{"rendered":"<p>FINMISSIO PAIKKAKUNNALLESI Mit\u00e4 Finmissio tarjoaa? KUTSU- JA EVANKELIOIMISTY\u00d6Organisoimme paikkakunnalle viikon ajaksi joukon evankelistoja tekem\u00e4\u00e4n ty\u00f6t\u00e4 kaduilla, jakamaan kutsuja Finmissio-tapahtumiin ja levitt\u00e4m\u00e4\u00e4n Uusia testamentteja ja muuta evankeliumin sanomaa. Mukaan toivotaan paljon v\u00e4ke\u00e4 my\u00f6s paikkakunnan seurakunnista. Viikon aikana kaduilla voi toimia liikkuvia katuevankelistoja, kahvia tarjoava nokipannutiimi ja sinne voidaan j\u00e4rjest\u00e4\u00e4 Raamattuja ja muuta materiaalia jakavia kohtaamispisteit\u00e4, joita [&hellip;]<\/p>","protected":false},"author":2,"featured_media":622,"parent":0,"menu_order":0,"comment_status":"closed","ping_status":"closed","template":"","meta":{"footnotes":""},"categories":[18],"tags":[],"class_list":["post-1696","page","type-page","status-publish","has-post-thumbnail","hentry","category-fin-missio-tapahtuma"],"_links":{"self":[{"href":"https:\/\/finmission.fi\/en\/wp-json\/wp\/v2\/pages\/1696","targetHints":{"allow":["GET"]}}],"collection":[{"href":"https:\/\/finmission.fi\/en\/wp-json\/wp\/v2\/pages"}],"about":[{"href":"https:\/\/finmission.fi\/en\/wp-json\/wp\/v2\/types\/page"}],"author":[{"embeddable":true,"href":"https:\/\/finmission.fi\/en\/wp-json\/wp\/v2\/users\/2"}],"replies":[{"embeddable":true,"href":"https:\/\/finmission.fi\/en\/wp-json\/wp\/v2\/comments?post=1696"}],"version-history":[{"count":7,"href":"https:\/\/finmission.fi\/en\/wp-json\/wp\/v2\/pages\/1696\/revisions"}],"predecessor-version":[{"id":1731,"href":"https:\/\/finmission.fi\/en\/wp-json\/wp\/v2\/pages\/1696\/revisions\/1731"}],"wp:featuredmedia":[{"embeddable":true,"href":"https:\/\/finmission.fi\/en\/wp-json\/wp\/v2\/media\/622"}],"wp:attachment":[{"href":"https:\/\/finmission.fi\/en\/wp-json\/wp\/v2\/media?parent=1696"}],"wp:term":[{"taxonomy":"category","embeddable":true,"href":"https:\/\/finmission.fi\/en\/wp-json\/wp\/v2\/categories?post=1696"},{"taxonomy":"post_tag","embeddable":true,"href":"https:\/\/finmission.fi\/en\/wp-json\/wp\/v2\/tags?post=1696"}],"curies":[{"name":"wp","href":"https:\/\/api.w.org\/{rel}","templated":true}]}}