{"id":385,"date":"2025-09-25T08:02:23","date_gmt":"2025-09-25T08:02:23","guid":{"rendered":"https:\/\/fin.charity.wp2.kotisivut.com\/?page_id=385"},"modified":"2026-03-25T11:46:20","modified_gmt":"2026-03-25T11:46:20","slug":"fin-missiot","status":"publish","type":"page","link":"https:\/\/finmission.fi\/en\/fin-missiot\/","title":{"rendered":"FIN MISSIONS"},"content":{"rendered":"<div data-elementor-type=\"wp-page\" data-elementor-id=\"385\" class=\"elementor elementor-385\" data-elementor-post-type=\"page\">\n\t\t\t\t<div class=\"elementor-element elementor-element-403a11a5 e-flex e-con-boxed e-con e-parent\" data-id=\"403a11a5\" data-element_type=\"container\" data-e-type=\"container\">\n\t\t\t\t\t<div class=\"e-con-inner\">\n\t\t\t\t<div class=\"elementor-element elementor-element-a4e16f9 elementor-widget elementor-widget-heading\" data-id=\"a4e16f9\" data-element_type=\"widget\" data-e-type=\"widget\" data-widget_type=\"heading.default\">\n\t\t\t\t\t<h2 class=\"elementor-heading-title elementor-size-default\">FIN-<span>MISSION<\/span><\/h2>\t\t\t\t<\/div>\n\t\t\t\t<div class=\"elementor-element elementor-element-71f3dd7d elementor-widget elementor-widget-heading\" data-id=\"71f3dd7d\" data-element_type=\"widget\" data-e-type=\"widget\" data-widget_type=\"heading.default\">\n\t\t\t\t\t<h2 class=\"elementor-heading-title elementor-size-default\">Tapahtumat<\/h2>\t\t\t\t<\/div>\n\t\t\t\t<div class=\"elementor-element elementor-element-31eb33ab elementor-widget elementor-widget-text-editor\" data-id=\"31eb33ab\" data-element_type=\"widget\" data-e-type=\"widget\" data-widget_type=\"text-editor.default\">\n\t\t\t\t\t\t\t\t\t<p>FIN Mission events bring Christians together to serve alongside one another.\nJoin us to experience God\u2019s presence, teaching, and fellowship at events held in various locations.<\/p>\t\t\t\t\t\t\t\t<\/div>\n\t\t\t\t\t<\/div>\n\t\t\t\t<\/div>\n\t\t<div class=\"elementor-element elementor-element-9c936b1 e-flex e-con-boxed e-con e-parent\" data-id=\"9c936b1\" data-element_type=\"container\" data-e-type=\"container\">\n\t\t\t\t\t<div class=\"e-con-inner\">\n\t\t\t\t<div class=\"elementor-element elementor-element-019df89 elementor-grid-tablet-3 elementor-grid-3 elementor-grid-mobile-1 elementor-posts--thumbnail-top elementor-posts--show-avatar elementor-card-shadow-yes elementor-posts__hover-gradient elementor-widget elementor-widget-posts\" data-id=\"019df89\" data-element_type=\"widget\" data-e-type=\"widget\" data-settings=\"{&quot;cards_columns_tablet&quot;:&quot;3&quot;,&quot;cards_columns&quot;:&quot;3&quot;,&quot;cards_columns_mobile&quot;:&quot;1&quot;,&quot;cards_row_gap&quot;:{&quot;unit&quot;:&quot;px&quot;,&quot;size&quot;:35,&quot;sizes&quot;:[]},&quot;cards_row_gap_tablet&quot;:{&quot;unit&quot;:&quot;px&quot;,&quot;size&quot;:&quot;&quot;,&quot;sizes&quot;:[]},&quot;cards_row_gap_mobile&quot;:{&quot;unit&quot;:&quot;px&quot;,&quot;size&quot;:&quot;&quot;,&quot;sizes&quot;:[]}}\" data-widget_type=\"posts.cards\">\n\t\t\t\t<div class=\"elementor-widget-container\">\n\t\t\t\t\t\t\t<div class=\"elementor-posts-container elementor-posts elementor-posts--skin-cards elementor-grid\" role=\"list\">\n\t\t\t\t<article class=\"elementor-post elementor-grid-item post-1696 page type-page status-publish has-post-thumbnail hentry category-fin-missio-tapahtuma\" role=\"listitem\">\n\t\t\t<div class=\"elementor-post__card\">\n\t\t\t\t<a class=\"elementor-post__thumbnail__link\" href=\"https:\/\/finmission.fi\/en\/finmissio-tuo-evankeliointiviikon-paikkakunnallesi\/\" tabindex=\"-1\" ><div class=\"elementor-post__thumbnail\"><img fetchpriority=\"high\" decoding=\"async\" width=\"300\" height=\"171\" src=\"https:\/\/finmission.fi\/wp-content\/uploads\/2025\/10\/rukoilu-300x171.jpg\" class=\"attachment-medium size-medium wp-image-622\" alt=\"\" srcset=\"https:\/\/finmission.fi\/wp-content\/uploads\/2025\/10\/rukoilu-300x171.jpg 300w, https:\/\/finmission.fi\/wp-content\/uploads\/2025\/10\/rukoilu-768x438.jpg 768w, https:\/\/finmission.fi\/wp-content\/uploads\/2025\/10\/rukoilu-18x10.jpg 18w, https:\/\/finmission.fi\/wp-content\/uploads\/2025\/10\/rukoilu.jpg 841w\" sizes=\"(max-width: 300px) 100vw, 300px\" \/><\/div><\/a>\n\t\t\t\t<div class=\"elementor-post__badge\">FINMISSIO<\/div>\n\t\t\t\t<div class=\"elementor-post__avatar\">\n\t\t\t<img alt='Oskar Fagerman' src='https:\/\/secure.gravatar.com\/avatar\/4c251a43efa8413e7c18ba251388dfca2fa36506064f96541e54974dc5315f22?s=128&#038;d=blank&#038;r=g' srcset='https:\/\/secure.gravatar.com\/avatar\/4c251a43efa8413e7c18ba251388dfca2fa36506064f96541e54974dc5315f22?s=256&#038;d=blank&#038;r=g 2x' class='avatar avatar-128 photo' height='128' width='128' \/>\t\t<\/div>\n\t\t\t\t<div class=\"elementor-post__text\">\n\t\t\t\t<h3 class=\"elementor-post__title\">\n\t\t\t<a href=\"https:\/\/finmission.fi\/en\/finmissio-tuo-evankeliointiviikon-paikkakunnallesi\/\" >\n\t\t\t\tFinmission brings an evangelism week to your city\t\t\t<\/a>\n\t\t<\/h3>\n\t\t\n\t\t<a class=\"elementor-post__read-more\" href=\"https:\/\/finmission.fi\/en\/finmissio-tuo-evankeliointiviikon-paikkakunnallesi\/\" aria-label=\"Read more about Finmissio tuo evankeliointiviikon paikkakunnallesi\" tabindex=\"-1\" >\n\t\t\tRead more \u00bb\t\t<\/a>\n\n\t\t\t\t<\/div>\n\t\t\t\t\t<\/div>\n\t\t<\/article>\n\t\t\t\t<article class=\"elementor-post elementor-grid-item post-1621 page type-page status-publish has-post-thumbnail hentry category-fin-missio-tapahtuma\" role=\"listitem\">\n\t\t\t<div class=\"elementor-post__card\">\n\t\t\t\t<a class=\"elementor-post__thumbnail__link\" href=\"https:\/\/finmission.fi\/en\/nelja-iltaa-jeesuksesta\/\" tabindex=\"-1\" ><div class=\"elementor-post__thumbnail\"><img decoding=\"async\" width=\"194\" height=\"300\" src=\"https:\/\/finmission.fi\/wp-content\/uploads\/2026\/02\/Nimeton-30-194x300.png\" class=\"attachment-medium size-medium wp-image-1632\" alt=\"\" srcset=\"https:\/\/finmission.fi\/wp-content\/uploads\/2026\/02\/Nimeton-30-194x300.png 194w, https:\/\/finmission.fi\/wp-content\/uploads\/2026\/02\/Nimeton-30-8x12.png 8w, https:\/\/finmission.fi\/wp-content\/uploads\/2026\/02\/Nimeton-30.png 426w\" sizes=\"(max-width: 194px) 100vw, 194px\" \/><\/div><\/a>\n\t\t\t\t<div class=\"elementor-post__badge\">FINMISSIO<\/div>\n\t\t\t\t<div class=\"elementor-post__avatar\">\n\t\t\t<img alt='admin' src='https:\/\/secure.gravatar.com\/avatar\/beff7b75d11c66b8391d72abb2975e6219faeb12076d52de7b3049cad4922379?s=128&#038;d=blank&#038;r=g' srcset='https:\/\/secure.gravatar.com\/avatar\/beff7b75d11c66b8391d72abb2975e6219faeb12076d52de7b3049cad4922379?s=256&#038;d=blank&#038;r=g 2x' class='avatar avatar-128 photo' height='128' width='128' \/>\t\t<\/div>\n\t\t\t\t<div class=\"elementor-post__text\">\n\t\t\t\t<h3 class=\"elementor-post__title\">\n\t\t\t<a href=\"https:\/\/finmission.fi\/en\/nelja-iltaa-jeesuksesta\/\" >\n\t\t\t\tFour evenings about Jesus\t\t\t<\/a>\n\t\t<\/h3>\n\t\t\n\t\t<a class=\"elementor-post__read-more\" href=\"https:\/\/finmission.fi\/en\/nelja-iltaa-jeesuksesta\/\" aria-label=\"Read more about Nelj\u00e4 iltaa Jeesuksesta\" tabindex=\"-1\" >\n\t\t\tRead more \u00bb\t\t<\/a>\n\n\t\t\t\t<\/div>\n\t\t\t\t\t<\/div>\n\t\t<\/article>\n\t\t\t\t<\/div>\n\t\t\n\t\t\t\t\t\t<\/div>\n\t\t\t\t<\/div>\n\t\t\t\t\t<\/div>\n\t\t\t\t<\/div>\n\t\t\t\t<\/div>","protected":false},"excerpt":{"rendered":"<p>FIN-MISSIO Tapahtumat FIN Missionin tapahtumat kokoavat kristityt yhteen palvelemaan yhdess\u00e4. Tule mukaan kokemaan Jumalan l\u00e4sn\u00e4oloa, opetusta ja yhteytt\u00e4 eri paikkakunnilla j\u00e4rjestett\u00e4viss\u00e4 tilaisuuksissa.<\/p>","protected":false},"author":1,"featured_media":0,"parent":0,"menu_order":0,"comment_status":"closed","ping_status":"closed","template":"","meta":{"footnotes":""},"categories":[],"tags":[],"class_list":["post-385","page","type-page","status-publish","hentry"],"_links":{"self":[{"href":"https:\/\/finmission.fi\/en\/wp-json\/wp\/v2\/pages\/385","targetHints":{"allow":["GET"]}}],"collection":[{"href":"https:\/\/finmission.fi\/en\/wp-json\/wp\/v2\/pages"}],"about":[{"href":"https:\/\/finmission.fi\/en\/wp-json\/wp\/v2\/types\/page"}],"author":[{"embeddable":true,"href":"https:\/\/finmission.fi\/en\/wp-json\/wp\/v2\/users\/1"}],"replies":[{"embeddable":true,"href":"https:\/\/finmission.fi\/en\/wp-json\/wp\/v2\/comments?post=385"}],"version-history":[{"count":19,"href":"https:\/\/finmission.fi\/en\/wp-json\/wp\/v2\/pages\/385\/revisions"}],"predecessor-version":[{"id":1700,"href":"https:\/\/finmission.fi\/en\/wp-json\/wp\/v2\/pages\/385\/revisions\/1700"}],"wp:attachment":[{"href":"https:\/\/finmission.fi\/en\/wp-json\/wp\/v2\/media?parent=385"}],"wp:term":[{"taxonomy":"category","embeddable":true,"href":"https:\/\/finmission.fi\/en\/wp-json\/wp\/v2\/categories?post=385"},{"taxonomy":"post_tag","embeddable":true,"href":"https:\/\/finmission.fi\/en\/wp-json\/wp\/v2\/tags?post=385"}],"curies":[{"name":"wp","href":"https:\/\/api.w.org\/{rel}","templated":true}]}}