{"id":391,"date":"2025-09-25T08:03:16","date_gmt":"2025-09-25T08:03:16","guid":{"rendered":"https:\/\/fin.charity.wp2.kotisivut.com\/?page_id=391"},"modified":"2025-10-24T13:19:33","modified_gmt":"2025-10-24T13:19:33","slug":"israeliin-kristittyjen-kibbutsi","status":"publish","type":"page","link":"https:\/\/finmission.fi\/en\/israeliin-kristittyjen-kibbutsi\/","title":{"rendered":"A Christian kibbutz in Israel"},"content":{"rendered":"<div data-elementor-type=\"wp-page\" data-elementor-id=\"391\" class=\"elementor elementor-391\" data-elementor-post-type=\"page\">\n\t\t\t\t<div class=\"elementor-element elementor-element-7e133329 e-flex e-con-boxed e-con e-parent\" data-id=\"7e133329\" data-element_type=\"container\" data-e-type=\"container\">\n\t\t\t\t\t<div class=\"e-con-inner\">\n\t\t\t\t<div class=\"elementor-element elementor-element-628fdbcc elementor-widget elementor-widget-heading\" data-id=\"628fdbcc\" data-element_type=\"widget\" data-e-type=\"widget\" data-widget_type=\"heading.default\">\n\t\t\t\t\t<h2 class=\"elementor-heading-title elementor-size-default\">FIN-<span>MISSION<\/span><\/h2>\t\t\t\t<\/div>\n\t\t\t\t<div class=\"elementor-element elementor-element-11d059c8 elementor-widget elementor-widget-heading\" data-id=\"11d059c8\" data-element_type=\"widget\" data-e-type=\"widget\" data-widget_type=\"heading.default\">\n\t\t\t\t\t<h2 class=\"elementor-heading-title elementor-size-default\">A Christian Kibbutz in Israel<\/h2>\t\t\t\t<\/div>\n\t\t\t\t<div class=\"elementor-element elementor-element-91ea2b7 elementor-widget elementor-widget-text-editor\" data-id=\"91ea2b7\" data-element_type=\"widget\" data-e-type=\"widget\" data-widget_type=\"text-editor.default\">\n\t\t\t\t\t\t\t\t\t<p><span style=\"font-weight: 400;\">The establishment of a Christian kibbutz in Israel has been on the hearts of many for a long time, but no one has said it out loud. The idea is not new, but it is worth praying about. We are setting out with a few influential Christians to prayerfully explore the possibilities of realizing this dream \u2013 \u201cvision\u201d \u2013 in a concrete way.<\/span><\/p>\t\t\t\t\t\t\t\t<\/div>\n\t\t\t\t\t<\/div>\n\t\t\t\t<\/div>\n\t\t<div class=\"elementor-element elementor-element-1b611255 e-flex e-con-boxed e-con e-parent\" data-id=\"1b611255\" data-element_type=\"container\" data-e-type=\"container\">\n\t\t\t\t\t<div class=\"e-con-inner\">\n\t\t<div class=\"elementor-element elementor-element-30996d2b e-con-full e-flex e-con e-child\" data-id=\"30996d2b\" data-element_type=\"container\" data-e-type=\"container\">\n\t\t<div class=\"elementor-element elementor-element-6440c364 e-con-full e-flex e-con e-child\" data-id=\"6440c364\" data-element_type=\"container\" data-e-type=\"container\">\n\t\t\t\t<div class=\"elementor-element elementor-element-5ca5693d elementor-widget elementor-widget-text-editor\" data-id=\"5ca5693d\" data-element_type=\"widget\" data-e-type=\"widget\" data-widget_type=\"text-editor.default\">\n\t\t\t\t\t\t\t\t\t<p class=\"translation-block\">The kibbutz would be funded by Western friends of Israel.\u00a0\nThe construction and management of the kibbutz would be the responsibility of the\ncongregations and other influential people in Israel.\u00a0\nThe kibbutz would offer an opportunity for Western Christians to serve on the kibbutz\nfarms and in other practical work on a voluntary and temporary basis during visa-limited\nperiods. With that work, we would finance a large part of the kibbutz\u2019s operations.\u00a0\nThe main task of the kibbutz would be to provide shelter and help to Israelis in various\ncrises, who could rest and recover under the shelter of the kibbutz and at the same time\n\nlearn about what the Jewish Jesus Christ can offer them\u00a0for help with the crises of their\nlives.\u00a0\nWestern Christians would help finance the operation together..<\/p>\t\t\t\t\t\t\t\t<\/div>\n\t\t\t\t<\/div>\n\t\t<div class=\"elementor-element elementor-element-6f2a6ad5 e-con-full e-flex e-con e-child\" data-id=\"6f2a6ad5\" data-element_type=\"container\" data-e-type=\"container\">\n\t\t\t\t<div class=\"elementor-element elementor-element-82c2e5d elementor-widget elementor-widget-image\" data-id=\"82c2e5d\" data-element_type=\"widget\" data-e-type=\"widget\" data-widget_type=\"image.default\">\n\t\t\t\t\t\t\t\t\t\t\t\t\t\t\t<img fetchpriority=\"high\" decoding=\"async\" width=\"720\" height=\"480\" src=\"https:\/\/finmission.fi\/wp-content\/uploads\/2025\/10\/israel.jpg\" class=\"attachment-large size-large wp-image-758\" alt=\"\" srcset=\"https:\/\/finmission.fi\/wp-content\/uploads\/2025\/10\/israel.jpg 720w, https:\/\/finmission.fi\/wp-content\/uploads\/2025\/10\/israel-300x200.jpg 300w, https:\/\/finmission.fi\/wp-content\/uploads\/2025\/10\/israel-18x12.jpg 18w\" sizes=\"(max-width: 720px) 100vw, 720px\" \/>\t\t\t\t\t\t\t\t\t\t\t\t\t\t\t<\/div>\n\t\t\t\t<\/div>\n\t\t\t\t<\/div>\n\t\t\t\t\t<\/div>\n\t\t\t\t<\/div>\n\t\t<div class=\"elementor-element elementor-element-7371123d e-flex e-con-boxed e-con e-parent\" data-id=\"7371123d\" data-element_type=\"container\" data-e-type=\"container\">\n\t\t\t\t\t<div class=\"e-con-inner\">\n\t\t<div class=\"elementor-element elementor-element-44daaa29 e-con-full e-flex e-con e-child\" data-id=\"44daaa29\" data-element_type=\"container\" data-e-type=\"container\">\n\t\t<div class=\"elementor-element elementor-element-4aea377 e-con-full e-flex e-con e-child\" data-id=\"4aea377\" data-element_type=\"container\" data-e-type=\"container\">\n\t\t\t\t<div class=\"elementor-element elementor-element-3cd98138 elementor-widget elementor-widget-image\" data-id=\"3cd98138\" data-element_type=\"widget\" data-e-type=\"widget\" data-widget_type=\"image.default\">\n\t\t\t\t\t\t\t\t\t\t\t\t\t\t\t<img decoding=\"async\" width=\"450\" height=\"450\" src=\"https:\/\/finmission.fi\/wp-content\/uploads\/2025\/10\/tapani.jpg\" class=\"attachment-large size-large wp-image-620\" alt=\"\" srcset=\"https:\/\/finmission.fi\/wp-content\/uploads\/2025\/10\/tapani.jpg 450w, https:\/\/finmission.fi\/wp-content\/uploads\/2025\/10\/tapani-300x300.jpg 300w, https:\/\/finmission.fi\/wp-content\/uploads\/2025\/10\/tapani-150x150.jpg 150w, https:\/\/finmission.fi\/wp-content\/uploads\/2025\/10\/tapani-12x12.jpg 12w\" sizes=\"(max-width: 450px) 100vw, 450px\" \/>\t\t\t\t\t\t\t\t\t\t\t\t\t\t\t<\/div>\n\t\t\t\t<\/div>\n\t\t<div class=\"elementor-element elementor-element-1e60efef e-con-full e-flex e-con e-child\" data-id=\"1e60efef\" data-element_type=\"container\" data-e-type=\"container\">\n\t\t\t\t<div class=\"elementor-element elementor-element-43f1d87d elementor-widget elementor-widget-text-editor\" data-id=\"43f1d87d\" data-element_type=\"widget\" data-e-type=\"widget\" data-widget_type=\"text-editor.default\">\n\t\t\t\t\t\t\t\t\t<p>I have been starting a Christian women's shelter with my friends in Israel and, inspired by that experience, we have long dreamed of a kibbutz that could offer similar help, but on a multi-fold scale. All of this could be possible by networking globally.<\/p><p>Negotiations are being held about the project in different parts of the world. So nothing concrete has happened yet. The \"vision\" is so challenging that it can only progress through the power of prayer. Therefore, we are leaving the matter as a current prayer topic.\u00a0<\/p><p>For the sake of clarification, it should be noted: Usually, new projects are only announced after they have begun to be implemented. However, this project needs determined intercession in order for it to take even the first step, and therefore prayer is needed before anything else is announced.\u00a0<\/p><p>\u201cThe prayer of a righteous man, when it is fervent, avails much.\u201d (James 5:16)\u00a0<\/p>\t\t\t\t\t\t\t\t<\/div>\n\t\t\t\t<\/div>\n\t\t\t\t<\/div>\n\t\t\t\t\t<\/div>\n\t\t\t\t<\/div>\n\t\t\t\t<\/div>","protected":false},"excerpt":{"rendered":"<p>FIN-MISSIO Kristillinen kibbutsi Israeliin Oman kristillisen, erityisesti laupeuden ty\u00f6t\u00e4 tekev\u00e4n kibbutsin perustaminen Israeliin on ollut monien syd\u00e4mell\u00e4 jo pitk\u00e4\u00e4n, mutta kukaan ei ole sit\u00e4 sanonut \u00e4\u00e4neen. Idea ei ole uusi, mutta rukouksen arvoinen. Olemme muutamien vaikutusvaltaisten kristittyjen kanssa l\u00e4hd\u00f6ss\u00e4 rukoillen selvitt\u00e4m\u00e4\u00e4n mahdollisuuksia toteuttaa t\u00e4m\u00e4 unelma \u2013 \u201dn\u00e4ky\u201d \u2013 konkreettisesti. Kibbutsin rahoitus tulisi l\u00e4nsimaisilta Israelin yst\u00e4vilt\u00e4.Kibbutsin [&hellip;]<\/p>","protected":false},"author":1,"featured_media":758,"parent":0,"menu_order":0,"comment_status":"closed","ping_status":"closed","template":"","meta":{"footnotes":""},"categories":[20],"tags":[22],"class_list":["post-391","page","type-page","status-publish","has-post-thumbnail","hentry","category-tue","tag-rukous"],"_links":{"self":[{"href":"https:\/\/finmission.fi\/en\/wp-json\/wp\/v2\/pages\/391","targetHints":{"allow":["GET"]}}],"collection":[{"href":"https:\/\/finmission.fi\/en\/wp-json\/wp\/v2\/pages"}],"about":[{"href":"https:\/\/finmission.fi\/en\/wp-json\/wp\/v2\/types\/page"}],"author":[{"embeddable":true,"href":"https:\/\/finmission.fi\/en\/wp-json\/wp\/v2\/users\/1"}],"replies":[{"embeddable":true,"href":"https:\/\/finmission.fi\/en\/wp-json\/wp\/v2\/comments?post=391"}],"version-history":[{"count":16,"href":"https:\/\/finmission.fi\/en\/wp-json\/wp\/v2\/pages\/391\/revisions"}],"predecessor-version":[{"id":1291,"href":"https:\/\/finmission.fi\/en\/wp-json\/wp\/v2\/pages\/391\/revisions\/1291"}],"wp:featuredmedia":[{"embeddable":true,"href":"https:\/\/finmission.fi\/en\/wp-json\/wp\/v2\/media\/758"}],"wp:attachment":[{"href":"https:\/\/finmission.fi\/en\/wp-json\/wp\/v2\/media?parent=391"}],"wp:term":[{"taxonomy":"category","embeddable":true,"href":"https:\/\/finmission.fi\/en\/wp-json\/wp\/v2\/categories?post=391"},{"taxonomy":"post_tag","embeddable":true,"href":"https:\/\/finmission.fi\/en\/wp-json\/wp\/v2\/tags?post=391"}],"curies":[{"name":"wp","href":"https:\/\/api.w.org\/{rel}","templated":true}]}}