{"id":394,"date":"2025-09-25T08:03:44","date_gmt":"2025-09-25T08:03:44","guid":{"rendered":"https:\/\/fin.charity.wp2.kotisivut.com\/?page_id=394"},"modified":"2026-01-29T07:57:45","modified_gmt":"2026-01-29T07:57:45","slug":"ota-yhteytta","status":"publish","type":"page","link":"https:\/\/finmission.fi\/en\/ota-yhteytta\/","title":{"rendered":"Contact us"},"content":{"rendered":"<div data-elementor-type=\"wp-page\" data-elementor-id=\"394\" class=\"elementor elementor-394\" data-elementor-post-type=\"page\">\n\t\t\t\t<div class=\"elementor-element elementor-element-bd0656f e-flex e-con-boxed e-con e-parent\" data-id=\"bd0656f\" data-element_type=\"container\" data-e-type=\"container\">\n\t\t\t\t\t<div class=\"e-con-inner\">\n\t\t\t\t<div class=\"elementor-element elementor-element-a938c12 elementor-widget elementor-widget-heading\" data-id=\"a938c12\" data-element_type=\"widget\" data-e-type=\"widget\" data-widget_type=\"heading.default\">\n\t\t\t\t\t<h2 class=\"elementor-heading-title elementor-size-default\">FUNDING<\/h2>\t\t\t\t<\/div>\n\t\t\t\t<div class=\"elementor-element elementor-element-196abec elementor-widget elementor-widget-text-editor\" data-id=\"196abec\" data-element_type=\"widget\" data-e-type=\"widget\" data-widget_type=\"text-editor.default\">\n\t\t\t\t\t\t\t\t\t<p>Our task is to build a reliable contact surface between different actors. <br \/>Donors are one significant link in this network. FIN channels funds to where the need is greatest.<\/p><p class=\"translation-block\">FIN needs funding to maintain its own communication machinery and organize various missions. For this purpose, Fishermen\u00b4s International Network is optaining collection permits to cover the needs of its operations from the Finnish National Police Board, which also monitors the use of funds. All surplus funds are used to support missionary work.<\/p><p>Ker\u00e4ysnumero:\u00a0<strong>RA\/2026\/36<\/strong><\/p><p>Note! With a small-scale fundraising permit, we are allowed to collect only \u20ac10,000 within a three-month period. <br \/>Kun summa t\u00e4yttyy, suljemme tilin siihen asti kunnes uusi lupa on my\u00f6nnetty.<\/p>\t\t\t\t\t\t\t\t<\/div>\n\t\t\t\t<div class=\"elementor-element elementor-element-5d4fbee elementor-widget elementor-widget-text-editor\" data-id=\"5d4fbee\" data-element_type=\"widget\" data-e-type=\"widget\" data-widget_type=\"text-editor.default\">\n\t\t\t\t\t\t\t\t\t<p><strong>Payee<\/strong><\/p><p>Fishermens international network ry<\/p><p><strong>Bank details<\/strong><\/p><p>J\u00e4rvi-H\u00e4meen Osuuspankki<\/p><p>FI96 50110920152473<\/p><p><strong>Reference number<\/strong><\/p><p>RF92 3557<\/p>\t\t\t\t\t\t\t\t<\/div>\n\t\t\t\t\t<\/div>\n\t\t\t\t<\/div>\n\t\t\t\t<\/div>","protected":false},"excerpt":{"rendered":"<p>TUE TY\u00d6T\u00c4 Teht\u00e4v\u00e4mme on rakentaa luotettava kontaktipinta eri toimijoiden kesken. Rahoittajat ovat yksi merkitt\u00e4v\u00e4 lenkki t\u00e4ss\u00e4 verkostossa. FIN kanavoi varoja sinne, miss\u00e4 tarve on suurin. FIN tarvitsee rahoitusta oman kommunikaatiokoneistonsa yll\u00e4pit\u00e4miseen ja erilaisten missioiden j\u00e4rjest\u00e4miseen. T\u00e4t\u00e4 varten Fishermen\u00b4s International Network on hankkinut pienker\u00e4ysluvan L\u00e4nsi-Uudenmaan\u00a0poliisilaitokselta kolmen kuukauden ajaksi \u2013 kunnes varsinainen ker\u00e4yslupa on saatu Suomen Poliisihallitukselta. [&hellip;]<\/p>","protected":false},"author":1,"featured_media":0,"parent":0,"menu_order":0,"comment_status":"closed","ping_status":"closed","template":"","meta":{"footnotes":""},"categories":[],"tags":[],"class_list":["post-394","page","type-page","status-publish","hentry"],"_links":{"self":[{"href":"https:\/\/finmission.fi\/en\/wp-json\/wp\/v2\/pages\/394","targetHints":{"allow":["GET"]}}],"collection":[{"href":"https:\/\/finmission.fi\/en\/wp-json\/wp\/v2\/pages"}],"about":[{"href":"https:\/\/finmission.fi\/en\/wp-json\/wp\/v2\/types\/page"}],"author":[{"embeddable":true,"href":"https:\/\/finmission.fi\/en\/wp-json\/wp\/v2\/users\/1"}],"replies":[{"embeddable":true,"href":"https:\/\/finmission.fi\/en\/wp-json\/wp\/v2\/comments?post=394"}],"version-history":[{"count":55,"href":"https:\/\/finmission.fi\/en\/wp-json\/wp\/v2\/pages\/394\/revisions"}],"predecessor-version":[{"id":1617,"href":"https:\/\/finmission.fi\/en\/wp-json\/wp\/v2\/pages\/394\/revisions\/1617"}],"wp:attachment":[{"href":"https:\/\/finmission.fi\/en\/wp-json\/wp\/v2\/media?parent=394"}],"wp:term":[{"taxonomy":"category","embeddable":true,"href":"https:\/\/finmission.fi\/en\/wp-json\/wp\/v2\/categories?post=394"},{"taxonomy":"post_tag","embeddable":true,"href":"https:\/\/finmission.fi\/en\/wp-json\/wp\/v2\/tags?post=394"}],"curies":[{"name":"wp","href":"https:\/\/api.w.org\/{rel}","templated":true}]}}