{"id":400,"date":"2025-09-25T08:04:26","date_gmt":"2025-09-25T08:04:26","guid":{"rendered":"https:\/\/fin.charity.wp2.kotisivut.com\/?page_id=400"},"modified":"2026-01-06T02:33:38","modified_gmt":"2026-01-06T02:33:38","slug":"suomalaiset-tarvitsevat-apua-fuengirolassa","status":"publish","type":"page","link":"https:\/\/finmission.fi\/en\/suomalaiset-tarvitsevat-apua-fuengirolassa\/","title":{"rendered":"Finns need help in Fuengirola."},"content":{"rendered":"<div data-elementor-type=\"wp-page\" data-elementor-id=\"400\" class=\"elementor elementor-400\" data-elementor-post-type=\"page\">\n\t\t\t\t<div class=\"elementor-element elementor-element-54272a3f e-flex e-con-boxed e-con e-parent\" data-id=\"54272a3f\" data-element_type=\"container\" data-e-type=\"container\">\n\t\t\t\t\t<div class=\"e-con-inner\">\n\t\t\t\t<div class=\"elementor-element elementor-element-3ca3997b elementor-widget elementor-widget-heading\" data-id=\"3ca3997b\" data-element_type=\"widget\" data-e-type=\"widget\" data-widget_type=\"heading.default\">\n\t\t\t\t\t<h2 class=\"elementor-heading-title elementor-size-default\">FIN-<span>MISSION<\/span><\/h2>\t\t\t\t<\/div>\n\t\t\t\t<div class=\"elementor-element elementor-element-76bbde07 elementor-widget elementor-widget-heading\" data-id=\"76bbde07\" data-element_type=\"widget\" data-e-type=\"widget\" data-widget_type=\"heading.default\">\n\t\t\t\t\t<h2 class=\"elementor-heading-title elementor-size-default\">Finns need help in Fuengirola.<\/h2>\t\t\t\t<\/div>\n\t\t\t\t\t<\/div>\n\t\t\t\t<\/div>\n\t\t<div class=\"elementor-element elementor-element-7db1b3db e-flex e-con-boxed e-con e-parent\" data-id=\"7db1b3db\" data-element_type=\"container\" data-e-type=\"container\">\n\t\t\t\t\t<div class=\"e-con-inner\">\n\t\t<div class=\"elementor-element elementor-element-7a6e2a5c e-con-full e-flex e-con e-child\" data-id=\"7a6e2a5c\" data-element_type=\"container\" data-e-type=\"container\">\n\t\t<div class=\"elementor-element elementor-element-7e727d3c e-con-full e-flex e-con e-child\" data-id=\"7e727d3c\" data-element_type=\"container\" data-e-type=\"container\">\n\t\t\t\t<div class=\"elementor-element elementor-element-820f341 elementor-widget elementor-widget-text-editor\" data-id=\"820f341\" data-element_type=\"widget\" data-e-type=\"widget\" data-widget_type=\"text-editor.default\">\n\t\t\t\t\t\t\t\t\t<p><strong>on Spain\u2019s Costa del Sol<\/strong> Over 30,000 Finns live on the Spanish Costa del Sol in winter. Many work remotely there,\nbut a large number are also spending their retirement days. In a foreign country, they are\nvery open to discussing Christianity and hearing what Jesus could give them.\u00a0<br \/>There are also many Finns with substance abuse problems living in Fuengirola, who are in\ndeep crisis in a foreign country and desperately need God\u2019s help.<\/p><p class=\"translation-block\">FIN is organizing a mission to Fuengirola together with the home church of the Costa del\nSol and the Lutheran church. Many Christian organizations from Finland are involved.\nFuengirola is an exceptional city in Spain, because due to the great number of Finnish\nresidents it is possible to operate in Finnish only. Those who are fluent in the language can\nalso reach Spaniards and other nationalities, who are also easily found.<\/p><p class=\"translation-block\">The Fuengirola mission is going ahead in March. For the mission to succeed and bear good fruit, it now needs much prayer. The mission can be a great blessing both for the people in Fuengirola and for the local churches there, as well as for those who go to Spain to share about Christ.<\/p>\t\t\t\t\t\t\t\t<\/div>\n\t\t\t\t<div class=\"elementor-element elementor-element-4ade24d elementor-widget elementor-widget-button\" data-id=\"4ade24d\" data-element_type=\"widget\" data-e-type=\"widget\" data-widget_type=\"button.default\">\n\t\t\t\t\t\t\t\t\t\t<a class=\"elementor-button elementor-button-link elementor-size-sm elementor-animation-grow\" href=\"https:\/\/finmission.fi\/en\/fin-mission-fuengirola\/\">\n\t\t\t\t\t\t<span class=\"elementor-button-content-wrapper\">\n\t\t\t\t\t\t\t\t\t<span class=\"elementor-button-text\">\u279c LUE LIS\u00c4\u00c4 JA HAE MUKAAN<\/span>\n\t\t\t\t\t<\/span>\n\t\t\t\t\t<\/a>\n\t\t\t\t\t\t\t\t<\/div>\n\t\t\t\t<\/div>\n\t\t<div class=\"elementor-element elementor-element-3ab8849d e-con-full e-flex e-con e-child\" data-id=\"3ab8849d\" data-element_type=\"container\" data-e-type=\"container\">\n\t\t\t\t<div class=\"elementor-element elementor-element-3e05cb87 elementor-widget elementor-widget-image\" data-id=\"3e05cb87\" data-element_type=\"widget\" data-e-type=\"widget\" data-widget_type=\"image.default\">\n\t\t\t\t\t\t\t\t\t\t\t\t\t\t\t<img fetchpriority=\"high\" decoding=\"async\" width=\"800\" height=\"463\" src=\"https:\/\/finmission.fi\/wp-content\/uploads\/2025\/10\/fuengirola.jpg\" class=\"attachment-large size-large wp-image-686\" alt=\"\" srcset=\"https:\/\/finmission.fi\/wp-content\/uploads\/2025\/10\/fuengirola.jpg 829w, https:\/\/finmission.fi\/wp-content\/uploads\/2025\/10\/fuengirola-300x174.jpg 300w, https:\/\/finmission.fi\/wp-content\/uploads\/2025\/10\/fuengirola-768x445.jpg 768w, https:\/\/finmission.fi\/wp-content\/uploads\/2025\/10\/fuengirola-18x10.jpg 18w\" sizes=\"(max-width: 800px) 100vw, 800px\" \/>\t\t\t\t\t\t\t\t\t\t\t\t\t\t\t<\/div>\n\t\t\t\t<\/div>\n\t\t\t\t<\/div>\n\t\t\t\t\t<\/div>\n\t\t\t\t<\/div>\n\t\t\t\t<\/div>","protected":false},"excerpt":{"rendered":"<p>FIN-MISSIO Suomalaiset tarvitsevat apua Fuengirolassa Espanjan Aurinkorannikolla asuu talvisin yli 30 000 suomalaista. Monet ovat siell\u00e4 et\u00e4t\u00f6iss\u00e4, mutta suuri m\u00e4\u00e4r\u00e4 on my\u00f6s viett\u00e4m\u00e4ss\u00e4 el\u00e4kep\u00e4ivi\u00e4\u00e4n. He ovat vieraalla maalla hyvin avoimia keskustelemaan kristinuskosta ja kuulemaan, mit\u00e4 Jeesus voisi heille antaa.Fuengirolassa el\u00e4\u00e4 my\u00f6s paljon p\u00e4ihdeongelmaisia suomalaisia, jotka ovat syv\u00e4ss\u00e4 kriisiss\u00e4 vieraalla maalla ja tarvitsevat kipe\u00e4sti Jumalalta apua. [&hellip;]<\/p>","protected":false},"author":1,"featured_media":732,"parent":0,"menu_order":0,"comment_status":"closed","ping_status":"closed","template":"","meta":{"footnotes":""},"categories":[20],"tags":[22],"class_list":["post-400","page","type-page","status-publish","has-post-thumbnail","hentry","category-tue","tag-rukous"],"_links":{"self":[{"href":"https:\/\/finmission.fi\/en\/wp-json\/wp\/v2\/pages\/400","targetHints":{"allow":["GET"]}}],"collection":[{"href":"https:\/\/finmission.fi\/en\/wp-json\/wp\/v2\/pages"}],"about":[{"href":"https:\/\/finmission.fi\/en\/wp-json\/wp\/v2\/types\/page"}],"author":[{"embeddable":true,"href":"https:\/\/finmission.fi\/en\/wp-json\/wp\/v2\/users\/1"}],"replies":[{"embeddable":true,"href":"https:\/\/finmission.fi\/en\/wp-json\/wp\/v2\/comments?post=400"}],"version-history":[{"count":13,"href":"https:\/\/finmission.fi\/en\/wp-json\/wp\/v2\/pages\/400\/revisions"}],"predecessor-version":[{"id":1565,"href":"https:\/\/finmission.fi\/en\/wp-json\/wp\/v2\/pages\/400\/revisions\/1565"}],"wp:featuredmedia":[{"embeddable":true,"href":"https:\/\/finmission.fi\/en\/wp-json\/wp\/v2\/media\/732"}],"wp:attachment":[{"href":"https:\/\/finmission.fi\/en\/wp-json\/wp\/v2\/media?parent=400"}],"wp:term":[{"taxonomy":"category","embeddable":true,"href":"https:\/\/finmission.fi\/en\/wp-json\/wp\/v2\/categories?post=400"},{"taxonomy":"post_tag","embeddable":true,"href":"https:\/\/finmission.fi\/en\/wp-json\/wp\/v2\/tags?post=400"}],"curies":[{"name":"wp","href":"https:\/\/api.w.org\/{rel}","templated":true}]}}