{"id":409,"date":"2025-09-25T08:05:17","date_gmt":"2025-09-25T08:05:17","guid":{"rendered":"https:\/\/fin.charity.wp2.kotisivut.com\/?page_id=409"},"modified":"2025-11-04T14:25:04","modified_gmt":"2025-11-04T14:25:04","slug":"vankilatyo","status":"publish","type":"page","link":"https:\/\/finmission.fi\/en\/vankilatyo\/","title":{"rendered":"Addiction and street outreach"},"content":{"rendered":"<div data-elementor-type=\"wp-page\" data-elementor-id=\"409\" class=\"elementor elementor-409\" data-elementor-post-type=\"page\">\n\t\t\t\t<div class=\"elementor-element elementor-element-5a9f7e20 e-flex e-con-boxed e-con e-parent\" data-id=\"5a9f7e20\" data-element_type=\"container\" data-e-type=\"container\">\n\t\t\t\t\t<div class=\"e-con-inner\">\n\t\t\t\t<div class=\"elementor-element elementor-element-72fd2e80 elementor-widget elementor-widget-heading\" data-id=\"72fd2e80\" data-element_type=\"widget\" data-e-type=\"widget\" data-widget_type=\"heading.default\">\n\t\t\t\t\t<h2 class=\"elementor-heading-title elementor-size-default\">FIN-<span>MISSION<\/span><\/h2>\t\t\t\t<\/div>\n\t\t\t\t<div class=\"elementor-element elementor-element-15a7ac78 elementor-widget elementor-widget-heading\" data-id=\"15a7ac78\" data-element_type=\"widget\" data-e-type=\"widget\" data-widget_type=\"heading.default\">\n\t\t\t\t\t<h2 class=\"elementor-heading-title elementor-size-default\">Substance abuse and street outreach work<\/h2>\t\t\t\t<\/div>\n\t\t\t\t\t<\/div>\n\t\t\t\t<\/div>\n\t\t<div class=\"elementor-element elementor-element-78de687b e-flex e-con-boxed e-con e-parent\" data-id=\"78de687b\" data-element_type=\"container\" data-e-type=\"container\">\n\t\t\t\t\t<div class=\"e-con-inner\">\n\t\t<div class=\"elementor-element elementor-element-2ad5ecea e-con-full e-flex e-con e-child\" data-id=\"2ad5ecea\" data-element_type=\"container\" data-e-type=\"container\">\n\t\t<div class=\"elementor-element elementor-element-6cefe610 e-con-full e-flex e-con e-child\" data-id=\"6cefe610\" data-element_type=\"container\" data-e-type=\"container\">\n\t\t\t\t<div class=\"elementor-element elementor-element-27f114bf elementor-widget elementor-widget-text-editor\" data-id=\"27f114bf\" data-element_type=\"widget\" data-e-type=\"widget\" data-widget_type=\"text-editor.default\">\n\t\t\t\t\t\t\t\t\t<p class=\"p1\">Drug addicts and other street children pose a challenge to the entire Christian church,\nbefore which everyone feels great helplessness.\nWho could help them and share the Gospel with them?\nWho could provide adequate follow-up care, a safe home, and a Christian community where they could embrace a new life?\nFortunately, there are people who do exactly that.<\/p><p class=\"p1\">Everyone working in this field experiences a deep sense of inadequacy,\nbecause the challenge is truly enormous.\nThe problem affects the entire church, yet those dedicated to drug and street ministry are few, and even they often work very much alone.\nNetworking and offering support and help where the fight for these neighbors takes place is more important than many might realize.\nWe must no longer leave those doing this work on their own, but stand alongside them, helping where we can and providing our support in this demanding ministry.<\/p>\t\t\t\t\t\t\t\t<\/div>\n\t\t\t\t<\/div>\n\t\t<div class=\"elementor-element elementor-element-a167087 e-con-full e-flex e-con e-child\" data-id=\"a167087\" data-element_type=\"container\" data-e-type=\"container\">\n\t\t\t\t<div class=\"elementor-element elementor-element-d71d029 elementor-widget elementor-widget-image\" data-id=\"d71d029\" data-element_type=\"widget\" data-e-type=\"widget\" data-widget_type=\"image.default\">\n\t\t\t\t\t\t\t\t\t\t\t\t\t\t\t<img fetchpriority=\"high\" decoding=\"async\" width=\"584\" height=\"411\" src=\"https:\/\/finmission.fi\/wp-content\/uploads\/2025\/10\/huumetyo2-e1760706192375.jpg\" class=\"attachment-large size-large wp-image-713\" alt=\"\" srcset=\"https:\/\/finmission.fi\/wp-content\/uploads\/2025\/10\/huumetyo2-e1760706192375.jpg 584w, https:\/\/finmission.fi\/wp-content\/uploads\/2025\/10\/huumetyo2-e1760706192375-300x211.jpg 300w, https:\/\/finmission.fi\/wp-content\/uploads\/2025\/10\/huumetyo2-e1760706192375-18x12.jpg 18w\" sizes=\"(max-width: 584px) 100vw, 584px\" \/>\t\t\t\t\t\t\t\t\t\t\t\t\t\t\t<\/div>\n\t\t\t\t<\/div>\n\t\t\t\t<\/div>\n\t\t\t\t\t<\/div>\n\t\t\t\t<\/div>\n\t\t<div class=\"elementor-element elementor-element-68993e76 e-flex e-con-boxed e-con e-parent\" data-id=\"68993e76\" data-element_type=\"container\" data-e-type=\"container\">\n\t\t\t\t\t<div class=\"e-con-inner\">\n\t\t<div class=\"elementor-element elementor-element-363321a1 e-con-full e-flex e-con e-child\" data-id=\"363321a1\" data-element_type=\"container\" data-e-type=\"container\">\n\t\t<div class=\"elementor-element elementor-element-4ad5934f e-con-full e-flex e-con e-child\" data-id=\"4ad5934f\" data-element_type=\"container\" data-e-type=\"container\">\n\t\t\t\t<div class=\"elementor-element elementor-element-6caa0197 elementor-widget elementor-widget-image\" data-id=\"6caa0197\" data-element_type=\"widget\" data-e-type=\"widget\" data-widget_type=\"image.default\">\n\t\t\t\t\t\t\t\t\t\t\t\t\t\t\t<img decoding=\"async\" width=\"647\" height=\"480\" src=\"https:\/\/finmission.fi\/wp-content\/uploads\/2025\/10\/group.jpg\" class=\"attachment-large size-large wp-image-649\" alt=\"\" srcset=\"https:\/\/finmission.fi\/wp-content\/uploads\/2025\/10\/group.jpg 647w, https:\/\/finmission.fi\/wp-content\/uploads\/2025\/10\/group-300x223.jpg 300w, https:\/\/finmission.fi\/wp-content\/uploads\/2025\/10\/group-16x12.jpg 16w\" sizes=\"(max-width: 647px) 100vw, 647px\" \/>\t\t\t\t\t\t\t\t\t\t\t\t\t\t\t<\/div>\n\t\t\t\t<\/div>\n\t\t<div class=\"elementor-element elementor-element-120fd1d4 e-con-full e-flex e-con e-child\" data-id=\"120fd1d4\" data-element_type=\"container\" data-e-type=\"container\">\n\t\t\t\t<div class=\"elementor-element elementor-element-28bf7412 elementor-widget elementor-widget-text-editor\" data-id=\"28bf7412\" data-element_type=\"widget\" data-e-type=\"widget\" data-widget_type=\"text-editor.default\">\n\t\t\t\t\t\t\t\t\t<p class=\"p1\">Alone we are powerless, but together we can accomplish much.\nFIN unites efforts in this area by building the necessary network,\nso that every worker can sustain their ministry and the work can bear even greater fruit.<\/p><p class=\"p1\">The problem is global, and therefore international networking is one of our key goals.<\/p><p class=\"p1\">If you feel called to this ministry, leave your contact information in the form below,\nand you will receive more information on how you can get involved.<\/p><p class=\"p2\">\u00a0<\/p>\t\t\t\t\t\t\t\t<\/div>\n\t\t\t\t<\/div>\n\t\t\t\t<\/div>\n\t\t\t\t\t<\/div>\n\t\t\t\t<\/div>\n\t\t\t\t<\/div>","protected":false},"excerpt":{"rendered":"<p>FIN-MISSIO Huume- ja katuty\u00f6 Huumeongelmaiset ja muut katujen kasvatit ovat koko kristilliselle seurakunnalle haaste, jonka edess\u00e4 kaikki kokevat suurta voimattomuutta. Kuka kykenisi heit\u00e4 auttamaan ja evankelioimaan? Kuka kykenisi tarjoamaan heille riitt\u00e4v\u00e4n jatkohoidon, turvakodin ja kristillisen yhteis\u00f6n jossa he p\u00e4\u00e4sisiv\u00e4t kiinni uuteen el\u00e4m\u00e4\u00e4n? Onneksi sellaisiakin ihmisi\u00e4 on olemassa. Kaikki, jotka t\u00e4ll\u00e4 saralla toimivat, kokevat kuitenkin suurta [&hellip;]<\/p>","protected":false},"author":1,"featured_media":713,"parent":0,"menu_order":0,"comment_status":"closed","ping_status":"closed","template":"","meta":{"footnotes":""},"categories":[19],"tags":[],"class_list":["post-409","page","type-page","status-publish","has-post-thumbnail","hentry","category-kenttatyo"],"_links":{"self":[{"href":"https:\/\/finmission.fi\/en\/wp-json\/wp\/v2\/pages\/409","targetHints":{"allow":["GET"]}}],"collection":[{"href":"https:\/\/finmission.fi\/en\/wp-json\/wp\/v2\/pages"}],"about":[{"href":"https:\/\/finmission.fi\/en\/wp-json\/wp\/v2\/types\/page"}],"author":[{"embeddable":true,"href":"https:\/\/finmission.fi\/en\/wp-json\/wp\/v2\/users\/1"}],"replies":[{"embeddable":true,"href":"https:\/\/finmission.fi\/en\/wp-json\/wp\/v2\/comments?post=409"}],"version-history":[{"count":30,"href":"https:\/\/finmission.fi\/en\/wp-json\/wp\/v2\/pages\/409\/revisions"}],"predecessor-version":[{"id":1385,"href":"https:\/\/finmission.fi\/en\/wp-json\/wp\/v2\/pages\/409\/revisions\/1385"}],"wp:featuredmedia":[{"embeddable":true,"href":"https:\/\/finmission.fi\/en\/wp-json\/wp\/v2\/media\/713"}],"wp:attachment":[{"href":"https:\/\/finmission.fi\/en\/wp-json\/wp\/v2\/media?parent=409"}],"wp:term":[{"taxonomy":"category","embeddable":true,"href":"https:\/\/finmission.fi\/en\/wp-json\/wp\/v2\/categories?post=409"},{"taxonomy":"post_tag","embeddable":true,"href":"https:\/\/finmission.fi\/en\/wp-json\/wp\/v2\/tags?post=409"}],"curies":[{"name":"wp","href":"https:\/\/api.w.org\/{rel}","templated":true}]}}