{"id":412,"date":"2025-09-25T08:05:43","date_gmt":"2025-09-25T08:05:43","guid":{"rendered":"https:\/\/fin.charity.wp2.kotisivut.com\/?page_id=412"},"modified":"2025-10-17T14:33:45","modified_gmt":"2025-10-17T14:33:45","slug":"liikemiehet-mukana-lahetystyossa","status":"publish","type":"page","link":"https:\/\/finmission.fi\/en\/liikemiehet-mukana-lahetystyossa\/","title":{"rendered":"Businessmen involved in missions"},"content":{"rendered":"<div data-elementor-type=\"wp-page\" data-elementor-id=\"412\" class=\"elementor elementor-412\" data-elementor-post-type=\"page\">\n\t\t\t\t<div class=\"elementor-element elementor-element-1999f3f6 e-flex e-con-boxed e-con e-parent\" data-id=\"1999f3f6\" data-element_type=\"container\" data-e-type=\"container\">\n\t\t\t\t\t<div class=\"e-con-inner\">\n\t\t\t\t<div class=\"elementor-element elementor-element-77d0f8ca elementor-widget elementor-widget-heading\" data-id=\"77d0f8ca\" data-element_type=\"widget\" data-e-type=\"widget\" data-widget_type=\"heading.default\">\n\t\t\t\t\t<h2 class=\"elementor-heading-title elementor-size-default\">FIN-<span>BUSINESSMEN<\/span><\/h2>\t\t\t\t<\/div>\n\t\t\t\t<div class=\"elementor-element elementor-element-7f8a764a elementor-widget elementor-widget-heading\" data-id=\"7f8a764a\" data-element_type=\"widget\" data-e-type=\"widget\" data-widget_type=\"heading.default\">\n\t\t\t\t\t<h2 class=\"elementor-heading-title elementor-size-default\">participate in missions<\/h2>\t\t\t\t<\/div>\n\t\t\t\t<div class=\"elementor-element elementor-element-65e52607 elementor-widget elementor-widget-text-editor\" data-id=\"65e52607\" data-element_type=\"widget\" data-e-type=\"widget\" data-widget_type=\"text-editor.default\">\n\t\t\t\t\t\t\t\t\t<p><span style=\"font-weight: 400;\">Behind evangelism and missionary work, there are always funders who make the work possible. Significant funders are often Christian businessmen, who quietly sacrifice large sums for the work of the Kingdom of God.<\/span><\/p>\t\t\t\t\t\t\t\t<\/div>\n\t\t\t\t\t<\/div>\n\t\t\t\t<\/div>\n\t\t<div class=\"elementor-element elementor-element-e6c25e9 e-flex e-con-boxed e-con e-parent\" data-id=\"e6c25e9\" data-element_type=\"container\" data-e-type=\"container\">\n\t\t\t\t\t<div class=\"e-con-inner\">\n\t\t<div class=\"elementor-element elementor-element-7317b245 e-con-full e-flex e-con e-child\" data-id=\"7317b245\" data-element_type=\"container\" data-e-type=\"container\">\n\t\t<div class=\"elementor-element elementor-element-83f7bb5 e-con-full e-flex e-con e-child\" data-id=\"83f7bb5\" data-element_type=\"container\" data-e-type=\"container\">\n\t\t\t\t<div class=\"elementor-element elementor-element-2e532e1 elementor-widget elementor-widget-text-editor\" data-id=\"2e532e1\" data-element_type=\"widget\" data-e-type=\"widget\" data-widget_type=\"text-editor.default\">\n\t\t\t\t\t\t\t\t\t<p><span style=\"font-weight: 400;\">These people play an important role in the spread of the Kingdom of God. Despite this, they often remain on the sidelines - sometimes of their own free will. We want to raise them to be part of the common work and to be involved in the work as a team that enables their own work. There, they can have a say in the progress of things and also receive peer support from each other in the task that has been given to them in spreading the gospel.\u00a0<\/span><\/p><p><span style=\"font-weight: 400;\">FIN BUSINESSMEN keep in touch with each other and build their own network, the significance of which can be great even globally, because FIN is an international network. Participation does not oblige you to anything, but can in itself be a blessing for both yourself and everyone else involved.<\/span><\/p>\t\t\t\t\t\t\t\t<\/div>\n\t\t\t\t<\/div>\n\t\t<div class=\"elementor-element elementor-element-a352815 e-con-full e-flex e-con e-child\" data-id=\"a352815\" data-element_type=\"container\" data-e-type=\"container\">\n\t\t\t\t<div class=\"elementor-element elementor-element-7904a408 elementor-widget elementor-widget-image\" data-id=\"7904a408\" data-element_type=\"widget\" data-e-type=\"widget\" data-widget_type=\"image.default\">\n\t\t\t\t\t\t\t\t\t\t\t\t\t\t\t<img fetchpriority=\"high\" decoding=\"async\" width=\"800\" height=\"343\" src=\"https:\/\/finmission.fi\/wp-content\/uploads\/2025\/10\/business-men-1024x439.jpg\" class=\"attachment-large size-large wp-image-629\" alt=\"\" srcset=\"https:\/\/finmission.fi\/wp-content\/uploads\/2025\/10\/business-men-1024x439.jpg 1024w, https:\/\/finmission.fi\/wp-content\/uploads\/2025\/10\/business-men-300x129.jpg 300w, https:\/\/finmission.fi\/wp-content\/uploads\/2025\/10\/business-men-768x329.jpg 768w, https:\/\/finmission.fi\/wp-content\/uploads\/2025\/10\/business-men-18x8.jpg 18w, https:\/\/finmission.fi\/wp-content\/uploads\/2025\/10\/business-men.jpg 1120w\" sizes=\"(max-width: 800px) 100vw, 800px\" \/>\t\t\t\t\t\t\t\t\t\t\t\t\t\t\t<\/div>\n\t\t\t\t<\/div>\n\t\t\t\t<\/div>\n\t\t\t\t\t<\/div>\n\t\t\t\t<\/div>\n\t\t\t\t<\/div>","protected":false},"excerpt":{"rendered":"<p>FIN-LIIKEMIEHET Mukana missioissa Evankelioimis- ja l\u00e4hetysty\u00f6n takana on aina my\u00f6s ty\u00f6n rahoittajia, jotka mahdollistavat toiminnan. Merkitt\u00e4vi\u00e4 rahoittajia ovat usein kristityt liikemiehet, jotka kaikessa hiljaisuudessa uhraavat suuriakin summia Jumalan valtakunnan ty\u00f6h\u00f6n. N\u00e4ill\u00e4 ihmisill\u00e4 on t\u00e4rke\u00e4 rooli Jumalan valtakunnan levi\u00e4misess\u00e4. Siit\u00e4 huolimatta he j\u00e4\u00e4v\u00e4t usein sivuosaan \u2013 joskus omasta tahdostaankin. Haluamme nostaa heid\u00e4t osaksi yhteist\u00e4 ty\u00f6t\u00e4 ja [&hellip;]<\/p>","protected":false},"author":1,"featured_media":0,"parent":0,"menu_order":0,"comment_status":"closed","ping_status":"closed","template":"","meta":{"footnotes":""},"categories":[],"tags":[],"class_list":["post-412","page","type-page","status-publish","hentry"],"_links":{"self":[{"href":"https:\/\/finmission.fi\/en\/wp-json\/wp\/v2\/pages\/412","targetHints":{"allow":["GET"]}}],"collection":[{"href":"https:\/\/finmission.fi\/en\/wp-json\/wp\/v2\/pages"}],"about":[{"href":"https:\/\/finmission.fi\/en\/wp-json\/wp\/v2\/types\/page"}],"author":[{"embeddable":true,"href":"https:\/\/finmission.fi\/en\/wp-json\/wp\/v2\/users\/1"}],"replies":[{"embeddable":true,"href":"https:\/\/finmission.fi\/en\/wp-json\/wp\/v2\/comments?post=412"}],"version-history":[{"count":7,"href":"https:\/\/finmission.fi\/en\/wp-json\/wp\/v2\/pages\/412\/revisions"}],"predecessor-version":[{"id":765,"href":"https:\/\/finmission.fi\/en\/wp-json\/wp\/v2\/pages\/412\/revisions\/765"}],"wp:attachment":[{"href":"https:\/\/finmission.fi\/en\/wp-json\/wp\/v2\/media?parent=412"}],"wp:term":[{"taxonomy":"category","embeddable":true,"href":"https:\/\/finmission.fi\/en\/wp-json\/wp\/v2\/categories?post=412"},{"taxonomy":"post_tag","embeddable":true,"href":"https:\/\/finmission.fi\/en\/wp-json\/wp\/v2\/tags?post=412"}],"curies":[{"name":"wp","href":"https:\/\/api.w.org\/{rel}","templated":true}]}}