{"id":415,"date":"2025-09-25T08:06:02","date_gmt":"2025-09-25T08:06:02","guid":{"rendered":"https:\/\/fin.charity.wp2.kotisivut.com\/?page_id=415"},"modified":"2025-10-24T13:17:53","modified_gmt":"2025-10-24T13:17:53","slug":"raamattuja-suljettuihin-maihin","status":"publish","type":"page","link":"https:\/\/finmission.fi\/en\/raamattuja-suljettuihin-maihin\/","title":{"rendered":"Bibles for closed countries"},"content":{"rendered":"<div data-elementor-type=\"wp-page\" data-elementor-id=\"415\" class=\"elementor elementor-415\" data-elementor-post-type=\"page\">\n\t\t\t\t<div class=\"elementor-element elementor-element-4f5ed861 e-flex e-con-boxed e-con e-parent\" data-id=\"4f5ed861\" data-element_type=\"container\" data-e-type=\"container\">\n\t\t\t\t\t<div class=\"e-con-inner\">\n\t\t\t\t<div class=\"elementor-element elementor-element-30f20db0 elementor-widget elementor-widget-heading\" data-id=\"30f20db0\" data-element_type=\"widget\" data-e-type=\"widget\" data-widget_type=\"heading.default\">\n\t\t\t\t\t<h2 class=\"elementor-heading-title elementor-size-default\">FIN-<span>MISSION<\/span><\/h2>\t\t\t\t<\/div>\n\t\t\t\t<div class=\"elementor-element elementor-element-173620c3 elementor-widget elementor-widget-heading\" data-id=\"173620c3\" data-element_type=\"widget\" data-e-type=\"widget\" data-widget_type=\"heading.default\">\n\t\t\t\t\t<h2 class=\"elementor-heading-title elementor-size-default\">Bibles for closed countries\n<\/h2>\t\t\t\t<\/div>\n\t\t\t\t<div class=\"elementor-element elementor-element-23edab2 elementor-widget elementor-widget-text-editor\" data-id=\"23edab2\" data-element_type=\"widget\" data-e-type=\"widget\" data-widget_type=\"text-editor.default\">\n\t\t\t\t\t\t\t\t\t<p><span style=\"font-weight: 400;\">The need for Bibles in countries where the Bible is a forbidden book is immense.\nThousands of people come to faith every week simply by reading the Bible.\nAnd even those who have already come to faith need the Bible to stay on the right path,\nto be protected from many false teachings, and to ultimately reach the Kingdom of Heaven. <\/span><\/p>\t\t\t\t\t\t\t\t<\/div>\n\t\t\t\t\t<\/div>\n\t\t\t\t<\/div>\n\t\t<div class=\"elementor-element elementor-element-31b6fe63 e-flex e-con-boxed e-con e-parent\" data-id=\"31b6fe63\" data-element_type=\"container\" data-e-type=\"container\">\n\t\t\t\t\t<div class=\"e-con-inner\">\n\t\t<div class=\"elementor-element elementor-element-4f065d50 e-con-full e-flex e-con e-child\" data-id=\"4f065d50\" data-element_type=\"container\" data-e-type=\"container\">\n\t\t<div class=\"elementor-element elementor-element-463ea436 e-con-full e-flex e-con e-child\" data-id=\"463ea436\" data-element_type=\"container\" data-e-type=\"container\">\n\t\t\t\t<div class=\"elementor-element elementor-element-3b72b74f elementor-widget elementor-widget-text-editor\" data-id=\"3b72b74f\" data-element_type=\"widget\" data-e-type=\"widget\" data-widget_type=\"text-editor.default\">\n\t\t\t\t\t\t\t\t\t<p><strong>Bibles<\/strong> Large quantities are transported across dangerous borders every day, yet the need is far greater.\nMany of those working in this ministry feel very alone and overwhelmed by the enormity of the challenge.\nThey want to do more, but there are not enough people to help, to pray, and to financially support this vital work.<\/p><p><strong>By networking globally<\/strong> Christians can completely change the situation.\nAll it takes are people willing to travel as tourists to a closed country and carry a batch of Bibles across the border in their luggage.\nA small effort, but an immense blessing for our brothers and sisters on the other side of the border.\nThe joy is boundless when someone receives their own Bible and can secretly read it.<\/p><p>Through networking, we can also support those who take action through prayer.\nEvery prayer partner receives a text message notifying them when a batch of Bibles is crossing a dangerous border.\nThis way, we can be part of the adventure and support in prayer those who take a step of faith and move forward courageously.<\/p>\t\t\t\t\t\t\t\t<\/div>\n\t\t\t\t<\/div>\n\t\t<div class=\"elementor-element elementor-element-52155e02 e-con-full e-flex e-con e-child\" data-id=\"52155e02\" data-element_type=\"container\" data-e-type=\"container\">\n\t\t\t\t<div class=\"elementor-element elementor-element-74e5ed1e elementor-widget elementor-widget-image\" data-id=\"74e5ed1e\" data-element_type=\"widget\" data-e-type=\"widget\" data-widget_type=\"image.default\">\n\t\t\t\t\t\t\t\t\t\t\t\t\t\t\t<img fetchpriority=\"high\" decoding=\"async\" width=\"361\" height=\"289\" src=\"https:\/\/finmission.fi\/wp-content\/uploads\/2025\/10\/pray.png\" class=\"attachment-large size-large wp-image-662\" alt=\"\" srcset=\"https:\/\/finmission.fi\/wp-content\/uploads\/2025\/10\/pray.png 361w, https:\/\/finmission.fi\/wp-content\/uploads\/2025\/10\/pray-300x240.png 300w, https:\/\/finmission.fi\/wp-content\/uploads\/2025\/10\/pray-15x12.png 15w\" sizes=\"(max-width: 361px) 100vw, 361px\" \/>\t\t\t\t\t\t\t\t\t\t\t\t\t\t\t<\/div>\n\t\t\t\t<\/div>\n\t\t\t\t<\/div>\n\t\t\t\t\t<\/div>\n\t\t\t\t<\/div>\n\t\t<div class=\"elementor-element elementor-element-29645ed4 elementor-hidden-desktop elementor-hidden-tablet elementor-hidden-mobile e-flex e-con-boxed e-con e-parent\" data-id=\"29645ed4\" data-element_type=\"container\" data-e-type=\"container\">\n\t\t\t\t\t<div class=\"e-con-inner\">\n\t\t<div class=\"elementor-element elementor-element-fd38763 e-con-full e-flex e-con e-child\" data-id=\"fd38763\" data-element_type=\"container\" data-e-type=\"container\">\n\t\t<div class=\"elementor-element elementor-element-1f75aafc e-con-full e-flex e-con e-child\" data-id=\"1f75aafc\" data-element_type=\"container\" data-e-type=\"container\">\n\t\t\t\t<div class=\"elementor-element elementor-element-45f1b3ba elementor-widget elementor-widget-image\" data-id=\"45f1b3ba\" data-element_type=\"widget\" data-e-type=\"widget\" data-widget_type=\"image.default\">\n\t\t\t\t\t\t\t\t\t\t\t\t\t\t\t<img decoding=\"async\" width=\"647\" height=\"480\" src=\"https:\/\/finmission.fi\/wp-content\/uploads\/2025\/10\/group.jpg\" class=\"attachment-large size-large wp-image-649\" alt=\"\" srcset=\"https:\/\/finmission.fi\/wp-content\/uploads\/2025\/10\/group.jpg 647w, https:\/\/finmission.fi\/wp-content\/uploads\/2025\/10\/group-300x223.jpg 300w, https:\/\/finmission.fi\/wp-content\/uploads\/2025\/10\/group-16x12.jpg 16w\" sizes=\"(max-width: 647px) 100vw, 647px\" \/>\t\t\t\t\t\t\t\t\t\t\t\t\t\t\t<\/div>\n\t\t\t\t<\/div>\n\t\t<div class=\"elementor-element elementor-element-53f0fe27 e-con-full e-flex e-con e-child\" data-id=\"53f0fe27\" data-element_type=\"container\" data-e-type=\"container\">\n\t\t\t\t<div class=\"elementor-element elementor-element-5f868fb4 elementor-widget elementor-widget-text-editor\" data-id=\"5f868fb4\" data-element_type=\"widget\" data-e-type=\"widget\" data-widget_type=\"text-editor.default\">\n\t\t\t\t\t\t\t\t\t<p>Through networking, we can also support those who take action through prayer.\nEvery prayer partner receives a text message notifying them when a batch of Bibles is crossing a dangerous border.\nThis way, we can be part of the adventure and support in prayer those who take a step of faith and move forward courageously.<\/p>\t\t\t\t\t\t\t\t<\/div>\n\t\t\t\t<\/div>\n\t\t\t\t<\/div>\n\t\t\t\t\t<\/div>\n\t\t\t\t<\/div>\n\t\t\t\t<\/div>","protected":false},"excerpt":{"rendered":"<p>FIN-MISSIO Raamattuja suljettuihin maihin Raamattujen tarve maissa, joissa Raamattu on kielletty kirja, on valtava. Tuhansia ihmisi\u00e4 tulee viikoittain uskoon vain lukemalla Raamattua. Ja nekin, jotka ovat jo tulleet uskoon, tarvitsevat Raamattua pysy\u00e4kseen oikealla tiell\u00e4, varjeltuakseen monilta harhaopeilta ja p\u00e4\u00e4st\u00e4kseen perille taivasten valtakuntaan. Raamattuja vied\u00e4\u00e4n joka p\u00e4iv\u00e4 suuret m\u00e4\u00e4r\u00e4t vaarallisten rajojen yli, mutta siit\u00e4 huolimatta tarve [&hellip;]<\/p>","protected":false},"author":1,"featured_media":630,"parent":0,"menu_order":0,"comment_status":"closed","ping_status":"closed","template":"","meta":{"footnotes":""},"categories":[21,20],"tags":[22],"class_list":["post-415","page","type-page","status-publish","has-post-thumbnail","hentry","category-etusivu","category-tue","tag-rukous"],"_links":{"self":[{"href":"https:\/\/finmission.fi\/en\/wp-json\/wp\/v2\/pages\/415","targetHints":{"allow":["GET"]}}],"collection":[{"href":"https:\/\/finmission.fi\/en\/wp-json\/wp\/v2\/pages"}],"about":[{"href":"https:\/\/finmission.fi\/en\/wp-json\/wp\/v2\/types\/page"}],"author":[{"embeddable":true,"href":"https:\/\/finmission.fi\/en\/wp-json\/wp\/v2\/users\/1"}],"replies":[{"embeddable":true,"href":"https:\/\/finmission.fi\/en\/wp-json\/wp\/v2\/comments?post=415"}],"version-history":[{"count":10,"href":"https:\/\/finmission.fi\/en\/wp-json\/wp\/v2\/pages\/415\/revisions"}],"predecessor-version":[{"id":772,"href":"https:\/\/finmission.fi\/en\/wp-json\/wp\/v2\/pages\/415\/revisions\/772"}],"wp:featuredmedia":[{"embeddable":true,"href":"https:\/\/finmission.fi\/en\/wp-json\/wp\/v2\/media\/630"}],"wp:attachment":[{"href":"https:\/\/finmission.fi\/en\/wp-json\/wp\/v2\/media?parent=415"}],"wp:term":[{"taxonomy":"category","embeddable":true,"href":"https:\/\/finmission.fi\/en\/wp-json\/wp\/v2\/categories?post=415"},{"taxonomy":"post_tag","embeddable":true,"href":"https:\/\/finmission.fi\/en\/wp-json\/wp\/v2\/tags?post=415"}],"curies":[{"name":"wp","href":"https:\/\/api.w.org\/{rel}","templated":true}]}}